{"id":14413,"date":"2022-09-09T00:44:05","date_gmt":"2022-09-09T04:44:05","guid":{"rendered":"https:\/\/www.dadco.net\/productos\/componentes-de-los-sistemas-intercontectados\/"},"modified":"2026-03-23T13:00:35","modified_gmt":"2026-03-23T17:00:35","slug":"componentes-de-los-sistemas-intercontectados","status":"publish","type":"page","link":"https:\/\/www.dadco.net\/es\/productos\/componentes-de-los-sistemas-intercontectados\/","title":{"rendered":"Componentes de los sistemas intercontectados"},"content":{"rendered":"<section class=\"l-section wpb_row height_auto\"><div class=\"l-section-h i-cf\"><div class=\"g-cols vc_row via_flex valign_top type_default stacking_default\"><div class=\"vc_col-sm-12 wpb_column vc_column_container\"><div class=\"vc_column-inner\"><div class=\"wpb_wrapper\"><div class=\"w-tabs style_default switch_click accordion\"><div class=\"w-tabs-sections titles-align_none icon_chevron cpos_right\"><div class=\"w-tabs-section active\" id=\"af62\"><button class=\"w-tabs-section-header active\" aria-controls=\"content-af62\" aria-expanded=\"true\"><h2 class=\"w-tabs-section-title\">Componentes de los sistemas intercontectados<\/h2><div class=\"w-tabs-section-control\"><\/div><\/button><div  class=\"w-tabs-section-content\" id=\"content-af62\"><div class=\"w-tabs-section-content-h i-cf\"><div class=\"g-cols wpb_row via_flex valign_top type_default stacking_default\"><div class=\"vc_col-sm-12 wpb_column vc_column_container\"><div class=\"vc_column-inner\"><div class=\"wpb_wrapper\"><div class=\"wpb_text_column\"><div class=\"wpb_wrapper\"><p><img loading=\"lazy\" decoding=\"async\" class=\"size-full wp-image-2371 alignright\" src=\"https:\/\/www.dadco.net\/wp-content\/uploads\/2013\/02\/linking_group1.jpg\" alt=\"\" width=\"157\" height=\"170\"><\/p>\n<h3>Componentes de los sistemas interconectados de resortes de nitr\u00f3geno<\/h3>\n<p>Puede crear un sistema interconectado de resortes de nitr\u00f3geno utilizando los diversos tipos de accesorios, mangueras, paneles de control y componentes especiales ofrecidos por DADCO. El cat\u00e1logo de componentes del sistema interconectado facilita la configuraci\u00f3n de un sistema de tuber\u00edas ideal para todo tipo de aplicaciones. Para ayudar a\u00fan m\u00e1s en el dise\u00f1o del sistema interconectado utilice <a title=\"La Calculadora de Fuerza de DADCO\" href=\"https:\/\/www.dadco.net\/es\/calculadoras-de-diseno\/\">la Calculadora de Fuerza de DADCO<\/a> para determinar la fuerza de su sistema y el aumento de la presi\u00f3n.<\/p>\n<\/div><\/div><div class=\"w-btn-wrapper align_none\"><a class=\"w-btn us-btn-style_1 icon_atleft\" target=\"_blank\" rel=\"nofollow\" href=\"https:\/\/www.dadco.net\/CDS\/catalog-en\/?page=search&amp;cid=nit_gas_spr_link_sys_comp\"><i class=\"fas fa-list\"><\/i><span class=\"w-btn-label\">Cat\u00e1logo en l\u00ednea<\/span><\/a><\/div><div class=\"w-btn-wrapper align_none\"><a class=\"w-btn us-btn-style_1 icon_atleft\" target=\"_blank\" href=\"https:\/\/www.dadco.net\/wp-content\/uploads\/2023\/06\/span_linking_catalog.pdf\"><i class=\"fas fa-print\"><\/i><span class=\"w-btn-label\">PDF para imprimir<\/span><\/a><\/div><\/div><\/div><\/div><\/div><div class=\"g-cols wpb_row via_flex valign_top type_default stacking_default\"><div class=\"vc_col-sm-12 wpb_column vc_column_container\"><div class=\"vc_column-inner\"><div class=\"wpb_wrapper\"><div class=\"wpb_text_column\"><div class=\"wpb_wrapper\"><p><img loading=\"lazy\" decoding=\"async\" class=\"size-full wp-image-458 alignright\" src=\"https:\/\/www.dadco.net\/wp-content\/uploads\/2013\/02\/sms_photo.jpg\" alt=\"\" width=\"157\" height=\"170\"><\/p>\n<h3>SMS y SMS-i<\/h3>\n<p>Los sistemas de montaje para resortes de nitr\u00f3geno interconectados est\u00e1n disponibles como una alternativa a los sistemas de distribuci\u00f3n manifold: Sistema modular de montaje (SMS<sup>\u00ae<\/sup>) y Sistema de Modular de Montaje \u2013 Interno (SMS-i <sup>\u00ae<\/sup>). Ambos sistemas son rentables, m\u00e1s ligero y m\u00e1s f\u00e1cil de manejar y almacenar que los sistemas de distribuci\u00f3n comparables. Cada SMS<sup>\u00ae<\/sup> y SMS-i<sup>\u00ae<\/sup> est\u00e1 construido seg\u00fan las especificaciones de cada cliente y m\u00e1s tarde se prueban y env\u00edan libres de fugas, listos para instalar.<\/p>\n<\/div><\/div><div class=\"w-btn-wrapper align_none\"><a class=\"w-btn us-btn-style_1 icon_atleft\" target=\"_blank\" href=\"https:\/\/www.dadco.net\/wp-content\/uploads\/2023\/06\/span_sms_smsi_catalog.pdf\"><i class=\"fas fa-print\"><\/i><span class=\"w-btn-label\">PDF para imprimir<\/span><\/a><\/div><\/div><\/div><\/div><\/div><div class=\"g-cols wpb_row via_flex valign_top type_default stacking_default\"><div class=\"vc_col-sm-12 wpb_column vc_column_container\"><div class=\"vc_column-inner\"><div class=\"wpb_wrapper\"><div class=\"wpb_text_column\"><div class=\"wpb_wrapper\"><h3>Sistema amplificador de nitr\u00f3geno<\/h3>\n<p><img loading=\"lazy\" decoding=\"async\" class=\"wp-image-33819 alignright\" src=\"https:\/\/www.dadco.net\/wp-content\/uploads\/2026\/03\/dgb160image-225x300.gif\" alt=\"\" width=\"210\" height=\"280\" srcset=\"https:\/\/www.dadco.net\/wp-content\/uploads\/2026\/03\/dgb160image-225x300.gif 225w, https:\/\/www.dadco.net\/wp-content\/uploads\/2026\/03\/dgb160image-768x1024.gif 768w\" sizes=\"auto, (max-width: 210px) 100vw, 210px\" \/>El nuevo multiplicador de nitr\u00f3geno (Booster) DGB.160 de DADCO es una soluci\u00f3n liviana y econ\u00f3mica para prolongar la vida \u00fatil de los tanques de suministro de nitr\u00f3geno. Con el DGB.160, los tanques de baja presi\u00f3n pueden elevarse a una presi\u00f3n mayor adecuada para la carga de resortes.<br \/>\nLa combinaci\u00f3n del DGB.160 con un tanque de expansi\u00f3n DADCO, creando un tanque auxiliar, permite mejorar la portabilidad del equipo de carga de nitr\u00f3geno.<\/p>\n<\/div><\/div><div class=\"w-btn-wrapper align_none\"><a class=\"w-btn us-btn-style_1 icon_atleft\" target=\"_blank\" rel=\"nofollow\" href=\"https:\/\/www.dadco.net\/wp-content\/uploads\/2025\/12\/Spanish-DGB.160-Bulletin.pdf\"><i class=\"fas fa-print\"><\/i><span class=\"w-btn-label\">PDF para imprimir<\/span><\/a><\/div><\/div><\/div><\/div><\/div><\/div><\/div><\/div><\/div><\/div><\/div><\/div><\/div><\/div><\/div><\/section>\n","protected":false},"excerpt":{"rendered":"Componentes de los sistemas intercontectados Componentes de los sistemas interconectados de resortes de nitr\u00f3geno Puede crear un sistema interconectado de resortes de nitr\u00f3geno utilizando los diversos tipos de accesorios, mangueras, paneles de control y componentes especiales ofrecidos por DADCO. El cat\u00e1logo de componentes del sistema interconectado facilita la configuraci\u00f3n de un sistema de tuber\u00edas ideal...","protected":false},"author":1,"featured_media":0,"parent":14306,"menu_order":2,"comment_status":"closed","ping_status":"closed","template":"","meta":{"footnotes":""},"class_list":["post-14413","page","type-page","status-publish","hentry"],"acf":[],"_links":{"self":[{"href":"https:\/\/www.dadco.net\/es\/wp-json\/wp\/v2\/pages\/14413","targetHints":{"allow":["GET"]}}],"collection":[{"href":"https:\/\/www.dadco.net\/es\/wp-json\/wp\/v2\/pages"}],"about":[{"href":"https:\/\/www.dadco.net\/es\/wp-json\/wp\/v2\/types\/page"}],"author":[{"embeddable":true,"href":"https:\/\/www.dadco.net\/es\/wp-json\/wp\/v2\/users\/1"}],"replies":[{"embeddable":true,"href":"https:\/\/www.dadco.net\/es\/wp-json\/wp\/v2\/comments?post=14413"}],"version-history":[{"count":11,"href":"https:\/\/www.dadco.net\/es\/wp-json\/wp\/v2\/pages\/14413\/revisions"}],"predecessor-version":[{"id":33841,"href":"https:\/\/www.dadco.net\/es\/wp-json\/wp\/v2\/pages\/14413\/revisions\/33841"}],"up":[{"embeddable":true,"href":"https:\/\/www.dadco.net\/es\/wp-json\/wp\/v2\/pages\/14306"}],"wp:attachment":[{"href":"https:\/\/www.dadco.net\/es\/wp-json\/wp\/v2\/media?parent=14413"}],"curies":[{"name":"wp","href":"https:\/\/api.w.org\/{rel}","templated":true}]}}