{"id":14264,"date":"2022-09-01T15:01:50","date_gmt":"2022-09-01T19:01:50","guid":{"rendered":"https:\/\/www.dadco.net\/dadmex\/"},"modified":"2024-11-01T09:42:55","modified_gmt":"2024-11-01T13:42:55","slug":"dadmex","status":"publish","type":"page","link":"https:\/\/www.dadco.net\/es\/","title":{"rendered":"DADMEX"},"content":{"rendered":"<section class=\"l-section wpb_row large-text height_medium\"><div class=\"l-section-h i-cf\"><div class=\"g-cols vc_row via_flex valign_top type_default stacking_default\"><div class=\"vc_col-sm-12 wpb_column vc_column_container\"><div class=\"vc_column-inner\"><div class=\"wpb_wrapper\"><div class=\"wpb_text_column\"><div class=\"wpb_wrapper\"><h2 style=\"text-align: center;\">El l\u00edder de la industria<\/h2>\n<p style=\"text-align: center;\">Como proveedor l\u00edder de componentes de resortes de gas nitr\u00f3geno para la industria del conformado de metales, los productos DADCO forman parte integral de las herramientas de prensado de m\u00e1xima calidad.<br \/>\nDADCO utiliza recursos de alta calidad y equipos tecnol\u00f3gicamente avanzados para dise\u00f1ar, desarrollar y fabricar l\u00edneas completas de resortes de gas nitr\u00f3geno, elevadores de resortes de gas nitr\u00f3geno, cilindros de aire ISO, juegos de retenedores gu\u00eda y productos especiales para las aplicaciones m\u00e1s exigentes. <\/p>\n<\/div><\/div><\/div><\/div><\/div><\/div><\/div><\/section><section class=\"l-section wpb_row featured height_medium\"><div class=\"l-section-h i-cf\"><div class=\"g-cols vc_row via_flex valign_top type_default stacking_default\"><div class=\"vc_col-sm-12 vc_col-md-4 wpb_column vc_column_container\"><div class=\"vc_column-inner\"><div class=\"wpb_wrapper\"><div class=\"w-iconbox iconpos_top style_default color_primary align_center\"><a title=\"Solicite una cotizaci\u00f3n\" href=\"https:\/\/www.dadco.net\/contact\/request-a-quote\/\" class=\"w-iconbox-link\" aria-label=\"Solicite una cotizaci\u00f3n\"><div class=\"w-iconbox-icon\" style=\"font-size:9rem;\"><i class=\"fal fa-file-signature\"><\/i><\/div><\/a><div class=\"w-iconbox-meta\"><a title=\"Solicite una cotizaci\u00f3n\" href=\"https:\/\/www.dadco.net\/contact\/request-a-quote\/\" class=\"w-iconbox-link\" aria-label=\"Solicite una cotizaci\u00f3n\"><h3 class=\"w-iconbox-title\">Solicite una cotizaci\u00f3n<\/h3><\/a><div class=\"w-iconbox-text\"><p>DADCO se compromete a hacer todo lo necesario para satisfacer a nuestros clientes. \u00a1Solicite una cotizaci\u00f3n ahora!<\/p>\n<\/div><\/div><\/div><\/div><\/div><\/div><div class=\"vc_col-sm-12 vc_col-md-4 wpb_column vc_column_container\"><div class=\"vc_column-inner\"><div class=\"wpb_wrapper\"><div class=\"wpb_text_column\"><div class=\"wpb_wrapper\"><h3 style=\"text-align: center;\">Productos destacados<\/h3>\n<\/div><\/div><div class=\"w-grid home-slider type_carousel layout_22532\" id=\"us_grid_1\" style=\"--gap:1.5rem;\"><style>.layout_22532 .w-grid-item-h{}<\/style><div class=\"w-grid-list owl-carousel navstyle_2 navpos_inside\" style=\"--arrows-size:1rem;\">\t<article class=\"w-grid-item custom-link post-33364 post type-post status-publish format-standard has-post-thumbnail hentry category-home-page-slider-es\" data-id=\"33364\">\r\n\t\t<div class=\"w-grid-item-h\">\r\n\t\t\t\t\t\t\t<a href=\"https:\/\/www.dadco.net\/wp-content\/uploads\/2025\/09\/Millutensil-Announcement_picture-002.jpg\" class=\"w-grid-item-anchor\" aria-label=\"Millutensil Innovation &#8211; New and Exclusive Italian Distributor\"><\/a>\r\n\t\t\t\t\t\t<div class=\"w-post-elm post_image usg_post_image_1\"><img loading=\"lazy\" decoding=\"async\" width=\"1800\" height=\"1200\" src=\"https:\/\/www.dadco.net\/wp-content\/uploads\/2025\/09\/Millutensil-Announcement_picture-002.jpg\" class=\"attachment-full size-full wp-post-image\" alt=\"\" srcset=\"https:\/\/www.dadco.net\/wp-content\/uploads\/2025\/09\/Millutensil-Announcement_picture-002.jpg 1800w, https:\/\/www.dadco.net\/wp-content\/uploads\/2025\/09\/Millutensil-Announcement_picture-002-300x200.jpg 300w, https:\/\/www.dadco.net\/wp-content\/uploads\/2025\/09\/Millutensil-Announcement_picture-002-1024x683.jpg 1024w\" sizes=\"auto, (max-width: 1800px) 100vw, 1800px\" \/><\/div><h4 class=\"w-post-elm post_title usg_post_title_1 entry-title color_link_inherit\">Millutensil Innovation &#8211; New and Exclusive Italian Distributor<\/h4>\t\t<\/div>\r\n\t<\/article>\r\n\t<article class=\"w-grid-item custom-link post-23686 post type-post status-publish format-standard has-post-thumbnail hentry category-home-page-slider-es\" data-id=\"23686\">\r\n\t\t<div class=\"w-grid-item-h\">\r\n\t\t\t\t\t\t\t<a href=\"https:\/\/www.dadco.net\/wp-content\/uploads\/2023\/06\/drs_catalog.pdf\" class=\"w-grid-item-anchor\" aria-label=\"Delay Return System\"><\/a>\r\n\t\t\t\t\t\t<div class=\"w-post-elm post_image usg_post_image_1\"><img loading=\"lazy\" decoding=\"async\" width=\"350\" height=\"258\" src=\"https:\/\/www.dadco.net\/wp-content\/uploads\/2024\/03\/Delayed-Return-System-no-background-2.jpg\" class=\"attachment-full size-full wp-post-image\" alt=\"\" srcset=\"https:\/\/www.dadco.net\/wp-content\/uploads\/2024\/03\/Delayed-Return-System-no-background-2.jpg 350w, https:\/\/www.dadco.net\/wp-content\/uploads\/2024\/03\/Delayed-Return-System-no-background-2-300x221.jpg 300w\" sizes=\"auto, (max-width: 350px) 100vw, 350px\" \/><\/div><h4 class=\"w-post-elm post_title usg_post_title_1 entry-title color_link_inherit\">Delay Return System<\/h4>\t\t<\/div>\r\n\t<\/article>\r\n\t<article class=\"w-grid-item custom-link post-30976 post type-post status-publish format-standard has-post-thumbnail hentry category-home-page-slider-es\" data-id=\"30976\">\r\n\t\t<div class=\"w-grid-item-h\">\r\n\t\t\t\t\t\t\t<a href=\"https:\/\/www.dadco.net\/wp-content\/uploads\/2024\/02\/B24114_Spanish-Cam-Cinch-lock.pdf\" class=\"w-grid-item-anchor\" aria-label=\"Montaje de ajuste con cincho\"><\/a>\r\n\t\t\t\t\t\t<div class=\"w-post-elm post_image usg_post_image_1\"><img loading=\"lazy\" decoding=\"async\" width=\"400\" height=\"267\" src=\"https:\/\/www.dadco.net\/wp-content\/uploads\/2024\/01\/ccmA.png\" class=\"attachment-full size-full wp-post-image\" alt=\"\" \/><\/div><h4 class=\"w-post-elm post_title usg_post_title_1 entry-title color_link_inherit\">Montaje de ajuste con cincho<\/h4>\t\t<\/div>\r\n\t<\/article>\r\n\t<article class=\"w-grid-item custom-link post-23688 post type-post status-publish format-standard has-post-thumbnail hentry category-home-page-slider-es\" data-id=\"23688\">\r\n\t\t<div class=\"w-grid-item-h\">\r\n\t\t\t\t\t\t\t<a href=\"https:\/\/www.dadco.net\/wp-content\/uploads\/2024\/03\/Spanish_WKP-Bulletin.pdf\" class=\"w-grid-item-anchor\" aria-label=\"Presostato electr\u00f3nico WKP\"><\/a>\r\n\t\t\t\t\t\t<div class=\"w-post-elm post_image usg_post_image_1\"><img loading=\"lazy\" decoding=\"async\" width=\"168\" height=\"214\" src=\"https:\/\/www.dadco.net\/wp-content\/uploads\/2024\/04\/WKP-Potential-e1712606331817.png\" class=\"attachment-full size-full wp-post-image\" alt=\"\" \/><\/div><h4 class=\"w-post-elm post_title usg_post_title_1 entry-title color_link_inherit\">Presostato electr\u00f3nico WKP<\/h4>\t\t<\/div>\r\n\t<\/article>\r\n\t<article class=\"w-grid-item custom-link post-23684 post type-post status-publish format-standard has-post-thumbnail hentry category-home-page-slider-es\" data-id=\"23684\">\r\n\t\t<div class=\"w-grid-item-h\">\r\n\t\t\t\t\t\t\t<a href=\"- https:\/\/www.dadco.net\/wp-content\/uploads\/2023\/08\/C18104A-Spanish-GRS.pdf\" class=\"w-grid-item-anchor\" aria-label=\"Guide Retainer Sets: GRS and GRS.HD Series\"><\/a>\r\n\t\t\t\t\t\t<div class=\"w-post-elm post_image usg_post_image_1\"><img loading=\"lazy\" decoding=\"async\" width=\"363\" height=\"225\" src=\"https:\/\/www.dadco.net\/wp-content\/uploads\/2023\/09\/grs_new-group-photo_2018.png\" class=\"attachment-full size-full wp-post-image\" alt=\"\" srcset=\"https:\/\/www.dadco.net\/wp-content\/uploads\/2023\/09\/grs_new-group-photo_2018.png 363w, https:\/\/www.dadco.net\/wp-content\/uploads\/2023\/09\/grs_new-group-photo_2018-300x186.png 300w\" sizes=\"auto, (max-width: 363px) 100vw, 363px\" \/><\/div><h4 class=\"w-post-elm post_title usg_post_title_1 entry-title color_link_inherit\">Guide Retainer Sets: GRS and GRS.HD Series<\/h4>\t\t<\/div>\r\n\t<\/article>\r\n\t<article class=\"w-grid-item custom-link post-25007 post type-post status-publish format-standard has-post-thumbnail hentry category-home-page-slider-es\" data-id=\"25007\">\r\n\t\t<div class=\"w-grid-item-h\">\r\n\t\t\t\t\t\t\t<a href=\"- https:\/\/www.dadco.net\/wp-content\/uploads\/2023\/10\/Spanish-C.070-Threaded-Body.pdf\" class=\"w-grid-item-anchor\" aria-label=\"C.070 Cuerpo roscado\"><\/a>\r\n\t\t\t\t\t\t<div class=\"w-post-elm post_image usg_post_image_1\"><img loading=\"lazy\" decoding=\"async\" width=\"147\" height=\"230\" src=\"https:\/\/www.dadco.net\/wp-content\/uploads\/2023\/09\/C.070-3-1.png\" class=\"attachment-full size-full wp-post-image\" alt=\"\" \/><\/div><h4 class=\"w-post-elm post_title usg_post_title_1 entry-title color_link_inherit\">C.070 Cuerpo roscado<\/h4>\t\t<\/div>\r\n\t<\/article>\r\n\t<article class=\"w-grid-item custom-link post-25003 post type-post status-publish format-standard has-post-thumbnail hentry category-home-page-slider-es\" data-id=\"25003\">\r\n\t\t<div class=\"w-grid-item-h\">\r\n\t\t\t\t\t\t\t<a href=\"https:\/\/www.dadco.net\/wp-content\/uploads\/2023\/11\/B23126-Spanish-GRS.25.HD_.pdf\" class=\"w-grid-item-anchor\" aria-label=\"GRS.25.HD\"><\/a>\r\n\t\t\t\t\t\t<div class=\"w-post-elm post_image usg_post_image_1\"><img loading=\"lazy\" decoding=\"async\" width=\"234\" height=\"228\" src=\"https:\/\/www.dadco.net\/wp-content\/uploads\/2023\/09\/GRS.25.HD123.png\" class=\"attachment-full size-full wp-post-image\" alt=\"\" \/><\/div><h4 class=\"w-post-elm post_title usg_post_title_1 entry-title color_link_inherit\">GRS.25.HD<\/h4>\t\t<\/div>\r\n\t<\/article>\r\n<\/div>\t<div class=\"g-preloader type_1\">\r\n\t\t<div><\/div>\r\n\t<\/div>\r\n\t\t<div class=\"w-grid-json hidden\" onclick='return {&quot;action&quot;:&quot;us_ajax_grid&quot;,&quot;ajax_url&quot;:&quot;https:\\\/\\\/www.dadco.net\\\/wp-admin\\\/admin-ajax.php&quot;,&quot;infinite_scroll&quot;:0,&quot;max_num_pages&quot;:1,&quot;pagination&quot;:&quot;none&quot;,&quot;template_vars&quot;:{&quot;columns&quot;:&quot;1&quot;,&quot;exclude_items&quot;:&quot;none&quot;,&quot;img_size&quot;:&quot;default&quot;,&quot;ignore_items_size&quot;:0,&quot;items_layout&quot;:&quot;22532&quot;,&quot;items_offset&quot;:&quot;1&quot;,&quot;load_animation&quot;:&quot;none&quot;,&quot;overriding_link&quot;:&quot;%7B%22type%22%3A%22post%22%7D&quot;,&quot;post_id&quot;:0,&quot;query_args&quot;:{&quot;post_type&quot;:[&quot;post&quot;],&quot;tax_query&quot;:[{&quot;taxonomy&quot;:&quot;category&quot;,&quot;field&quot;:&quot;slug&quot;,&quot;terms&quot;:[&quot;home-page-slider&quot;]}],&quot;post_status&quot;:[&quot;publish&quot;,&quot;acf-disabled&quot;],&quot;posts_per_page&quot;:&quot;10&quot;},&quot;orderby_query_args&quot;:{&quot;orderby&quot;:{&quot;modified&quot;:&quot;DESC&quot;,&quot;date&quot;:&quot;DESC&quot;}},&quot;type&quot;:&quot;carousel&quot;,&quot;us_grid_ajax_index&quot;:1,&quot;us_grid_filter_params&quot;:[],&quot;us_grid_index&quot;:1,&quot;_us_grid_post_type&quot;:&quot;post&quot;,&quot;page_args&quot;:[],&quot;lang&quot;:&quot;es&quot;},&quot;carousel_settings&quot;:{&quot;autoHeight&quot;:0,&quot;autoplay&quot;:1,&quot;carousel_fade&quot;:0,&quot;center&quot;:0,&quot;dots&quot;:0,&quot;items&quot;:&quot;1&quot;,&quot;loop&quot;:true,&quot;nav&quot;:1,&quot;slideby&quot;:&quot;1&quot;,&quot;smooth_play&quot;:0,&quot;speed&quot;:250,&quot;timeout&quot;:5000,&quot;transition&quot;:&quot;&quot;,&quot;aria_labels&quot;:{&quot;prev&quot;:&quot;Anterior&quot;,&quot;next&quot;:&quot;Siguiente&quot;}},&quot;carousel_breakpoints&quot;:{&quot;0&quot;:{&quot;autoHeight&quot;:0,&quot;autoplay&quot;:1,&quot;autoplayHoverPause&quot;:1,&quot;items&quot;:1,&quot;loop&quot;:true,&quot;stagePadding&quot;:0},&quot;601&quot;:{&quot;autoHeight&quot;:0,&quot;autoplay&quot;:1,&quot;autoplayHoverPause&quot;:1,&quot;items&quot;:1,&quot;loop&quot;:true,&quot;stagePadding&quot;:0},&quot;1025&quot;:{&quot;autoHeight&quot;:0,&quot;autoplay&quot;:1,&quot;autoplayHoverPause&quot;:1,&quot;items&quot;:1,&quot;loop&quot;:true,&quot;stagePadding&quot;:0},&quot;1281&quot;:{&quot;items&quot;:1,&quot;stagePadding&quot;:0}}}'><\/div>\r\n\t<\/div><\/div><\/div><\/div><div class=\"vc_col-sm-12 vc_col-md-4 wpb_column vc_column_container\"><div class=\"vc_column-inner\"><div class=\"wpb_wrapper\"><div class=\"w-iconbox iconpos_top style_default color_primary align_center icontype_img\"><a target=\"_blank\" rel=\"nofollow\" href=\"http:\/\/publications.dadco.net\/publication\/?m=35270&amp;l=1\" class=\"w-iconbox-link\" aria-label=\"Mini Cat\u00e1logo\"><div class=\"w-iconbox-icon\" style=\"font-size:10rem;\"><img loading=\"lazy\" decoding=\"async\" width=\"922\" height=\"922\" src=\"https:\/\/www.dadco.net\/wp-content\/uploads\/2023\/04\/Mini-Book-Cover-2022.jpg\" class=\"attachment-full size-full\" alt=\"\" srcset=\"https:\/\/www.dadco.net\/wp-content\/uploads\/2023\/04\/Mini-Book-Cover-2022.jpg 922w, https:\/\/www.dadco.net\/wp-content\/uploads\/2023\/04\/Mini-Book-Cover-2022-300x300.jpg 300w, https:\/\/www.dadco.net\/wp-content\/uploads\/2023\/04\/Mini-Book-Cover-2022-150x150.jpg 150w\" sizes=\"auto, (max-width: 922px) 100vw, 922px\" \/><\/div><\/a><div class=\"w-iconbox-meta\"><a target=\"_blank\" rel=\"nofollow\" href=\"http:\/\/publications.dadco.net\/publication\/?m=35270&amp;l=1\" class=\"w-iconbox-link\" aria-label=\"Mini Cat\u00e1logo\"><h3 class=\"w-iconbox-title\">Mini Cat\u00e1logo<\/h3><\/a><div class=\"w-iconbox-text\"><p>Ya est\u00e1 disponible la nueva edici\u00f3n de nuestro popular minilibro. Descargar ahora <a href=\"http:\/\/publications.dadco.net\/publication\/?m=35270&amp;l=1\" target=\"_blank\" rel=\"noopener\">Digital Book<\/a> | <a href=\"https:\/\/itunes.apple.com\/us\/app\/dadco-mini-book\/id1011990771?ls=1&amp;mt=8http:\/\/\">Apple App<\/a> | <a href=\"https:\/\/play.google.com\/store\/apps\/details?id=com.DADCOMiniBook.DADCOMiniBook\">Android App<\/a><\/p>\n<\/div><\/div><\/div><\/div><\/div><\/div><\/div><\/div><\/section>\n","protected":false},"excerpt":{"rendered":"GRS.25.HD","protected":false},"author":1,"featured_media":14175,"parent":0,"menu_order":0,"comment_status":"closed","ping_status":"closed","template":"","meta":{"footnotes":""},"class_list":["post-14264","page","type-page","status-publish","has-post-thumbnail","hentry"],"acf":[],"_links":{"self":[{"href":"https:\/\/www.dadco.net\/es\/wp-json\/wp\/v2\/pages\/14264","targetHints":{"allow":["GET"]}}],"collection":[{"href":"https:\/\/www.dadco.net\/es\/wp-json\/wp\/v2\/pages"}],"about":[{"href":"https:\/\/www.dadco.net\/es\/wp-json\/wp\/v2\/types\/page"}],"author":[{"embeddable":true,"href":"https:\/\/www.dadco.net\/es\/wp-json\/wp\/v2\/users\/1"}],"replies":[{"embeddable":true,"href":"https:\/\/www.dadco.net\/es\/wp-json\/wp\/v2\/comments?post=14264"}],"version-history":[{"count":5,"href":"https:\/\/www.dadco.net\/es\/wp-json\/wp\/v2\/pages\/14264\/revisions"}],"predecessor-version":[{"id":32211,"href":"https:\/\/www.dadco.net\/es\/wp-json\/wp\/v2\/pages\/14264\/revisions\/32211"}],"wp:featuredmedia":[{"embeddable":true,"href":"https:\/\/www.dadco.net\/es\/wp-json\/wp\/v2\/media\/14175"}],"wp:attachment":[{"href":"https:\/\/www.dadco.net\/es\/wp-json\/wp\/v2\/media?parent=14264"}],"curies":[{"name":"wp","href":"https:\/\/api.w.org\/{rel}","templated":true}]}}