{"id":14242,"date":"2022-09-02T14:40:54","date_gmt":"2022-09-02T14:40:54","guid":{"rendered":"https:\/\/www.dadco.net\/quienes-somos\/noticias\/"},"modified":"2024-11-07T16:47:04","modified_gmt":"2024-11-07T21:47:04","slug":"noticias","status":"publish","type":"page","link":"https:\/\/www.dadco.net\/es\/quienes-somos\/noticias\/","title":{"rendered":"Noticias"},"content":{"rendered":"<section class=\"l-section wpb_row news height_auto\"><div class=\"l-section-h i-cf\"><div class=\"g-cols vc_row via_flex valign_top type_default stacking_default\"><div class=\"vc_col-sm-12 wpb_column vc_column_container\"><div class=\"vc_column-inner\"><div class=\"wpb_wrapper\"><div class=\"w-grid type_grid layout_14376 with_pagination\" id=\"us_grid_1\" style=\"--gap:1.5rem;\" data-filterable=\"true\"><style>.layout_14376 .w-grid-item-h{}<\/style><div class=\"w-grid-list\">\t<article class=\"w-grid-item size_1x1 post-33379 post type-post status-publish format-standard has-post-thumbnail hentry category-monthly-updates-es\" data-id=\"33379\">\r\n\t\t<div class=\"w-grid-item-h\">\r\n\t\t\t\t\t\t<div class=\"w-hwrapper usg_hwrapper_1 align_none valign_top\" style=\"--hwrapper-gap:2rem\"><div class=\"w-post-elm post_image usg_post_image_1\"><a href=\"https:\/\/www.dadco.net\/es\/blog\/2025\/09\/30\/october-2025\/\" aria-label=\"October 2025\"><img loading=\"lazy\" decoding=\"async\" width=\"1800\" height=\"1200\" src=\"https:\/\/www.dadco.net\/wp-content\/uploads\/2025\/09\/Millutensil-Announcement_picture-002.jpg\" class=\"attachment-full size-full wp-post-image\" alt=\"\" srcset=\"https:\/\/www.dadco.net\/wp-content\/uploads\/2025\/09\/Millutensil-Announcement_picture-002.jpg 1800w, https:\/\/www.dadco.net\/wp-content\/uploads\/2025\/09\/Millutensil-Announcement_picture-002-300x200.jpg 300w, https:\/\/www.dadco.net\/wp-content\/uploads\/2025\/09\/Millutensil-Announcement_picture-002-1024x683.jpg 1024w\" sizes=\"auto, (max-width: 1800px) 100vw, 1800px\" \/><\/a><\/div><div class=\"w-vwrapper usg_vwrapper_1 align_none valign_top\"><h3 class=\"w-post-elm post_title usg_post_title_2 entry-title color_link_inherit\"><a href=\"https:\/\/www.dadco.net\/es\/blog\/2025\/09\/30\/october-2025\/\">October 2025<\/a><\/h3><div class=\"w-post-elm post_content usg_post_content_1 without_sections with_collapsible_content\" data-content-height=\"200px\"><div><div class=\"wpb_text_column\"><div class=\"wpb_wrapper\"><h4>DADCO is thrilled to announce our new and exclusive distributor servicing Italy, Millutensil Innovation.<\/h4>\n<p>DADCO is thrilled to announce our new and exclusive distributor servicing Italy, Millutensil Innovation. Located in Izano, Millutensil is a dynamic company known for developing innovative and leading solutions for their customers. Millutensil is a world leader in the manufacture of die and mold spotting presses, die-splitters and machinery for sheet metal working. Additional product lines include industrial automation and metal working components. Millutensil is uniquely positioned to provide a superior level of technical service and support to DADCO customers in Italy. DADCO is proud to welcome Millutensil Innovation to our distributor family.<\/p>\n<div class=\"uncode_text_column\">\n<div class=\"uncode_text_column\">\n<p>Via delle Industrie, 10<\/p>\n<p>26010 Izano (CR) ITALY<\/p>\n<\/div>\n<div class=\"uncode_text_column\">\n<p><a href=\"mailto:info@millutensil.com\">info@millutensil.com<\/a><br \/>\nPhone +39 0373 789622<\/p>\n<\/div>\n<\/div>\n<\/div><\/div>\n<\/div><div class=\"toggle-links align_none\"><button class=\"collapsible-content-more\">Show More.<\/button><button class=\"collapsible-content-less\">Show Less.<\/button><\/div><\/div><\/div><\/div>\t\t<\/div>\r\n\t<\/article>\r\n\t<article class=\"w-grid-item size_1x1 post-22176 post type-post status-publish format-standard has-post-thumbnail hentry category-monthly-updates-es\" data-id=\"22176\">\r\n\t\t<div class=\"w-grid-item-h\">\r\n\t\t\t\t\t\t<div class=\"w-hwrapper usg_hwrapper_1 align_none valign_top\" style=\"--hwrapper-gap:2rem\"><div class=\"w-post-elm post_image usg_post_image_1\"><a href=\"https:\/\/www.dadco.net\/es\/blog\/2017\/05\/03\/septiembre-2017\/\" aria-label=\"Septiembre 2017\"><img loading=\"lazy\" decoding=\"async\" width=\"238\" height=\"77\" src=\"https:\/\/www.dadco.net\/wp-content\/uploads\/2017\/05\/DADCO-Japan_black_stacked.jpg\" class=\"attachment-full size-full wp-post-image\" alt=\"\" \/><\/a><\/div><div class=\"w-vwrapper usg_vwrapper_1 align_none valign_top\"><h3 class=\"w-post-elm post_title usg_post_title_2 entry-title color_link_inherit\"><a href=\"https:\/\/www.dadco.net\/es\/blog\/2017\/05\/03\/septiembre-2017\/\">Septiembre 2017<\/a><\/h3><div class=\"w-post-elm post_content usg_post_content_1 without_sections with_collapsible_content\" data-content-height=\"200px\"><div><div class=\"wpb_text_column\"><div class=\"wpb_wrapper\"><h4>DADCO Opens a New Office in Japan<\/h4>\n<p>DADCO is pleased to announce that we have opened a sales office in Japan. DADCO Japan, Inc. will fully support the Japanese market for all customer business for DADCO, Inc. The new location will start taking orders on September 21, 2017. Customer&#8217;s previously purchasing DADCO products through<br \/>\nDayton Progress Japan will now be able to purchase directly from<br \/>\nDADCO Japan.<\/p>\n<p>2370-7 Kamimizo Chuou-ku Sagamihara-shi Kanagawa-ken 252-0243 Japan<br \/>\n\u3012252-0243 \u795e\u5948\u5ddd\u770c\u76f8\u6a21\u539f\u5e02\u4e2d\u592e\u533a\u4e0a\u6e9d2370\u756a\u57307<br \/>\nE-mail: ds@dadco-japan.jp<\/p>\n<\/div><\/div>\n<\/div><div class=\"toggle-links align_none\"><button class=\"collapsible-content-more\">Show More.<\/button><button class=\"collapsible-content-less\">Show Less.<\/button><\/div><\/div><\/div><\/div>\t\t<\/div>\r\n\t<\/article>\r\n\t<article class=\"w-grid-item size_1x1 post-33223 post type-post status-publish format-standard has-post-thumbnail hentry category-monthly-updates-es\" data-id=\"33223\">\r\n\t\t<div class=\"w-grid-item-h\">\r\n\t\t\t\t\t\t<div class=\"w-hwrapper usg_hwrapper_1 align_none valign_top\" style=\"--hwrapper-gap:2rem\"><div class=\"w-post-elm post_image usg_post_image_1\"><a href=\"https:\/\/www.dadco.net\/es\/blog\/2015\/05\/03\/enero-2015\/\" aria-label=\"Enero 2015\"><img loading=\"lazy\" decoding=\"async\" width=\"157\" height=\"170\" src=\"https:\/\/www.dadco.net\/wp-content\/uploads\/2015\/05\/90.10DS.gif\" class=\"attachment-full size-full wp-post-image\" alt=\"\" \/><\/a><\/div><div class=\"w-vwrapper usg_vwrapper_1 align_none valign_top\"><h3 class=\"w-post-elm post_title usg_post_title_2 entry-title color_link_inherit\"><a href=\"https:\/\/www.dadco.net\/es\/blog\/2015\/05\/03\/enero-2015\/\">Enero 2015<\/a><\/h3><div class=\"w-post-elm post_content usg_post_content_1 without_sections with_collapsible_content\" data-content-height=\"200px\"><div><h4>Nuevos resortes de gas para almacenamiento de matrices de DADCO<\/h4>\n<p>La nueva serie 90.10 DS de DADCO est\u00e1 dise\u00f1ada con una tasa de retorno reducida, lo que la convierte en una opci\u00f3n ideal para el almacenamiento de matrices. Estos modelos sustituyen directamente a los componentes tradicionales de almacenamiento de matrices y no es necesario retirarlos de la matriz antes de instalarlos en la prensa. Disponibles en tres tama\u00f1os, los modelos 90.10DS.3000, 90.10DS.5000 y 90.10DS.7500 son directamente intercambiables con los modelos ISO 3000-7500. Solo una peque\u00f1a parte de la carrera total del 90.10 DS se activa durante cada ciclo. En comparaci\u00f3n con un resorte de gas est\u00e1ndar utilizado en aplicaciones de almacenamiento de troqueles, el 90.10 DS vuelve a una velocidad moderada, lo que en \u00faltima instancia se traduce en una temperatura de funcionamiento m\u00e1s baja, un menor desgaste de los componentes de la prensa y una larga vida \u00fatil del resorte. DADCO recomienda utilizar cilindros 90.10 DS en cada esquina de un troquel para lograr una distribuci\u00f3n y separaci\u00f3n equilibradas.     <\/p>\n<p>DADCO ofrece un bolet\u00edn a todo color de cuatro p\u00e1ginas en el que se presenta el nuevo resorte de gas para almacenamiento de matrices 90.10 DS. Contiene informaci\u00f3n para realizar pedidos y datos sobre su aplicaci\u00f3n. <\/p>\n<\/div><div class=\"toggle-links align_none\"><button class=\"collapsible-content-more\">Show More.<\/button><button class=\"collapsible-content-less\">Show Less.<\/button><\/div><\/div><\/div><\/div>\t\t<\/div>\r\n\t<\/article>\r\n\t<article class=\"w-grid-item size_1x1 post-22177 post type-post status-publish format-standard has-post-thumbnail hentry category-monthly-updates-es tag-septiembre\" data-id=\"22177\">\r\n\t\t<div class=\"w-grid-item-h\">\r\n\t\t\t\t\t\t<div class=\"w-hwrapper usg_hwrapper_1 align_none valign_top\" style=\"--hwrapper-gap:2rem\"><div class=\"w-post-elm post_image usg_post_image_1\"><a href=\"https:\/\/www.dadco.net\/es\/blog\/2012\/05\/03\/septiembre-2012\/\" aria-label=\"Septiembre 2012\"><img loading=\"lazy\" decoding=\"async\" width=\"216\" height=\"300\" src=\"https:\/\/www.dadco.net\/wp-content\/uploads\/2012\/05\/fcl_group.jpg\" class=\"attachment-full size-full wp-post-image\" alt=\"\" \/><\/a><\/div><div class=\"w-vwrapper usg_vwrapper_1 align_none valign_top\"><h3 class=\"w-post-elm post_title usg_post_title_2 entry-title color_link_inherit\"><a href=\"https:\/\/www.dadco.net\/es\/blog\/2012\/05\/03\/septiembre-2012\/\">Septiembre 2012<\/a><\/h3><div class=\"w-post-elm post_content usg_post_content_1 without_sections with_collapsible_content\" data-content-height=\"200px\"><div><h4>\u00a1Nuevo! Serie FCL Cushion de DADCO<\/h4>\n<p>DADCO se complace en presentar una nueva l\u00ednea de resortes de nitr\u00f3geno con amortiguamiento. La serie FCL es un resorte de gas de tama\u00f1o mini con un retorno amortiguado durante los \u00faltimos 2-4 mm de carrera para reducir tanto la fuerza de retorno como el aumento de la fuerza durante el recorrido.<\/p>\n<p>La serie FCL est\u00e1 disponible en dos modelos: FCL.503 y FCL.755. El di\u00e1metro del FCL.503 es 44.5, con fuerza al contacto de 302 daN. El FCL.755 tiene un di\u00e1metro de 50, con una fuerza al contacto de 471 daN. Ambos modelos FCL tienen longitudes de carrera de hasta 125 mm y son adecuados para aplicaciones de levas con troqueles.<\/p>\n<p>Solicite a DADCO el bolet\u00edn de cuatro p\u00e1ginas, a todo color que contiene ejemplos de pedido, especificaciones de funcionamiento y ejemplos de aplicaci\u00f3n.<\/p>\n<\/div><div class=\"toggle-links align_none\"><button class=\"collapsible-content-more\">Show More.<\/button><button class=\"collapsible-content-less\">Show Less.<\/button><\/div><\/div><\/div><\/div>\t\t<\/div>\r\n\t<\/article>\r\n\t<article class=\"w-grid-item size_1x1 post-22178 post type-post status-publish format-standard hentry category-monthly-updates-es tag-abril-es\" data-id=\"22178\">\r\n\t\t<div class=\"w-grid-item-h\">\r\n\t\t\t\t\t\t<div class=\"w-hwrapper usg_hwrapper_1 align_none valign_top\" style=\"--hwrapper-gap:2rem\"><div class=\"w-vwrapper usg_vwrapper_1 align_none valign_top\"><h3 class=\"w-post-elm post_title usg_post_title_2 entry-title color_link_inherit\"><a href=\"https:\/\/www.dadco.net\/es\/blog\/2012\/05\/03\/abril-2012\/\">Abril 2012<\/a><\/h3><div class=\"w-post-elm post_content usg_post_content_1 without_sections with_collapsible_content\" data-content-height=\"200px\"><div><h4>DADCO presenta su cat\u00e1logo integral en l\u00ednea<\/h4>\n<p>El sitio web de DADCO ha sido actualizado para incluir un cat\u00e1logo integral en l\u00ednea. Este nuevo cat\u00e1logo en l\u00ednea cuenta con una interfaz f\u00e1cil de usar que permite el acceso r\u00e1pido a una amplia gama de productos de DADCO incluidos, resortes de nitr\u00f3geno, elevadores de nitr\u00f3geno, componentes de interconexi\u00f3n de resortes de nitr\u00f3geno, juegos de gu\u00edas de retenci\u00f3n, sistemas Power Cam y Power Pump y cilindros de aire. Navegar por el sitio es muy sencillo: Basta con elegir la imagen o descripci\u00f3n para encontrar el producto adecuado. Una vez seleccionados el modelo y la longitud de carrera se seleccionan, aparece una p\u00e1gina con detalles del producto. Los clientes pueden ver un modelo en 3-D del producto o tras un r\u00e1pido registro, obtener acceso instant\u00e1neo a modelos CAD. Los modelos est\u00e1n disponibles en una variedad de formatos incluidos SAT, STEP, CATIA, IGES y DXF. Con estas mejoras, el sitio mantiene la misma organizaci\u00f3n f\u00e1cil de usar que los clientes esperan de DADCO. La informaci\u00f3n detallada del producto est\u00e1 a s\u00f3lo unos clics de distancia en cualquier parte del sitio. Adem\u00e1s, en la parte superior de cada p\u00e1gina est\u00e1 una funci\u00f3n de b\u00fasqueda para ayudar a los clientes  <\/p>\n<\/div><div class=\"toggle-links align_none\"><button class=\"collapsible-content-more\">Show More.<\/button><button class=\"collapsible-content-less\">Show Less.<\/button><\/div><\/div><\/div><\/div>\t\t<\/div>\r\n\t<\/article>\r\n\t<article class=\"w-grid-item size_1x1 post-22181 post type-post status-publish format-standard has-post-thumbnail hentry category-monthly-updates-es tag-marzo\" data-id=\"22181\">\r\n\t\t<div class=\"w-grid-item-h\">\r\n\t\t\t\t\t\t<div class=\"w-hwrapper usg_hwrapper_1 align_none valign_top\" style=\"--hwrapper-gap:2rem\"><div class=\"w-post-elm post_image usg_post_image_1\"><a href=\"https:\/\/www.dadco.net\/es\/blog\/2012\/05\/03\/marzo-2012\/\" aria-label=\"Marzo 2012\"><img loading=\"lazy\" decoding=\"async\" width=\"150\" height=\"150\" src=\"https:\/\/www.dadco.net\/wp-content\/uploads\/2012\/05\/sln_090_180_group1-150x150-1.jpg\" class=\"attachment-full size-full wp-post-image\" alt=\"\" \/><\/a><\/div><div class=\"w-vwrapper usg_vwrapper_1 align_none valign_top\"><h3 class=\"w-post-elm post_title usg_post_title_2 entry-title color_link_inherit\"><a href=\"https:\/\/www.dadco.net\/es\/blog\/2012\/05\/03\/marzo-2012\/\">Marzo 2012<\/a><\/h3><div class=\"w-post-elm post_content usg_post_content_1 without_sections with_collapsible_content\" data-content-height=\"200px\"><div><h4>Nuevo Modelo Elevador SLN.180 con brida de DADCO <\/h4>\n<p>El nuevo modelo con brida del micro elevador de nitr\u00f3geno SLN.180 de DADCO, ofrece una opci\u00f3n todo-en-uno para aplicaciones con bridas. Este robusto elevado de 50 mm de di\u00e1metro est\u00e1 disponible con dos opciones de v\u00e1stago gu\u00eda: FA con v\u00e1stago de punta redonda y localizador de v\u00e1stago para sujetarlo al troquel superior y FB con v\u00e1stago de punta plana. El populares resorte de nitr\u00f3geno Micro 180<sup>\u00ae<\/sup> de DADCO, que se encuentra en el interior del v\u00e1stago gu\u00eda, ofrece una fuerza de elevaci\u00f3n fiable.  <\/p>\n<p>El modelo SLN.180 con brida ofrece fuerza al contacto de hasta 80 libras y est\u00e1 disponible con longitudes de carrera de 63 mm a 200 mm. El elevador cumple con los est\u00e1ndares de troquelado de Ford para estampado de componentes. <\/p>\n<p>Solicite a DADCO el bolet\u00edn de dos p\u00e1ginas, a todo color que contiene informaci\u00f3n sobre el nuevo modelo del resorte de nitr\u00f3geno SLN.180 con brida. Contiene dibujos del modelo s\u00f3lido, informaci\u00f3n para hacer pedidos y datos de aplicaci\u00f3n. <\/p>\n<\/div><div class=\"toggle-links align_none\"><button class=\"collapsible-content-more\">Show More.<\/button><button class=\"collapsible-content-less\">Show Less.<\/button><\/div><\/div><\/div><\/div>\t\t<\/div>\r\n\t<\/article>\r\n\t<article class=\"w-grid-item size_1x1 post-22179 post type-post status-publish format-standard has-post-thumbnail hentry category-monthly-updates-es tag-julio\" data-id=\"22179\">\r\n\t\t<div class=\"w-grid-item-h\">\r\n\t\t\t\t\t\t<div class=\"w-hwrapper usg_hwrapper_1 align_none valign_top\" style=\"--hwrapper-gap:2rem\"><div class=\"w-post-elm post_image usg_post_image_1\"><a href=\"https:\/\/www.dadco.net\/es\/blog\/2012\/02\/26\/julio-2012\/\" aria-label=\"Julio 2012\"><img loading=\"lazy\" decoding=\"async\" width=\"232\" height=\"55\" src=\"https:\/\/www.dadco.net\/wp-content\/uploads\/2012\/02\/dadco_brasil.gif\" class=\"attachment-full size-full wp-post-image\" alt=\"\" \/><\/a><\/div><div class=\"w-vwrapper usg_vwrapper_1 align_none valign_top\"><h3 class=\"w-post-elm post_title usg_post_title_2 entry-title color_link_inherit\"><a href=\"https:\/\/www.dadco.net\/es\/blog\/2012\/02\/26\/julio-2012\/\">Julio 2012<\/a><\/h3><div class=\"w-post-elm post_content usg_post_content_1 without_sections with_collapsible_content\" data-content-height=\"200px\"><div><h4>DADCO abre una nueva oficina en Brasil<\/h4>\n<p>DADCO tiene el placer de anunciar que hemos extendido nuestras operaciones a Brasil con una nueva divisi\u00f3n: DADCO FERRAMENTAS do BRASIL, ubicada en S\u00e3o Paulo. La oficina de Brasil dar\u00e1 servicio a los clientes locales y proporcionar\u00e1 cobertura y soporte adicional en todo el mundo. <\/p>\n<p>DADCO FERRAMENTAS do BRASIL is at Rua Botucatu, 39<br \/>\nS\u00e3o Caetano Do Sul, S\u00e3o Paulo, CEP 09550-060, Brazil.<\/p>\n<\/div><div class=\"toggle-links align_none\"><button class=\"collapsible-content-more\">Show More.<\/button><button class=\"collapsible-content-less\">Show Less.<\/button><\/div><\/div><\/div><\/div>\t\t<\/div>\r\n\t<\/article>\r\n<\/div><div class=\"w-grid-preloader\">\t<div class=\"g-preloader type_1\">\r\n\t\t<div><\/div>\r\n\t<\/div>\r\n\t<\/div>\t<div class=\"w-grid-json hidden\" onclick='return {&quot;action&quot;:&quot;us_ajax_grid&quot;,&quot;ajax_url&quot;:&quot;https:\\\/\\\/www.dadco.net\\\/wp-admin\\\/admin-ajax.php&quot;,&quot;infinite_scroll&quot;:0,&quot;max_num_pages&quot;:1,&quot;pagination&quot;:&quot;regular&quot;,&quot;template_vars&quot;:{&quot;columns&quot;:&quot;1&quot;,&quot;exclude_items&quot;:&quot;none&quot;,&quot;img_size&quot;:&quot;full&quot;,&quot;ignore_items_size&quot;:0,&quot;items_layout&quot;:&quot;14376&quot;,&quot;items_offset&quot;:&quot;1&quot;,&quot;load_animation&quot;:&quot;none&quot;,&quot;overriding_link&quot;:&quot;{\\&quot;url\\&quot;:\\&quot;\\&quot;}&quot;,&quot;post_id&quot;:0,&quot;query_args&quot;:{&quot;post_type&quot;:[&quot;post&quot;],&quot;tax_query&quot;:[{&quot;taxonomy&quot;:&quot;category&quot;,&quot;field&quot;:&quot;slug&quot;,&quot;terms&quot;:[&quot;monthly-updates&quot;]}],&quot;post_status&quot;:[&quot;publish&quot;,&quot;acf-disabled&quot;],&quot;posts_per_page&quot;:&quot;10&quot;},&quot;orderby_query_args&quot;:{&quot;orderby&quot;:{&quot;date&quot;:&quot;DESC&quot;}},&quot;type&quot;:&quot;grid&quot;,&quot;us_grid_ajax_index&quot;:1,&quot;us_grid_filter_params&quot;:[],&quot;us_grid_index&quot;:1,&quot;_us_grid_post_type&quot;:&quot;post&quot;,&quot;page_args&quot;:[],&quot;lang&quot;:&quot;es&quot;}}'><\/div>\r\n\t<\/div><\/div><\/div><\/div><\/div><\/div><\/section>\n","protected":false},"excerpt":{"rendered":"DADCO abre una nueva oficina en Brasil DADCO tiene el placer de anunciar que hemos extendido nuestras operaciones a Brasil con una nueva divisi\u00f3n: DADCO FERRAMENTAS do BRASIL, ubicada en S\u00e3o Paulo. La oficina de Brasil dar\u00e1 servicio a los clientes locales y proporcionar\u00e1 cobertura y soporte adicional en todo el mundo. DADCO FERRAMENTAS do...","protected":false},"author":1,"featured_media":0,"parent":14207,"menu_order":5,"comment_status":"closed","ping_status":"closed","template":"","meta":{"footnotes":""},"class_list":["post-14242","page","type-page","status-publish","hentry"],"acf":[],"_links":{"self":[{"href":"https:\/\/www.dadco.net\/es\/wp-json\/wp\/v2\/pages\/14242","targetHints":{"allow":["GET"]}}],"collection":[{"href":"https:\/\/www.dadco.net\/es\/wp-json\/wp\/v2\/pages"}],"about":[{"href":"https:\/\/www.dadco.net\/es\/wp-json\/wp\/v2\/types\/page"}],"author":[{"embeddable":true,"href":"https:\/\/www.dadco.net\/es\/wp-json\/wp\/v2\/users\/1"}],"replies":[{"embeddable":true,"href":"https:\/\/www.dadco.net\/es\/wp-json\/wp\/v2\/comments?post=14242"}],"version-history":[{"count":5,"href":"https:\/\/www.dadco.net\/es\/wp-json\/wp\/v2\/pages\/14242\/revisions"}],"predecessor-version":[{"id":32366,"href":"https:\/\/www.dadco.net\/es\/wp-json\/wp\/v2\/pages\/14242\/revisions\/32366"}],"up":[{"embeddable":true,"href":"https:\/\/www.dadco.net\/es\/wp-json\/wp\/v2\/pages\/14207"}],"wp:attachment":[{"href":"https:\/\/www.dadco.net\/es\/wp-json\/wp\/v2\/media?parent=14242"}],"curies":[{"name":"wp","href":"https:\/\/api.w.org\/{rel}","templated":true}]}}