{"id":14236,"date":"2022-09-02T14:39:38","date_gmt":"2022-09-02T18:39:38","guid":{"rendered":"https:\/\/www.dadco.net\/quienes-somos\/aseguamiento-de-la-calidad\/"},"modified":"2024-11-07T14:08:31","modified_gmt":"2024-11-07T19:08:31","slug":"aseguamiento-de-la-calidad","status":"publish","type":"page","link":"https:\/\/www.dadco.net\/es\/quienes-somos\/aseguamiento-de-la-calidad\/","title":{"rendered":"Aseguamiento de la Calidad"},"content":{"rendered":"<section class=\"l-section wpb_row height_auto\"><div class=\"l-section-h i-cf\"><div class=\"g-cols vc_row via_flex valign_top type_default stacking_default\"><div class=\"vc_col-sm-12 wpb_column vc_column_container\"><div class=\"vc_column-inner\"><div class=\"wpb_wrapper\"><div class=\"wpb_text_column\"><div class=\"wpb_wrapper\"><p>DADCO est\u00e1 comprometido con la calidad. Certificado seg\u00fan la Norma de Gesti\u00f3n de Calidad ISO 9001:2015, DADCO asegura que cuenta con pr\u00e1cticas s\u00f3lidas para todos los procesos que pueden afectar la calidad del producto. A trav\u00e9s de dedicado trabajo en equipo con nuestros clientes y proveedores, perseguimos los m\u00e1s altos est\u00e1ndares de calidad para cada producto y servicio que ofrecemos. Los productos DADCO cumplen con la Directiva Europea para Equipo de Presi\u00f3n 2014\/68\/EU y son mundialmente reconocidos en las normas de troqueles automotrices.<\/p>\n<p>DADCO tiene la confianza que sus productos funcionar\u00e1n en su aplicaci\u00f3n; garantiza sus productos libres de defectos de manufactura o de materiales, por un periodo de un a\u00f1o a partir del a\u00f1o de fabricaci\u00f3n. Adem\u00e1s, muchos de nuestros resortes de gas nitr\u00f3geno est\u00e1n respaldados por escrito con la garant\u00eda Gold de un a\u00f1o\/1 mill\u00f3n de golpes.<i> <\/i>La serie L est\u00e1 respaldado por la garant\u00eda Select por escrito de dos a\u00f1os\/2 millones de golpes.*<\/p>\n<h2>Certificaciones<\/h2>\n<p>* Solicite una copia para conocer los detalles<\/p>\n<\/div><\/div><div class=\"w-hwrapper valign_top align_none\"><div class=\"w-image align_none\"><a href=\"https:\/\/www.dadco.net\/wp-content\/uploads\/2024\/03\/quality_cert.pdf  \" aria-label=\"quality_cert\" class=\"w-image-h\"><img loading=\"lazy\" decoding=\"async\" width=\"150\" height=\"150\" src=\"https:\/\/www.dadco.net\/wp-content\/uploads\/2024\/03\/quality_cert-e1711388974630-150x150.jpg\" class=\"attachment-thumbnail size-thumbnail\" alt=\"\" \/><\/a><\/div><div class=\"w-image align_none\"><a href=\"https:\/\/www.dadco.net\/wp-content\/uploads\/2022\/09\/select_guarantee_certificate.pdf\" aria-label=\"select_guarantee\" class=\"w-image-h\"><img loading=\"lazy\" decoding=\"async\" width=\"216\" height=\"166\" src=\"https:\/\/www.dadco.net\/wp-content\/uploads\/2022\/09\/select_guarantee.jpeg\" class=\"attachment-large size-large\" alt=\"\" \/><\/a><\/div><div class=\"w-image align_none\"><a href=\"https:\/\/www.dadco.net\/wp-content\/uploads\/2022\/09\/gold_guarantee_certificate.pdf\" aria-label=\"gold\" class=\"w-image-h\"><img loading=\"lazy\" decoding=\"async\" width=\"216\" height=\"166\" src=\"https:\/\/www.dadco.net\/wp-content\/uploads\/2022\/09\/gold.jpeg\" class=\"attachment-large size-large\" alt=\"\" \/><\/a><\/div><\/div><\/div><\/div><\/div><\/div><\/div><\/section>\n","protected":false},"excerpt":{"rendered":"DADCO est\u00e1 comprometido con la calidad. Certificado seg\u00fan la Norma de Gesti\u00f3n de Calidad ISO 9001:2015, DADCO asegura que cuenta con pr\u00e1cticas s\u00f3lidas para todos los procesos que pueden afectar la calidad del producto. A trav\u00e9s de dedicado trabajo en equipo con nuestros clientes y proveedores, perseguimos los m\u00e1s altos est\u00e1ndares de calidad para cada...","protected":false},"author":1,"featured_media":0,"parent":14207,"menu_order":4,"comment_status":"closed","ping_status":"closed","template":"","meta":{"footnotes":""},"class_list":["post-14236","page","type-page","status-publish","hentry"],"acf":[],"_links":{"self":[{"href":"https:\/\/www.dadco.net\/es\/wp-json\/wp\/v2\/pages\/14236","targetHints":{"allow":["GET"]}}],"collection":[{"href":"https:\/\/www.dadco.net\/es\/wp-json\/wp\/v2\/pages"}],"about":[{"href":"https:\/\/www.dadco.net\/es\/wp-json\/wp\/v2\/types\/page"}],"author":[{"embeddable":true,"href":"https:\/\/www.dadco.net\/es\/wp-json\/wp\/v2\/users\/1"}],"replies":[{"embeddable":true,"href":"https:\/\/www.dadco.net\/es\/wp-json\/wp\/v2\/comments?post=14236"}],"version-history":[{"count":5,"href":"https:\/\/www.dadco.net\/es\/wp-json\/wp\/v2\/pages\/14236\/revisions"}],"predecessor-version":[{"id":32321,"href":"https:\/\/www.dadco.net\/es\/wp-json\/wp\/v2\/pages\/14236\/revisions\/32321"}],"up":[{"embeddable":true,"href":"https:\/\/www.dadco.net\/es\/wp-json\/wp\/v2\/pages\/14207"}],"wp:attachment":[{"href":"https:\/\/www.dadco.net\/es\/wp-json\/wp\/v2\/media?parent=14236"}],"curies":[{"name":"wp","href":"https:\/\/api.w.org\/{rel}","templated":true}]}}