{"id":14224,"date":"2022-09-02T14:33:23","date_gmt":"2022-09-02T18:33:23","guid":{"rendered":"https:\/\/www.dadco.net\/quienes-somos\/soluciones-avanzadas\/"},"modified":"2026-02-13T14:28:29","modified_gmt":"2026-02-13T19:28:29","slug":"soluciones-avanzadas","status":"publish","type":"page","link":"https:\/\/www.dadco.net\/es\/quienes-somos\/soluciones-avanzadas\/","title":{"rendered":"Soluciones Avanzadas"},"content":{"rendered":"<section class=\"l-section wpb_row height_auto\"><div class=\"l-section-h i-cf\"><div class=\"g-cols vc_row via_flex valign_top type_default stacking_default\"><div class=\"vc_col-sm-12 wpb_column vc_column_container\"><div class=\"vc_column-inner\"><div class=\"wpb_wrapper\"><div class=\"wpb_text_column\"><div class=\"wpb_wrapper\"><p>El din\u00e1mico equipo de ingenier\u00eda de DADCO se esfuerza por influir en los est\u00e1ndares de la industria del moldeado de metal. Mediante la utilizaci\u00f3n de software de dise\u00f1o inteligente y un laboratorio de Investigaci\u00f3n y Desarrollo en sitio, nuestros ingenieros de producto est\u00e1n continuamente innovando y desarrollando productos altamente eficaces. Nuestra experiencia se manifiesta en m\u00faltiples patentes actuales y pendientes. El conocimiento t\u00e9cnico de nuestros especialistas t\u00e9cnicos e ingenieros est\u00e1 disponible para todos los clientes que necesitan soluciones avanzadas en aplicaciones dif\u00edciles; es posible coordinar visitas in situ y en caso necesario hacer frente a los problemas de aplicaci\u00f3n de la manera m\u00e1s eficaz.<\/p>\n<p>&nbsp;<\/p>\n<p><a href=\"https:\/\/www.dadco.net\/wp-content\/uploads\/2024\/08\/Spanish_Corporate-Image-Brochure_2024-Final.pdf\"><img loading=\"lazy\" decoding=\"async\" class=\"alignleft wp-image-31620\" src=\"https:\/\/www.dadco.net\/wp-content\/uploads\/2024\/08\/Corporate-Image-Brochure_2024-Cover-212x300.jpg\" alt=\"\" width=\"211\" height=\"299\" srcset=\"https:\/\/www.dadco.net\/wp-content\/uploads\/2024\/08\/Corporate-Image-Brochure_2024-Cover-212x300.jpg 212w, https:\/\/www.dadco.net\/wp-content\/uploads\/2024\/08\/Corporate-Image-Brochure_2024-Cover.jpg 595w\" sizes=\"auto, (max-width: 211px) 100vw, 211px\" \/><\/a><\/p>\n<\/div><\/div><div class=\"wpb_text_column\"><div class=\"wpb_wrapper\"><p><a href=\"https:\/\/www.dadco.net\/wp-content\/uploads\/2013\/02\/line_car_11.pdf\"><img loading=\"lazy\" decoding=\"async\" class=\"alignnone size-medium wp-image-33641\" src=\"https:\/\/www.dadco.net\/wp-content\/uploads\/2026\/02\/linecardimage-300x300.png\" alt=\"\" width=\"300\" height=\"300\" srcset=\"https:\/\/www.dadco.net\/wp-content\/uploads\/2026\/02\/linecardimage-300x300.png 300w, https:\/\/www.dadco.net\/wp-content\/uploads\/2026\/02\/linecardimage-150x150.png 150w, https:\/\/www.dadco.net\/wp-content\/uploads\/2026\/02\/linecardimage.png 652w\" sizes=\"auto, (max-width: 300px) 100vw, 300px\" \/><\/a><\/p>\n<\/div><\/div><\/div><\/div><\/div><\/div><\/div><\/section>\n","protected":false},"excerpt":{"rendered":"El din\u00e1mico equipo de ingenier\u00eda de DADCO se esfuerza por influir en los est\u00e1ndares de la industria del moldeado de metal. Mediante la utilizaci\u00f3n de software de dise\u00f1o inteligente y un laboratorio de Investigaci\u00f3n y Desarrollo en sitio, nuestros ingenieros de producto est\u00e1n continuamente innovando y desarrollando productos altamente eficaces. Nuestra experiencia se manifiesta en...","protected":false},"author":1,"featured_media":14121,"parent":14207,"menu_order":2,"comment_status":"closed","ping_status":"closed","template":"","meta":{"footnotes":""},"class_list":["post-14224","page","type-page","status-publish","has-post-thumbnail","hentry"],"acf":[],"_links":{"self":[{"href":"https:\/\/www.dadco.net\/es\/wp-json\/wp\/v2\/pages\/14224","targetHints":{"allow":["GET"]}}],"collection":[{"href":"https:\/\/www.dadco.net\/es\/wp-json\/wp\/v2\/pages"}],"about":[{"href":"https:\/\/www.dadco.net\/es\/wp-json\/wp\/v2\/types\/page"}],"author":[{"embeddable":true,"href":"https:\/\/www.dadco.net\/es\/wp-json\/wp\/v2\/users\/1"}],"replies":[{"embeddable":true,"href":"https:\/\/www.dadco.net\/es\/wp-json\/wp\/v2\/comments?post=14224"}],"version-history":[{"count":7,"href":"https:\/\/www.dadco.net\/es\/wp-json\/wp\/v2\/pages\/14224\/revisions"}],"predecessor-version":[{"id":33666,"href":"https:\/\/www.dadco.net\/es\/wp-json\/wp\/v2\/pages\/14224\/revisions\/33666"}],"up":[{"embeddable":true,"href":"https:\/\/www.dadco.net\/es\/wp-json\/wp\/v2\/pages\/14207"}],"wp:featuredmedia":[{"embeddable":true,"href":"https:\/\/www.dadco.net\/es\/wp-json\/wp\/v2\/media\/14121"}],"wp:attachment":[{"href":"https:\/\/www.dadco.net\/es\/wp-json\/wp\/v2\/media?parent=14224"}],"curies":[{"name":"wp","href":"https:\/\/api.w.org\/{rel}","templated":true}]}}