{"id":14212,"date":"2022-09-02T14:32:45","date_gmt":"2022-09-02T18:32:45","guid":{"rendered":"https:\/\/www.dadco.net\/quienes-somos\/compromiso-con-el-servicio\/"},"modified":"2024-11-07T15:55:05","modified_gmt":"2024-11-07T20:55:05","slug":"compromiso-con-el-servicio","status":"publish","type":"page","link":"https:\/\/www.dadco.net\/es\/quienes-somos\/compromiso-con-el-servicio\/","title":{"rendered":"Compromiso con el Servicio"},"content":{"rendered":"<section class=\"l-section wpb_row height_auto\"><div class=\"l-section-h i-cf\"><div class=\"g-cols vc_row via_flex valign_top type_default stacking_default\"><div class=\"vc_col-sm-12 wpb_column vc_column_container\"><div class=\"vc_column-inner\"><div class=\"wpb_wrapper\"><div class=\"wpb_text_column\"><div class=\"wpb_wrapper\"><p>Nuestra misi\u00f3n es aumentar la productividad del cliente mediante la fabricaci\u00f3n y mantenimiento de productos industriales din\u00e1micos. A trav\u00e9s de dedicado trabajo en equipo con nuestros clientes y proveedores, perseguimos los m\u00e1s altos est\u00e1ndares de calidad para cada producto y servicio que ofrecemos. Nuestra filosof\u00eda de mejora continua influye en cada aspecto de nuestra empresa. Estamos comprometidos a hacer todo lo necesario para satisfacer a nuestros clientes.<\/p>\n<p>DADCO es ejemplo de excepcional servicio al cliente. Se trate de una solicitud de cotizaci\u00f3n, informaci\u00f3n del producto, actualizaci\u00f3n del estado de un pedido o soporte t\u00e9cnico, los equipos internos y externos de ventas de DADCO cuentan con todo el conocimiento, son sumamente perceptivos y capaces de atender cualquier petici\u00f3n del cliente. Los centros corporativos de distribuci\u00f3n de DADCO, sus oficinas de representaci\u00f3n y una red mundial de distribuidores proporcionan asistencia adicional inventario local y cuentan con inventario local para asegurar una entrega r\u00e1pida.<\/p>\n<p>DADCO promueve la conciencia de seguridad del producto y la utilizaci\u00f3n adecuada del producto a trav\u00e9s de entrenamiento; DADCO ofrece cursos de capacitaci\u00f3n in situ gratuitos, enfocados en la operaci\u00f3n y en temas de mantenimiento relacionados, de una gran variedad de productos. Para obtener una lista completa de todos los temas disponibles, <a title=\"Formaci\u00f3n Dadco\" href=\"https:\/\/www.dadco.net\/wp-content\/uploads\/2013\/02\/dadco_training.pdf\" target=\"_blank\" rel=\"noopener\">haga clic aqu\u00ed<\/a>. Contamos con videos de entrenamiento que puede ver en cualquier lugar y en cualquier momento. <a title=\"Formaci\u00f3n Dadco\" href=\"https:\/\/www.dadco.net\/es\/soporte\/video\/\">\u00a1Haga clic aqu\u00ed<\/a> para acceder a nuestros videos de entrenamiento hoy mismo!<\/p>\n<\/div><\/div><\/div><\/div><\/div><\/div><\/div><\/section>\n","protected":false},"excerpt":{"rendered":"Nuestra misi\u00f3n es aumentar la productividad del cliente mediante la fabricaci\u00f3n y mantenimiento de productos industriales din\u00e1micos. A trav\u00e9s de dedicado trabajo en equipo con nuestros clientes y proveedores, perseguimos los m\u00e1s altos est\u00e1ndares de calidad para cada producto y servicio que ofrecemos. Nuestra filosof\u00eda de mejora continua influye en cada aspecto de nuestra empresa....","protected":false},"author":1,"featured_media":14169,"parent":14207,"menu_order":1,"comment_status":"closed","ping_status":"closed","template":"","meta":{"footnotes":""},"class_list":["post-14212","page","type-page","status-publish","has-post-thumbnail","hentry"],"acf":[],"_links":{"self":[{"href":"https:\/\/www.dadco.net\/es\/wp-json\/wp\/v2\/pages\/14212","targetHints":{"allow":["GET"]}}],"collection":[{"href":"https:\/\/www.dadco.net\/es\/wp-json\/wp\/v2\/pages"}],"about":[{"href":"https:\/\/www.dadco.net\/es\/wp-json\/wp\/v2\/types\/page"}],"author":[{"embeddable":true,"href":"https:\/\/www.dadco.net\/es\/wp-json\/wp\/v2\/users\/1"}],"replies":[{"embeddable":true,"href":"https:\/\/www.dadco.net\/es\/wp-json\/wp\/v2\/comments?post=14212"}],"version-history":[{"count":5,"href":"https:\/\/www.dadco.net\/es\/wp-json\/wp\/v2\/pages\/14212\/revisions"}],"predecessor-version":[{"id":32342,"href":"https:\/\/www.dadco.net\/es\/wp-json\/wp\/v2\/pages\/14212\/revisions\/32342"}],"up":[{"embeddable":true,"href":"https:\/\/www.dadco.net\/es\/wp-json\/wp\/v2\/pages\/14207"}],"wp:featuredmedia":[{"embeddable":true,"href":"https:\/\/www.dadco.net\/es\/wp-json\/wp\/v2\/media\/14169"}],"wp:attachment":[{"href":"https:\/\/www.dadco.net\/es\/wp-json\/wp\/v2\/media?parent=14212"}],"curies":[{"name":"wp","href":"https:\/\/api.w.org\/{rel}","templated":true}]}}