{"id":14207,"date":"2022-09-01T15:31:28","date_gmt":"2022-09-01T19:31:28","guid":{"rendered":"https:\/\/www.dadco.net\/quienes-somos\/"},"modified":"2024-11-07T15:49:30","modified_gmt":"2024-11-07T20:49:30","slug":"quienes-somos","status":"publish","type":"page","link":"https:\/\/www.dadco.net\/es\/quienes-somos\/","title":{"rendered":"\u00bfQui\u00e9nes somos?"},"content":{"rendered":"<section class=\"l-section wpb_row height_auto\"><div class=\"l-section-h i-cf\"><div class=\"g-cols vc_row via_flex valign_top type_default stacking_default\"><div class=\"vc_col-sm-12 wpb_column vc_column_container\"><div class=\"vc_column-inner\"><div class=\"wpb_wrapper\"><div class=\"wpb_text_column\"><div class=\"wpb_wrapper\"><p>Somos el l\u00edder mundial en tecnolog\u00eda de resortes de nitr\u00f3geno; participe con nosotros para encontrar soluciones avanzadas para satisfacer sus necesidades de herramienta. Estamos enfocados en ofrecer productos de calidad superior, soporte t\u00e9cnico de expertos y excelente servicio al cliente. Nuestro compromiso con nuestros clientes radica en el coraz\u00f3n de nuestro negocio, incluidos los mejores constructores de herramientas para estampado, modernas plantas de estampado y fabricantes de equipo original para la industria automotriz en todo el mundo. En DADCO cultivamos un ambiente de constante innovaci\u00f3n y nos esforzamos por incorporar ese esp\u00edritu en todo lo que hacemos.<\/p>\n<p>Con sede en Plymouth, Michigan, DADCO tiene diez oficinas directas en ocho pa\u00edses de cuatro continentes en constante expansi\u00f3n. Las instalaciones de DADCO, estrat\u00e9gicamente ubicadas, se complementan con una amplia red de distribuidores para satisfacer la demanda local en todo el mundo. Sin importar d\u00f3nde se encuentren Usted y su cliente, DADCO puede apoyarlo. Desde nuestros inicios en 1958, ofrecer productos de valor incomparable es un factor intr\u00ednseco en nuestro objetivo. Adem\u00e1s de nuestra amplia l\u00ednea de resortes y elevadores de nitr\u00f3geno, ofrecemos cilindros actuadores m\u00e9tricos de aire, juegos de gu\u00edas de retenci\u00f3n, sistemas hidr\u00e1ulicos de punzonado y sistemas especializados.<\/p>\n<\/div><\/div><\/div><\/div><\/div><\/div><\/div><\/section>\n","protected":false},"excerpt":{"rendered":"Somos el l\u00edder mundial en tecnolog\u00eda de resortes de nitr\u00f3geno; participe con nosotros para encontrar soluciones avanzadas para satisfacer sus necesidades de herramienta. Estamos enfocados en ofrecer productos de calidad superior, soporte t\u00e9cnico de expertos y excelente servicio al cliente. Nuestro compromiso con nuestros clientes radica en el coraz\u00f3n de nuestro negocio, incluidos los mejores...","protected":false},"author":1,"featured_media":13857,"parent":0,"menu_order":0,"comment_status":"closed","ping_status":"closed","template":"","meta":{"footnotes":""},"class_list":["post-14207","page","type-page","status-publish","has-post-thumbnail","hentry"],"acf":[],"_links":{"self":[{"href":"https:\/\/www.dadco.net\/es\/wp-json\/wp\/v2\/pages\/14207","targetHints":{"allow":["GET"]}}],"collection":[{"href":"https:\/\/www.dadco.net\/es\/wp-json\/wp\/v2\/pages"}],"about":[{"href":"https:\/\/www.dadco.net\/es\/wp-json\/wp\/v2\/types\/page"}],"author":[{"embeddable":true,"href":"https:\/\/www.dadco.net\/es\/wp-json\/wp\/v2\/users\/1"}],"replies":[{"embeddable":true,"href":"https:\/\/www.dadco.net\/es\/wp-json\/wp\/v2\/comments?post=14207"}],"version-history":[{"count":5,"href":"https:\/\/www.dadco.net\/es\/wp-json\/wp\/v2\/pages\/14207\/revisions"}],"predecessor-version":[{"id":32336,"href":"https:\/\/www.dadco.net\/es\/wp-json\/wp\/v2\/pages\/14207\/revisions\/32336"}],"wp:featuredmedia":[{"embeddable":true,"href":"https:\/\/www.dadco.net\/es\/wp-json\/wp\/v2\/media\/13857"}],"wp:attachment":[{"href":"https:\/\/www.dadco.net\/es\/wp-json\/wp\/v2\/media?parent=14207"}],"curies":[{"name":"wp","href":"https:\/\/api.w.org\/{rel}","templated":true}]}}