{"id":25606,"date":"2022-09-01T14:23:26","date_gmt":"2022-09-01T18:23:26","guid":{"rendered":"https:\/\/www.dadco.net\/privacy-policy\/"},"modified":"2024-01-03T10:26:15","modified_gmt":"2024-01-03T15:26:15","slug":"privacy-policy","status":"publish","type":"page","link":"https:\/\/www.dadco.net\/de\/privacy-policy\/","title":{"rendered":"Datenschutzrichtlinien"},"content":{"rendered":"<section class=\"l-section wpb_row height_medium\"><div class=\"l-section-h i-cf\"><div class=\"g-cols vc_row via_flex valign_top type_default stacking_default\"><div class=\"vc_col-sm-12 wpb_column vc_column_container\"><div class=\"vc_column-inner\"><div class=\"wpb_wrapper\"><div class=\"wpb_text_column\"><div class=\"wpb_wrapper\"><p>Die Postanschrift unseres Hauptsitzes lautet:<\/p>\n<p>43850 Plymouth Oaks Blvd.<br \/>Plymouth, MI 48170 USA<\/p>\n<p>Sie k\u00f6nnen uns telefonisch unter (734)207-1100 erreichen.<\/p>\n<p>Auf unserer Website www.dadco.net finden Sie Informationen \u00fcber unsere Produkte und Dienstleistungen sowie \u00fcber unser Unternehmen und unsere T\u00e4tigkeit. Unsere Website bietet Ihnen auch die M\u00f6glichkeit, mit uns in Kontakt zu treten. Der Schutz Ihrer Privatsph\u00e4re ist uns wichtig, und alle personenbezogenen Daten, die wir erheben und verwenden, stehen im Einklang mit den gesetzlichen Bestimmungen der Allgemeinen Datenschutzverordnung (DSGVO) .<\/p>\n<p>Diese Datenschutzrichtlinie informiert Sie \u00fcber die Verwendung und den Schutz Ihrer pers\u00f6nlichen Daten durch uns.<\/p>\n<p>1. Verantwortung und Geltungsbereich: Die verantwortliche Stelle ist DADCO, Inc., die DADCO GmbH ist der Vertreter in der EU. Bei Fragen oder Anregungen zum Thema Datenschutz wenden Sie sich bitte per E-Mail an info@dadco.net. Diese Datenschutzrichtlinie gilt f\u00fcr die Erhebung und Verwendung personenbezogener Daten beim Besuch und der Nutzung der Website von DADCO.<\/p>\n<p>2. Erhebung von personenbezogenen Daten: Wir erheben, speichern und verarbeiten Besucherdaten von Ihnen, sobald Sie unsere Seite besuchen oder uns Daten \u00fcber unsere Kontaktformulare \u00fcbermitteln. Sie k\u00f6nnen die Website besuchen, ohne pers\u00f6nliche Daten preiszugeben. Wenn Sie unsere Website besuchen, werden automatisch Kommunikationsdaten (Internet-Protokoll-Adressen) oder nutzungsbezogene Informationen (besuchte Inhalte) erhoben. Diese Daten werden ohne jeglichen Personenbezug (durch Anonymisierung der IP-Adresse) archiviert. Personenbezogene Daten erhalten wir nur, wenn Sie \u00fcber die Kontaktformulare mit uns in Verbindung treten.<\/p>\n<p>3. Verwendung der pers\u00f6nlichen Daten: Die gesammelten Informationen werden f\u00fcr statistische oder technische Analysen verwendet, um unsere Website und unser Produkt-\/Dienstleistungsangebot zu verbessern. Die \u00fcber die Kontaktformulare bereitgestellten Informationen werden zur Beantwortung Ihrer Anfrage verwendet. Mit dem Absenden des Kontaktformulars erkl\u00e4ren Sie sich damit einverstanden, dass die angegebenen Informationen von DADCO gespeichert und verwendet werden. Der Zweck der Erhebung und Speicherung ergibt sich aus Ihrer Anfrage und die Verarbeitung ist gem\u00e4\u00df Artikel 6 der DSGVO rechtm\u00e4\u00dfig. Die \u00fcber die Kontaktformulare \u00fcbermittelten Informationen werden gespeichert, und wir k\u00f6nnen diese Informationen verwenden, um im Namen unseres Unternehmens (DADCO) k\u00fcnftig E-Mail-Marketing-Benachrichtigungen zu verwandten Website-Inhalten zu versenden. Weder verkaufen wir noch geben wir personenbezogene Daten an Dritte weiter, behalten uns jedoch das Recht vor, Daten offenzulegen, wenn wir gesetzlich dazu verpflichtet sind, wie auf Anfrage einer Regierungsbeh\u00f6rde, die eine Untersuchung durchf\u00fchrt, um die Einhaltung der Richtlinien unserer Website und der geltenden Gesetze zu \u00fcberpr\u00fcfen oder durchzusetzen oder um uns vor Missbrauch oder unbefugter Nutzung unserer Website zu sch\u00fctzen. Wir k\u00f6nnen anonymisierte Daten an von uns beauftragte und \u00fcberwachte Auftragnehmer weitergeben, die technische Dienstleistungen (wie Hosting, Sicherheit und Wartung) erbringen. Die Auftragnehmer sind verpflichtet, die Sicherheitsvorschriften f\u00fcr personenbezogene Daten gem\u00e4\u00df der Datenschutz-Grundverordnung einzuhalten.<\/p>\n<p>4. Schutz\/Sicherheit der Daten: Der Schutz Ihrer Daten ist f\u00fcr uns wichtig. Wir setzen angemessene Sicherheitsma\u00dfnahmen ein, darunter Verschl\u00fcsselung, Firewalls, Passw\u00f6rter und physische Sicherheit, um den Verlust, den Missbrauch oder die Ver\u00e4nderung von Daten zu verhindern, die wir durch die Nutzung unserer Website oder \u00fcber Kontaktformulare erfasst haben. Bei der \u00dcbermittlung von Daten \u00fcber unsere Kontaktformulare wird die Https-Verschl\u00fcsselung verwendet. Wenn f\u00fcr die \u00dcbermittlung sensiblerer Daten ein zus\u00e4tzlicher Schutz erforderlich ist, senden Sie sie diese bitte auf einem anderen Weg an uns. Wenn Sie Fragen zur Sicherheit unserer Website haben, wenden Sie sich bitte direkt an uns.<\/p>\n<p>5. Offenlegung und L\u00f6schung von Daten: Gem\u00e4\u00df Artikel 15 der Datenschutz-Grundverordnung erteilen wir auf Anfrage kostenlos elektronisch oder schriftlich Auskunft \u00fcber die zu einer anfragenden Person gespeicherten Daten. Vor der Erteilung einer solchen Auskunft k\u00f6nnen wir Unterlagen verlangen, die die Identit\u00e4t und Authentizit\u00e4t des Antragstellers belegen. Die angeforderten personenbezogenen Daten werden je nach Antrag gel\u00f6scht oder gesperrt. Eine L\u00f6schung ist m\u00f6glich, sofern die Speicherung nicht mehr f\u00fcr die Verarbeitung oder aus anderen rechtlichen Gr\u00fcnden erforderlich ist.<\/p>\n<p>6. Cookies: Wir verwenden Cookies, um Sitzungsinformationen aufzuzeichnen, z. B. benutzerdefinierte Webseiteninhalte auf der Grundlage des Browsertyps des Besuchers oder andere Informationen, die automatisch aus den Kommunikationsdaten des Besuchers (IP-Adresse oder besuchte Inhalte) gesammelt werden. Sie k\u00f6nnen die Speicherung von Cookies verhindern, indem Sie die Einstellungen Ihrer Browsersoftware anpassen. Einige Funktionen der Website funktionieren m\u00f6glicherweise nicht vollst\u00e4ndig, wenn Sie keine Cookies zulassen.<\/p>\n<p>7. Entzug der Einwilligung: Soweit wir Ihre personenbezogenen Daten auf der Grundlage Ihrer Einwilligung durch Nutzung des Kontaktformulars oder durch sonstige bewusste Weitergabe Ihrerseits verwenden, k\u00f6nnen Sie Ihre Einwilligung jederzeit widerrufen. Bitte kontaktieren Sie uns per E-Mail an info@dadco.net, um Ihre Einwilligung zu widerrufen.<\/p>\n<p>\u00dcberarbeitet 21. Mai 2018<\/p>\n<\/div><\/div><\/div><\/div><\/div><\/div><\/div><\/section>\n","protected":false},"excerpt":{"rendered":"Die Postanschrift unseres Hauptsitzes lautet: 43850 Plymouth Oaks Blvd.Plymouth, MI 48170 USA Sie k\u00f6nnen uns telefonisch unter (734)207-1100 erreichen. Auf unserer Website www.dadco.net finden Sie Informationen \u00fcber unsere Produkte und Dienstleistungen sowie \u00fcber unser Unternehmen und unsere T\u00e4tigkeit. Unsere Website bietet Ihnen auch die M\u00f6glichkeit, mit uns in Kontakt zu treten. Der Schutz Ihrer Privatsph\u00e4re...","protected":false},"author":1,"featured_media":0,"parent":0,"menu_order":0,"comment_status":"closed","ping_status":"open","template":"","meta":{"footnotes":""},"class_list":["post-25606","page","type-page","status-publish","hentry"],"acf":[],"_links":{"self":[{"href":"https:\/\/www.dadco.net\/de\/wp-json\/wp\/v2\/pages\/25606","targetHints":{"allow":["GET"]}}],"collection":[{"href":"https:\/\/www.dadco.net\/de\/wp-json\/wp\/v2\/pages"}],"about":[{"href":"https:\/\/www.dadco.net\/de\/wp-json\/wp\/v2\/types\/page"}],"author":[{"embeddable":true,"href":"https:\/\/www.dadco.net\/de\/wp-json\/wp\/v2\/users\/1"}],"replies":[{"embeddable":true,"href":"https:\/\/www.dadco.net\/de\/wp-json\/wp\/v2\/comments?post=25606"}],"version-history":[{"count":5,"href":"https:\/\/www.dadco.net\/de\/wp-json\/wp\/v2\/pages\/25606\/revisions"}],"predecessor-version":[{"id":30399,"href":"https:\/\/www.dadco.net\/de\/wp-json\/wp\/v2\/pages\/25606\/revisions\/30399"}],"wp:attachment":[{"href":"https:\/\/www.dadco.net\/de\/wp-json\/wp\/v2\/media?parent=25606"}],"curies":[{"name":"wp","href":"https:\/\/api.w.org\/{rel}","templated":true}]}}