{"id":15163,"date":"2022-09-09T01:49:36","date_gmt":"2022-09-09T01:49:36","guid":{"rendered":"https:\/\/www.dadco.net\/unterstuetzende\/stickstoff-gasdruckfedern-befuellen-und-druckueberwachung\/"},"modified":"2023-11-08T20:42:37","modified_gmt":"2023-11-08T20:42:37","slug":"stickstoff-gasdruckfedern-befuellen-und-druckueberwachung","status":"publish","type":"page","link":"https:\/\/www.dadco.net\/de\/unterstuetzende\/stickstoff-gasdruckfedern-befuellen-und-druckueberwachung\/","title":{"rendered":"Stickstoff-Gasdruckfedern Bef\u00fcllen und Druck\u00fcberwachung"},"content":{"rendered":"<section class=\"l-section wpb_row height_auto\"><div class=\"l-section-h i-cf\"><div class=\"g-cols vc_row via_flex valign_top type_default stacking_default\"><div class=\"vc_col-sm-12 wpb_column vc_column_container\"><div class=\"vc_column-inner\"><div class=\"wpb_wrapper\"><div class=\"w-tabs style_default switch_click accordion has_scrolling\"><div class=\"w-tabs-sections titles-align_none icon_chevron cpos_right\"><div class=\"w-tabs-section active\" id=\"hade\"><button class=\"w-tabs-section-header active\" aria-controls=\"content-hade\" aria-expanded=\"true\"><h2 class=\"w-tabs-section-title\">Kraftmessdosen<\/h2><div class=\"w-tabs-section-control\"><\/div><\/button><div  class=\"w-tabs-section-content\" id=\"content-hade\"><div class=\"w-tabs-section-content-h i-cf\"><div class=\"g-cols wpb_row via_flex valign_top type_default stacking_default\"><div class=\"vc_col-sm-12 wpb_column vc_column_container\"><div class=\"vc_column-inner\"><div class=\"wpb_wrapper\"><div class=\"wpb_text_column\"><div class=\"wpb_wrapper\"><h3>Micro-Kraftmessdose<\/h3>\n<p>Detailierte Anleitung zur Anwendung der Micro (C) Serie Kraftme\u00dfdose.<\/p>\n<\/div><\/div><div class=\"w-btn-wrapper align_none\"><a class=\"w-btn us-btn-style_1\" target=\"_blank\" href=\"https:\/\/dadco.net\/wp-content\/uploads\/2016\/09\/microLC.pdf\"><span class=\"w-btn-label\">Micro-Kraftmessdose<\/span><\/a><\/div><\/div><\/div><\/div><\/div><div class=\"g-cols wpb_row via_flex valign_top type_default stacking_default\"><div class=\"vc_col-sm-12 wpb_column vc_column_container\"><div class=\"vc_column-inner\"><div class=\"wpb_wrapper\"><div class=\"wpb_text_column\"><div class=\"wpb_wrapper\"><h3>Standardm\u00e4\u00dfig Kraftmessdose<\/h3>\n<p>Detailierte Anleitung zur Anwendung der Kraftme\u00dfdose f\u00fcr Stickstoff-Gasdruckfedern<\/p>\n<\/div><\/div><div class=\"w-btn-wrapper align_none\"><a class=\"w-btn us-btn-style_1\" target=\"_blank\" href=\"https:\/\/dadco.net\/wp-content\/uploads\/2013\/02\/standard_lc3.pdf\"><span class=\"w-btn-label\">Standardm\u00e4\u00dfig Kraftmessdose<\/span><\/a><\/div><\/div><\/div><\/div><\/div><div class=\"g-cols wpb_row via_flex valign_top type_default stacking_default\"><div class=\"vc_col-sm-12 wpb_column vc_column_container\"><div class=\"vc_column-inner\"><div class=\"wpb_wrapper\"><div class=\"wpb_text_column\"><div class=\"wpb_wrapper\"><h3>Super Kompakt Kraftmessdose<\/h3>\n<p>Detailierte Anleitung zur Anwendung der Standard Kraftme\u00dfdose f\u00fcr die Super Kompact (SC) Serie<\/p>\n<\/div><\/div><div class=\"w-btn-wrapper align_none\"><a class=\"w-btn us-btn-style_1\" target=\"_blank\" href=\"https:\/\/dadco.net\/wp-content\/uploads\/2016\/09\/sc_loadcell3.pdf\"><span class=\"w-btn-label\">Super Kompakt Kraftmessdose<\/span><\/a><\/div><\/div><\/div><\/div><\/div><div class=\"g-cols wpb_row via_flex valign_top type_default stacking_default\"><div class=\"vc_col-sm-12 wpb_column vc_column_container\"><div class=\"vc_column-inner\"><div class=\"wpb_wrapper\"><div class=\"wpb_text_column\"><div class=\"wpb_wrapper\"><h3>Digitale Kraftmessdose<\/h3>\n<p>Bedienungsanleitung f\u00fcr DADCO\u2019s Digitale Kraftmessdose f\u00fcr Stickstoff-Gasdruckfedern.<\/p>\n<\/div><\/div><div class=\"w-btn-wrapper align_none\"><a class=\"w-btn us-btn-style_1\" target=\"_blank\" href=\"https:\/\/dadco.net\/wp-content\/uploads\/2016\/09\/digital_load_cell.pdf\"><span class=\"w-btn-label\">Digitale Kraftmessdose<\/span><\/a><\/div><\/div><\/div><\/div><\/div><div class=\"g-cols wpb_row via_flex valign_top type_default stacking_default\"><div class=\"vc_col-sm-12 wpb_column vc_column_container\"><div class=\"vc_column-inner\"><div class=\"wpb_wrapper\"><div class=\"wpb_text_column\"><div class=\"wpb_wrapper\"><h3>Druck\/Kraft-Tabelle f\u00fcr Stickstoff-Gasdruckfedern<\/h3>\n<p>Krafttabelle f\u00fcr alle Gasdruckfeder Serien nun als Bulletin in Poster Gr\u00f6\u00dfe erh\u00e4ltlich.<\/p>\n<\/div><\/div><div class=\"w-btn-wrapper align_none\"><a class=\"w-btn us-btn-style_1\" target=\"_blank\" href=\"https:\/\/dadco.net\/wp-content\/uploads\/2016\/10\/forcechart.pdf\"><span class=\"w-btn-label\">Druck\/Kraft-Tabelle f\u00fcr Stickstoff-Gasdruckfedern<\/span><\/a><\/div><\/div><\/div><\/div><\/div><\/div><\/div><\/div><div class=\"w-tabs-section\" id=\"n968\"><button class=\"w-tabs-section-header\" aria-controls=\"content-n968\" aria-expanded=\"false\"><h2 class=\"w-tabs-section-title\">Pr\u00fcfst\u00e4nde<\/h2><div class=\"w-tabs-section-control\"><\/div><\/button><div  class=\"w-tabs-section-content\" id=\"content-n968\"><div class=\"w-tabs-section-content-h i-cf\"><div class=\"g-cols wpb_row via_flex valign_top type_default stacking_default\"><div class=\"vc_col-sm-12 wpb_column vc_column_container\"><div class=\"vc_column-inner\"><div class=\"wpb_wrapper\"><div class=\"wpb_text_column\"><div class=\"wpb_wrapper\"><h3>Tragbarer Pr\u00fcfstand<\/h3>\n<p>Beschreibung der Handhabung des tragbaren Pr\u00fcfstand f\u00fcr gro\u00dfe Gasdruckfedern<\/p>\n<\/div><\/div><div class=\"w-btn-wrapper align_none\"><a class=\"w-btn us-btn-style_1\" target=\"_blank\" href=\"https:\/\/dadco.net\/wp-content\/uploads\/2022\/09\/PTS-25-Bulletin_B16112A.pdf\"><span class=\"w-btn-label\">Tragbarer Pr\u00fcfstand<\/span><\/a><\/div><\/div><\/div><\/div><\/div><div class=\"g-cols wpb_row via_flex valign_top type_default stacking_default\"><div class=\"vc_col-sm-12 wpb_column vc_column_container\"><div class=\"vc_column-inner\"><div class=\"wpb_wrapper\"><div class=\"wpb_text_column\"><div class=\"wpb_wrapper\"><h3>Mikro,Mini &amp; Ultra Force\u00ae Pr\u00fcfstand<\/h3>\n<p>Detailierte Anleitung zur Anwendung des Pr\u00fcfstandes f\u00fcr die Serien Mikro, Mini und Ultra Force<sup>\u00ae<\/sup> (U.0175 \u2013 U.1600) Stickstoff-Gasdruckfeder.<\/p>\n<\/div><\/div><div class=\"w-btn-wrapper align_none\"><a class=\"w-btn us-btn-style_1\" target=\"_blank\" href=\"https:\/\/dadco.net\/wp-content\/uploads\/2016\/09\/micro_mini_tstand.pdf\"><span class=\"w-btn-label\">Mikro,Mini &amp; Ultra Force\u00ae Pr\u00fcfstand<\/span><\/a><\/div><\/div><\/div><\/div><\/div><div class=\"g-cols wpb_row via_flex valign_top type_default stacking_default\"><div class=\"vc_col-sm-12 wpb_column vc_column_container\"><div class=\"vc_column-inner\"><div class=\"wpb_wrapper\"><div class=\"wpb_text_column\"><div class=\"wpb_wrapper\"><h3>Mikro Pr\u00fcfstand<\/h3>\n<p>Anleitung zur Verwendung des Mikro(C) serie Stickstoff-Gasdruckfedern Pr\u00fcfstand<\/p>\n<\/div><\/div><div class=\"w-btn-wrapper align_none\"><a class=\"w-btn us-btn-style_1\" target=\"_blank\" href=\"https:\/\/dadco.net\/wp-content\/uploads\/2016\/09\/mts125.pdf\"><span class=\"w-btn-label\">Mikro Pr\u00fcfstand<\/span><\/a><\/div><\/div><\/div><\/div><\/div><\/div><\/div><\/div><div class=\"w-tabs-section\" id=\"p6df\"><button class=\"w-tabs-section-header\" aria-controls=\"content-p6df\" aria-expanded=\"false\"><h2 class=\"w-tabs-section-title\">Bef\u00fcllen und Entl\u00fcft<\/h2><div class=\"w-tabs-section-control\"><\/div><\/button><div  class=\"w-tabs-section-content\" id=\"content-p6df\"><div class=\"w-tabs-section-content-h i-cf\"><div class=\"g-cols wpb_row via_flex valign_top type_default stacking_default\"><div class=\"vc_col-sm-12 wpb_column vc_column_container\"><div class=\"vc_column-inner\"><div class=\"wpb_wrapper\"><div class=\"wpb_text_column\"><div class=\"wpb_wrapper\"><h3>Bef\u00fcllen von Stickstoff-Gasdruckfedern<\/h3>\n<p>Hinweise zum Bef\u00fcllen von Stickstoff-Gasdruckfedern.<\/p>\n<\/div><\/div><div class=\"w-btn-wrapper align_none\"><a class=\"w-btn us-btn-style_1\" target=\"_blank\" href=\"https:\/\/dadco.net\/wp-content\/uploads\/2013\/02\/charging_bulletin.pdf\"><span class=\"w-btn-label\">Bef\u00fcllen von Stickstoff-Gasdruckfedern<\/span><\/a><\/div><\/div><\/div><\/div><\/div><div class=\"g-cols wpb_row via_flex valign_top type_default stacking_default\"><div class=\"vc_col-sm-12 wpb_column vc_column_container\"><div class=\"vc_column-inner\"><div class=\"wpb_wrapper\"><div class=\"wpb_text_column\"><div class=\"wpb_wrapper\"><h3>Stickstoff-Booster-System: DGB-150<\/h3>\n<p>Anleitung zu Merkmale, Spezifikationen und Bestellinformationen des Stickstoff-Booster-Systems.<\/p>\n<\/div><\/div><div class=\"w-btn-wrapper align_none\"><a class=\"w-btn us-btn-style_1\" target=\"_blank\" href=\"https:\/\/dadco.net\/wp-content\/uploads\/2013\/02\/booster_surgetank.pdf\"><span class=\"w-btn-label\">Stickstoff-Booster-System: DGB-150<\/span><\/a><\/div><\/div><\/div><\/div><\/div><div class=\"g-cols wpb_row via_flex valign_top type_default stacking_default\"><div class=\"vc_col-sm-12 wpb_column vc_column_container\"><div class=\"vc_column-inner\"><div class=\"wpb_wrapper\"><div class=\"wpb_text_column\"><div class=\"wpb_wrapper\"><h3>Ausgleichstank mit Bef\u00fcllarmatur<\/h3>\n<p>N\u00e4heres \u00fcber unterschiedliche Bef\u00fcllarmaturen, die mit einem Ausgleichstank zu einer zus\u00e4tzlichen Bef\u00fcllstation kombiniert werden k\u00f6nnen.<\/p>\n<\/div><\/div><div class=\"w-btn-wrapper align_none\"><a class=\"w-btn us-btn-style_1\" target=\"_blank\" href=\"https:\/\/dadco.net\/wp-content\/uploads\/2013\/03\/surge_tank_filling_assembly_kits.pdf\"><span class=\"w-btn-label\">Ausgleichstank mit Bef\u00fcllarmatur<\/span><\/a><\/div><\/div><\/div><\/div><\/div><div class=\"g-cols wpb_row via_flex valign_top type_default stacking_default\"><div class=\"vc_col-sm-12 wpb_column vc_column_container\"><div class=\"vc_column-inner\"><div class=\"wpb_wrapper\"><div class=\"wpb_text_column\"><div class=\"wpb_wrapper\"><h3>Druckregel- und Kontrollarmatur mit wechselbarem Anschluss: 90.315.5<\/h3>\n<p>Bedienungsanleitung f\u00fcr die Druckregel- und Kontrollarmatur mit wechselbarem Anschluss. Wird verwendet zum Bef\u00fcllen, F\u00fclldruck messen und Druck ablassen der Gasdruckfedern.<\/p>\n<\/div><\/div><div class=\"w-btn-wrapper align_none\"><a class=\"w-btn us-btn-style_1\" target=\"_blank\" href=\"https:\/\/dadco.net\/wp-content\/uploads\/2013\/02\/dpa51.pdf\"><span class=\"w-btn-label\">Druckregel- und Kontrollarmatur mit wechselbarem Anschluss: 90.315.5<\/span><\/a><\/div><\/div><\/div><\/div><\/div><div class=\"g-cols wpb_row via_flex valign_top type_default stacking_default\"><div class=\"vc_col-sm-12 wpb_column vc_column_container\"><div class=\"vc_column-inner\"><div class=\"wpb_wrapper\"><div class=\"wpb_text_column\"><div class=\"wpb_wrapper\"><h3>Schnelltrenn-Bef\u00fcllventil: 90.310.340<\/h3>\n<p>Details des 90.310.340 Bef\u00fcllventils zum Bef\u00fcllen von Gasdruckfedern mit hohem Druck. Neuheit ! einfaches entkuppeln unter Druckbelastung.<\/p>\n<\/div><\/div><div class=\"w-btn-wrapper align_none\"><a class=\"w-btn us-btn-style_1\" target=\"_blank\" href=\"https:\/\/dadco.net\/wp-content\/uploads\/2014\/03\/90.310.340_operational_bulletin.pdf\"><span class=\"w-btn-label\">Schnelltrenn-Bef\u00fcllventil: 90.310.340<\/span><\/a><\/div><div class=\"w-btn-wrapper align_none\"><a class=\"w-btn us-btn-style_1\" target=\"_blank\" href=\"https:\/\/dadco.net\/wp-content\/uploads\/2013\/03\/90.310.340_vent_instructions.pdf\"><span class=\"w-btn-label\">Entl\u00fcftungs Anleitung<\/span><\/a><\/div><\/div><\/div><\/div><\/div><div class=\"g-cols wpb_row via_flex valign_top type_default stacking_default\"><div class=\"vc_col-sm-12 wpb_column vc_column_container\"><div class=\"vc_column-inner\"><div class=\"wpb_wrapper\"><div class=\"wpb_text_column\"><div class=\"wpb_wrapper\"><h3>Bef\u00fcll-Vorrichtungen und Anschl\u00fcsse<\/h3>\n<p>Details \u00fcber diverse Bef\u00fcll-Vorrichtungen und Anschl\u00fcsse die von DADCO erh\u00e4ltlich sind.<\/p>\n<\/div><\/div><div class=\"w-btn-wrapper align_none\"><a class=\"w-btn us-btn-style_1\" target=\"_blank\" href=\"https:\/\/dadco.net\/wp-content\/uploads\/2013\/02\/filling_hardwarerevc.pdf\"><span class=\"w-btn-label\">Bef\u00fcll-Vorrichtungen und Anschl\u00fcsse<\/span><\/a><\/div><\/div><\/div><\/div><\/div><\/div><\/div><\/div><\/div><\/div><\/div><\/div><\/div><\/div><\/div><\/section>\n","protected":false},"excerpt":{"rendered":"KraftmessdosenMicro-Kraftmessdose Detailierte Anleitung zur Anwendung der Micro (C) Serie Kraftme\u00dfdose. Micro-KraftmessdoseStandardm\u00e4\u00dfig Kraftmessdose Detailierte Anleitung zur Anwendung der Kraftme\u00dfdose f\u00fcr Stickstoff-Gasdruckfedern Standardm\u00e4\u00dfig KraftmessdoseSuper Kompakt Kraftmessdose Detailierte Anleitung zur Anwendung der Standard Kraftme\u00dfdose f\u00fcr die Super Kompact (SC) Serie Super Kompakt KraftmessdoseDigitale Kraftmessdose Bedienungsanleitung f\u00fcr DADCO\u2019s Digitale Kraftmessdose f\u00fcr Stickstoff-Gasdruckfedern. Digitale KraftmessdoseDruck\/Kraft-Tabelle f\u00fcr Stickstoff-Gasdruckfedern Krafttabelle f\u00fcr alle...","protected":false},"author":1,"featured_media":0,"parent":14502,"menu_order":3,"comment_status":"closed","ping_status":"closed","template":"","meta":{"_acf_changed":false,"footnotes":""},"class_list":["post-15163","page","type-page","status-publish","hentry"],"acf":[],"_links":{"self":[{"href":"https:\/\/www.dadco.net\/de\/wp-json\/wp\/v2\/pages\/15163","targetHints":{"allow":["GET"]}}],"collection":[{"href":"https:\/\/www.dadco.net\/de\/wp-json\/wp\/v2\/pages"}],"about":[{"href":"https:\/\/www.dadco.net\/de\/wp-json\/wp\/v2\/types\/page"}],"author":[{"embeddable":true,"href":"https:\/\/www.dadco.net\/de\/wp-json\/wp\/v2\/users\/1"}],"replies":[{"embeddable":true,"href":"https:\/\/www.dadco.net\/de\/wp-json\/wp\/v2\/comments?post=15163"}],"version-history":[{"count":5,"href":"https:\/\/www.dadco.net\/de\/wp-json\/wp\/v2\/pages\/15163\/revisions"}],"predecessor-version":[{"id":28709,"href":"https:\/\/www.dadco.net\/de\/wp-json\/wp\/v2\/pages\/15163\/revisions\/28709"}],"up":[{"embeddable":true,"href":"https:\/\/www.dadco.net\/de\/wp-json\/wp\/v2\/pages\/14502"}],"wp:attachment":[{"href":"https:\/\/www.dadco.net\/de\/wp-json\/wp\/v2\/media?parent=15163"}],"curies":[{"name":"wp","href":"https:\/\/api.w.org\/{rel}","templated":true}]}}