{"id":15125,"date":"2022-09-15T15:40:18","date_gmt":"2022-09-15T15:40:18","guid":{"rendered":"https:\/\/www.dadco.net\/unterstuetzende\/faq\/pneumatikzylinder\/"},"modified":"2024-02-26T11:22:50","modified_gmt":"2024-02-26T16:22:50","slug":"pneumatikzylinder","status":"publish","type":"page","link":"https:\/\/www.dadco.net\/de\/unterstuetzende\/faq\/pneumatikzylinder\/","title":{"rendered":"Pneumatikzylinder"},"content":{"rendered":"<section class=\"l-section wpb_row height_auto\"><div class=\"l-section-h i-cf\"><div class=\"g-cols vc_row via_flex valign_top type_default stacking_default\"><div class=\"vc_col-sm-12 wpb_column vc_column_container\"><div class=\"vc_column-inner\"><div class=\"wpb_wrapper\"><div class=\"w-tabs style_default switch_click accordion has_scrolling\"><div class=\"w-tabs-sections titles-align_none icon_chevron cpos_right\"><div class=\"w-tabs-section active\" id=\"q479\"><button class=\"w-tabs-section-header active\" aria-controls=\"content-q479\" aria-expanded=\"true\"><h2 class=\"w-tabs-section-title\">Allgemeine Fragen zu Pneumatikzylindern<\/h2><div class=\"w-tabs-section-control\"><\/div><\/button><div  class=\"w-tabs-section-content\" id=\"content-q479\"><div class=\"w-tabs-section-content-h i-cf\"><div class=\"g-cols wpb_row via_flex valign_top type_default stacking_default\"><div class=\"vc_col-sm-12 wpb_column vc_column_container\"><div class=\"vc_column-inner\"><div class=\"wpb_wrapper\"><div class=\"wpb_text_column\"><div class=\"wpb_wrapper\"><h3>ENTSPRECHEN DADCO\u2019S PNEUMATIKZYLINDER DEN AUTOMOBIL-STANDARDS?<\/h3>\n<p>Ja, DADCO\u2019s HP Serie entspricht den meisten internationalen Standards. Das Produkt erf\u00fcllt die Anforderungen des North American Automotive Metric Standards (NAAMS), der Internationalen Standard Organization (ISO 6431) und des Verbands Deutscher Maschinen- und Anlagenbau e.V. (VDMA 24-562).<\/p>\n<\/div><\/div><\/div><\/div><\/div><\/div><div class=\"g-cols wpb_row via_flex valign_top type_default stacking_default\"><div class=\"vc_col-sm-12 wpb_column vc_column_container\"><div class=\"vc_column-inner\"><div class=\"wpb_wrapper\"><div class=\"wpb_text_column\"><div class=\"wpb_wrapper\"><div>\n<h3>SIND N\u00c4HERUNGSSCHALTER ODER MAGNETSCHALTER VERF\u00dcGBAR?<\/h3>\n<\/p>\n<\/div>\n<div>\n<p>Ja, beide Varianten sind verf\u00fcgbar.<\/p>\n<p>Der Magnetschalter z\u00e4hlt zu den am meisten verwendeten Sensoren. Die Magnetschalter werden an den Gewindestangen au\u00dfen, eng am nicht magnetischen Zylindergeh\u00e4use, befestigt. Ein magnetischer Kolben gibt dem Sensor ein Signal.  <\/p>\n<p>Ein weiterer gern verwendeter Sensor ist der N\u00e4herungsschalter. Einige N\u00e4herungsschalter sind speziell f\u00fcr den Einsatz in Pneumatikzylindern konzipiert, die meisten herk\u00f6mmlichen Schalter k\u00f6nnen jedoch an Pneumatikzylinder angepasst werden. Der Zylinder muss mit einem N\u00e4herungsanschluss hergestellt werden damit ein Sensor installiert werden kann. Bestellinformationen finden Sie auf Seite 29 des HP-Katalogs f\u00fcr metrische Pneumatikzylinder.   <\/p>\n<\/div>\n<\/div><\/div><\/div><\/div><\/div><\/div><\/div><\/div><\/div><div class=\"w-tabs-section\" id=\"kf8c\"><button class=\"w-tabs-section-header\" aria-controls=\"content-kf8c\" aria-expanded=\"false\"><h2 class=\"w-tabs-section-title\">Bestellen und Reparatur<\/h2><div class=\"w-tabs-section-control\"><\/div><\/button><div  class=\"w-tabs-section-content\" id=\"content-kf8c\"><div class=\"w-tabs-section-content-h i-cf\"><div class=\"g-cols wpb_row via_flex valign_top type_default stacking_default\"><div class=\"vc_col-sm-12 wpb_column vc_column_container\"><div class=\"vc_column-inner\"><div class=\"wpb_wrapper\"><div class=\"wpb_text_column\"><div class=\"wpb_wrapper\"><h3>Kann eine Hubl\u00e4nge bestellt werden welche nicht im Katalog aufgef\u00fchrt ist?<\/h3>\n<p>Ja, spezielle Hubl\u00e4ngen sind gegen Aufpreis erh\u00e4ltlich. Kontaktieren Sie DADCO f\u00fcr die Verf\u00fcgbarkeit.<\/p>\n<\/div><\/div><\/div><\/div><\/div><\/div><div class=\"g-cols wpb_row via_flex valign_top type_default stacking_default\"><div class=\"vc_col-sm-12 wpb_column vc_column_container\"><div class=\"vc_column-inner\"><div class=\"wpb_wrapper\"><div class=\"wpb_text_column\"><div class=\"wpb_wrapper\"><h3>WIE KANN ICH MEINEN HP-PNEUMATIKZYLINDER REPARIEREN?<\/h3>\n<\/div><\/div><div class=\"w-hwrapper valign_top align_none\"><div class=\"w-btn-wrapper align_none\"><a class=\"w-btn us-btn-style_1\" target=\"_blank\" href=\"https:\/\/www.dadco.net\/wp-content\/uploads\/2013\/02\/hp_repair_kit-bulletin_revB4.pdf\"><span class=\"w-btn-label\">HP Pneumatikzylinder Reparaturanleitung<\/span><\/a><\/div><div class=\"w-btn-wrapper align_none\"><a class=\"w-btn us-btn-style_1\" target=\"_blank\" href=\"https:\/\/www.dadco.net\/wp-content\/uploads\/2013\/02\/hp_sealrepair_revb.pdf\"><span class=\"w-btn-label\">HP Pneumatikzylinder Dichtungssatz<\/span><\/a><\/div><div class=\"w-btn-wrapper align_none\"><a class=\"w-btn us-btn-style_1\" target=\"_blank\" href=\"https:\/\/www.dadco.net\/wp-content\/uploads\/2013\/03\/hpn_repair_reva.pdf\"><span class=\"w-btn-label\">HP.N Pneumatikzylinder Dichtungssatz<\/span><\/a><\/div><div class=\"w-btn-wrapper align_none\"><a class=\"w-btn us-btn-style_1\" target=\"_blank\" href=\"https:\/\/www.dadco.net\/wp-content\/uploads\/2013\/02\/spHPsquare.pdf\"><span class=\"w-btn-label\">HP.S.50 Reparaturanleitung Dichtungssatz<\/span><\/a><\/div><\/div><\/div><\/div><\/div><\/div><\/div><\/div><\/div><\/div><\/div><\/div><\/div><\/div><\/div><\/div><\/section>\n","protected":false},"excerpt":{"rendered":"Allgemeine Fragen zu PneumatikzylindernENTSPRECHEN DADCO\u2019S PNEUMATIKZYLINDER DEN AUTOMOBIL-STANDARDS? Ja, DADCO\u2019s HP Serie entspricht den meisten internationalen Standards. Das Produkt erf\u00fcllt die Anforderungen des North American Automotive Metric Standards (NAAMS), der Internationalen Standard Organization (ISO 6431) und des Verbands Deutscher Maschinen- und Anlagenbau e.V. (VDMA 24-562). SIND N\u00c4HERUNGSSCHALTER ODER MAGNETSCHALTER VERF\u00dcGBAR? Ja, beide Varianten sind verf\u00fcgbar....","protected":false},"author":1,"featured_media":0,"parent":15066,"menu_order":3,"comment_status":"closed","ping_status":"closed","template":"","meta":{"footnotes":""},"class_list":["post-15125","page","type-page","status-publish","hentry"],"acf":[],"_links":{"self":[{"href":"https:\/\/www.dadco.net\/de\/wp-json\/wp\/v2\/pages\/15125","targetHints":{"allow":["GET"]}}],"collection":[{"href":"https:\/\/www.dadco.net\/de\/wp-json\/wp\/v2\/pages"}],"about":[{"href":"https:\/\/www.dadco.net\/de\/wp-json\/wp\/v2\/types\/page"}],"author":[{"embeddable":true,"href":"https:\/\/www.dadco.net\/de\/wp-json\/wp\/v2\/users\/1"}],"replies":[{"embeddable":true,"href":"https:\/\/www.dadco.net\/de\/wp-json\/wp\/v2\/comments?post=15125"}],"version-history":[{"count":5,"href":"https:\/\/www.dadco.net\/de\/wp-json\/wp\/v2\/pages\/15125\/revisions"}],"predecessor-version":[{"id":31184,"href":"https:\/\/www.dadco.net\/de\/wp-json\/wp\/v2\/pages\/15125\/revisions\/31184"}],"up":[{"embeddable":true,"href":"https:\/\/www.dadco.net\/de\/wp-json\/wp\/v2\/pages\/15066"}],"wp:attachment":[{"href":"https:\/\/www.dadco.net\/de\/wp-json\/wp\/v2\/media?parent=15125"}],"curies":[{"name":"wp","href":"https:\/\/api.w.org\/{rel}","templated":true}]}}