{"id":15113,"date":"2022-09-15T15:43:59","date_gmt":"2022-09-15T15:43:59","guid":{"rendered":"https:\/\/www.dadco.net\/unterstuetzende\/faq\/druckgeraete-richtlinie\/"},"modified":"2024-02-26T11:22:50","modified_gmt":"2024-02-26T16:22:50","slug":"druckgeraete-richtlinie","status":"publish","type":"page","link":"https:\/\/www.dadco.net\/de\/unterstuetzende\/faq\/druckgeraete-richtlinie\/","title":{"rendered":"PED \u2013 DRUCKGER\u00c4TE-RICHTLINIE"},"content":{"rendered":"<section class=\"l-section wpb_row height_auto\"><div class=\"l-section-h i-cf\"><div class=\"g-cols vc_row via_flex valign_top type_default stacking_default\"><div class=\"vc_col-sm-12 wpb_column vc_column_container\"><div class=\"vc_column-inner\"><div class=\"wpb_wrapper\"><div class=\"w-tabs style_default switch_click accordion has_scrolling\"><div class=\"w-tabs-sections titles-align_none icon_chevron cpos_right\"><div class=\"w-tabs-section active\" id=\"l264\"><button class=\"w-tabs-section-header active\" aria-controls=\"content-l264\" aria-expanded=\"true\"><h2 class=\"w-tabs-section-title\">Allgemeine PED Fragen<\/h2><div class=\"w-tabs-section-control\"><\/div><\/button><div  class=\"w-tabs-section-content\" id=\"content-l264\"><div class=\"w-tabs-section-content-h i-cf\"><div class=\"g-cols wpb_row via_flex valign_top type_default stacking_default\"><div class=\"vc_col-sm-12 wpb_column vc_column_container\"><div class=\"vc_column-inner\"><div class=\"wpb_wrapper\"><div class=\"wpb_text_column\"><div class=\"wpb_wrapper\"><div class=\"wrap\">\n<section id=\"contentwrap\">\n<section id=\"content\">\n<article id=\"post-428\" class=\"post\">\n<div class=\"entry\">\n<div id=\"target-id632347f0c1aa3\" class=\"collapseomatic_content \">\n<div>\n<h3>WAS IST DIE PED?<\/h3>\n<p>PED steht f\u00fcr \u201cPressure Equipment Directive\u201d (Druckger\u00e4te-Richtlinie). Ziel dieser Richtlinie ist die Vereinheitlichung der innerstaatlichen Gesetze in der EU in Bezug auf Konstruktion, Herstellung, Versuchsverfahren und Konformit\u00e4tsbewertung von Druckger\u00e4ten und Druckbaugruppen. Die Druckger\u00e4te-Richtline wurde durch das Europ\u00e4ische Parlament mit G\u00fcltigkeitsdatum ab 29. Mai 2002 beschlossen, und ist zwingend in der gesamten EU anzuwenden.  <\/p>\n<\/div>\n<\/div>\n<\/div>\n<\/article>\n<\/section>\n<\/section>\n<\/div>\n<\/div><\/div><\/div><\/div><\/div><\/div><div class=\"g-cols wpb_row via_flex valign_top type_default stacking_default\"><div class=\"vc_col-sm-12 wpb_column vc_column_container\"><div class=\"vc_column-inner\"><div class=\"wpb_wrapper\"><div class=\"wpb_text_column\"><div class=\"wpb_wrapper\"><div>\n<h3>ERF\u00dcLLT DADCO DIE PED-BESTIMMUNGEN?<\/h3>\n<p>Ja, DADCO ist zertifiziert vom T\u00dcV Rheinland \/ Berlin-Brandenburg. Alle DADCO Gasdruckfedern sind PED konform. Die in der EU verkauften Gasdruckfedern werden, soweit erforderlich, mit CE 0035 gekennzeichnet. Laut PED darf die CE-Kennzeichnung nur f\u00fcr Gasdruckfedern, welche unter bestimmte Kategorien fallen, erfolgen. D.h. die kleineren Gr\u00f6\u00dfen werden nicht CE gekennzeichnet.  <\/p>\n<\/div>\n<\/div><\/div><\/div><\/div><\/div><\/div><div class=\"g-cols wpb_row via_flex valign_top type_default stacking_default\"><div class=\"vc_col-sm-12 wpb_column vc_column_container\"><div class=\"vc_column-inner\"><div class=\"wpb_wrapper\"><div class=\"wpb_text_column\"><div class=\"wpb_wrapper\"><div>\n<h3>WAREN KONSTRUKTIONS\u00c4NDERUNGEN AN DADCO\u2019S GASDRUCKFEDERN NOTWENDIG UM DIE PED-BESTIMMUNGEN ZU ERF\u00dcLLEN?<\/h3>\n<p>Nein, es waren keine konstruktiven Ver\u00e4nderungen an den DADCO Gasdruckfedern notwendig um den PED-Bestimmungen gerecht zu werden.<\/p>\n<\/div>\n<\/div><\/div><\/div><\/div><\/div><\/div><div class=\"g-cols wpb_row via_flex valign_top type_default stacking_default\"><div class=\"vc_col-sm-12 wpb_column vc_column_container\"><div class=\"vc_column-inner\"><div class=\"wpb_wrapper\"><div class=\"wpb_text_column\"><div class=\"wpb_wrapper\"><div>\n<h3>UNTER WELCHEM MODUL DER PED WURDE DADCO ZERTIFIZIERT?<\/h3>\n<p>DADCO ist unter dem PED Modul A1 des T\u00dcV Rheinland \/ Berlin- Brandenburg zertifiziert.<\/p>\n<\/div>\n<\/div><\/div><\/div><\/div><\/div><\/div><div class=\"g-cols wpb_row via_flex valign_top type_default stacking_default\"><div class=\"vc_col-sm-12 wpb_column vc_column_container\"><div class=\"vc_column-inner\"><div class=\"wpb_wrapper\"><div class=\"wpb_text_column\"><div class=\"wpb_wrapper\"><div>\n<h3>GIBT ES PUNKTE, DIE IN BEZUG AUF REPARATUR ODER AUSTAUSCH \u00c4LTERER DADCO GASDRUCKFEDERN ZU BEACHTEN SIND?<\/h3>\n<p>Nein, Reparatur und Austausch von DADCO Gasdruckfedern bleiben so einfach wie bisher. Alle Komponenten, auch die der vor Einf\u00fchrung der PED gefertigten Gasdruckfedern, entsprechen den PED-Richtlinien. Der Beste Weg f\u00fcr eine sichere Reparatur von Gasdruckfedern ist gezielte Schulung des Personals sowie das Einhalten der Schritte in den vorhandenen Reparaturanleitungen, es sollte immer sichergestellt werden, dass nur Ersatzteile des jeweiligen Herstellers der Gasdruckfedern verwendet werden.  <\/p>\n<\/div>\n<\/div><\/div><\/div><\/div><\/div><\/div><div class=\"g-cols wpb_row via_flex valign_top type_default stacking_default\"><div class=\"vc_col-sm-12 wpb_column vc_column_container\"><div class=\"vc_column-inner\"><div class=\"wpb_wrapper\"><div class=\"wpb_text_column\"><div class=\"wpb_wrapper\"><div>\n<h3>SIND AUDITS IN BEZUG AUF DAS IN DER PRODUKTION VERWENDETE MATERIAL NOTWENDIG?<\/h3>\n<p>Ja, die verwendeten Materialien m\u00fcssen r\u00fcckverfolgbar sein und den Werkstoffanforderungen der PED entsprechen. Alle in der 90.10 Serie bisher verwendeten Materialen entsprachen bereits diesen Anforderungen.  <\/p>\n<\/div>\n<\/div><\/div><\/div><\/div><\/div><\/div><div class=\"g-cols wpb_row via_flex valign_top type_default stacking_default\"><div class=\"vc_col-sm-12 wpb_column vc_column_container\"><div class=\"vc_column-inner\"><div class=\"wpb_wrapper\"><div class=\"wpb_text_column\"><div class=\"wpb_wrapper\"><h3>WAS IST DER UNTERSCHIED ZWISCHEN CE GEKENNZEICHNETEN UND NICHT CE GEKENNZEICHNETEN DADCO GASDRUCKFEDERN?<\/h3>\n<p>Die Konstruktion, Fertigung, Materialien und Qualit\u00e4t sind identisch. CE gekennzeichnete Gasdruckfedern unterliegen zus\u00e4tzlichen Schwei\u00df- und Drucktests gem\u00e4\u00df den PED-Richtlinien. Die CE Kennzeichnung ist nur f\u00fcr den EU-Markt erforderlich.<\/p>\n<\/div><\/div><\/div><\/div><\/div><\/div><\/div><\/div><\/div><\/div><\/div><\/div><\/div><\/div><\/div><\/div><\/section>\n","protected":false},"excerpt":{"rendered":"Allgemeine PED Fragen WAS IST DIE PED? PED steht f\u00fcr \u201cPressure Equipment Directive\u201d (Druckger\u00e4te-Richtlinie). Ziel dieser Richtlinie ist die Vereinheitlichung der innerstaatlichen Gesetze in der EU in Bezug auf Konstruktion, Herstellung, Versuchsverfahren und Konformit\u00e4tsbewertung von Druckger\u00e4ten und Druckbaugruppen. Die Druckger\u00e4te-Richtline wurde durch das Europ\u00e4ische Parlament mit G\u00fcltigkeitsdatum ab 29. Mai 2002 beschlossen, und ist zwingend...","protected":false},"author":1,"featured_media":0,"parent":15066,"menu_order":5,"comment_status":"closed","ping_status":"closed","template":"","meta":{"footnotes":""},"class_list":["post-15113","page","type-page","status-publish","hentry"],"acf":[],"_links":{"self":[{"href":"https:\/\/www.dadco.net\/de\/wp-json\/wp\/v2\/pages\/15113","targetHints":{"allow":["GET"]}}],"collection":[{"href":"https:\/\/www.dadco.net\/de\/wp-json\/wp\/v2\/pages"}],"about":[{"href":"https:\/\/www.dadco.net\/de\/wp-json\/wp\/v2\/types\/page"}],"author":[{"embeddable":true,"href":"https:\/\/www.dadco.net\/de\/wp-json\/wp\/v2\/users\/1"}],"replies":[{"embeddable":true,"href":"https:\/\/www.dadco.net\/de\/wp-json\/wp\/v2\/comments?post=15113"}],"version-history":[{"count":5,"href":"https:\/\/www.dadco.net\/de\/wp-json\/wp\/v2\/pages\/15113\/revisions"}],"predecessor-version":[{"id":31175,"href":"https:\/\/www.dadco.net\/de\/wp-json\/wp\/v2\/pages\/15113\/revisions\/31175"}],"up":[{"embeddable":true,"href":"https:\/\/www.dadco.net\/de\/wp-json\/wp\/v2\/pages\/15066"}],"wp:attachment":[{"href":"https:\/\/www.dadco.net\/de\/wp-json\/wp\/v2\/media?parent=15113"}],"curies":[{"name":"wp","href":"https:\/\/api.w.org\/{rel}","templated":true}]}}