{"id":15031,"date":"2022-09-09T01:49:23","date_gmt":"2022-09-09T01:49:23","guid":{"rendered":"https:\/\/www.dadco.net\/unterstuetzende\/stickstoff-gasdruckfedern-service-und-reparatur-werkzeuge\/"},"modified":"2023-11-08T20:11:21","modified_gmt":"2023-11-08T20:11:21","slug":"stickstoff-gasdruckfedern-service-und-reparatur-werkzeuge","status":"publish","type":"page","link":"https:\/\/www.dadco.net\/de\/unterstuetzende\/stickstoff-gasdruckfedern-service-und-reparatur-werkzeuge\/","title":{"rendered":"Stickstoff-Gasdruckfedern Service und Reparatur Werkzeuge"},"content":{"rendered":"<section class=\"l-section wpb_row height_auto\"><div class=\"l-section-h i-cf\"><div class=\"g-cols vc_row via_flex valign_top type_default stacking_default\"><div class=\"vc_col-sm-12 wpb_column vc_column_container\"><div class=\"vc_column-inner\"><div class=\"wpb_wrapper\"><div class=\"w-tabs style_default switch_click accordion has_scrolling\"><div class=\"w-tabs-sections titles-align_none icon_chevron cpos_right\"><div class=\"w-tabs-section active\" id=\"b2a2\"><button class=\"w-tabs-section-header active\" aria-controls=\"content-b2a2\" aria-expanded=\"true\"><h2 class=\"w-tabs-section-title\">DADCO Reperatursatzes<\/h2><div class=\"w-tabs-section-control\"><\/div><\/button><div  class=\"w-tabs-section-content\" id=\"content-b2a2\"><div class=\"w-tabs-section-content-h i-cf\"><div class=\"g-cols wpb_row via_flex valign_top type_default stacking_default\"><div class=\"vc_col-sm-12 wpb_column vc_column_container\"><div class=\"vc_column-inner\"><div class=\"wpb_wrapper\"><div class=\"wpb_text_column\"><div class=\"wpb_wrapper\"><p>Eine Zusammenfassung der Stickstoff-Gasdruckfeder Serien und der dazugeh\u00f6rigen Reparatursatz Artikelnummer. Die Reparaturs\u00e4tze dienen der grundlegenden Reparatur der Stickstoff-Gasdruckfedern.<\/p>\n<\/div><\/div><div class=\"w-btn-wrapper align_none\"><a class=\"w-btn us-btn-style_1\" target=\"_blank\" href=\"https:\/\/dadco.net\/wp-content\/uploads\/2013\/02\/repairkits.pdf\"><span class=\"w-btn-label\">DADCO Reparaturs\u00e4tze<\/span><\/a><\/div><\/div><\/div><\/div><\/div><\/div><\/div><\/div><div class=\"w-tabs-section\" id=\"cc31\"><button class=\"w-tabs-section-header\" aria-controls=\"content-cc31\" aria-expanded=\"false\"><h2 class=\"w-tabs-section-title\">L \/ LJ \/ U Serie<\/h2><div class=\"w-tabs-section-control\"><\/div><\/button><div  class=\"w-tabs-section-content\" id=\"content-cc31\"><div class=\"w-tabs-section-content-h i-cf\"><div class=\"g-cols wpb_row via_flex valign_top type_default stacking_default\"><div class=\"vc_col-sm-12 wpb_column vc_column_container\"><div class=\"vc_column-inner\"><div class=\"wpb_wrapper\"><div class=\"wpb_text_column\"><div class=\"wpb_wrapper\"><h3>L\/LJ\/U -Serie Reparaturanleitung<\/h3>\n<p>Detailierte Anleitung zur Reparatur der 90.3\/L, 90.7\/LJ und U-Serie (U.0400-U.1600) Stickstoff-Gasdruckfedern.<\/p>\n<\/div><\/div><div class=\"w-btn-wrapper align_none\"><a class=\"w-btn us-btn-style_1\" target=\"_blank\" href=\"https:\/\/dadco.net\/wp-content\/uploads\/2013\/02\/l_lj_u_miant_revF2.pdf\"><span class=\"w-btn-label\">L\/LJ\/U -Serie Reparaturanleitung<\/span><\/a><\/div><div class=\"w-btn-wrapper align_none\"><a class=\"w-btn us-btn-style_1\" title=\"Videos\" href=\"https:\/\/dadco.net\/de\/unterstuetzende\/videos\/\"><span class=\"w-btn-label\">Video<\/span><\/a><\/div><\/div><\/div><\/div><\/div><div class=\"g-cols wpb_row via_flex valign_top type_default stacking_default\"><div class=\"vc_col-sm-12 wpb_column vc_column_container\"><div class=\"vc_column-inner\"><div class=\"wpb_wrapper\"><div class=\"wpb_text_column\"><div class=\"wpb_wrapper\"><h3>U\/UX\/UH\/UT -Serie Reparaturanleitung<\/h3>\n<p>Ausf\u00fchrliches Anleitungsbulletin f\u00fcr die Ultra Force Serie, UH Serie (Modelle UH.2600- UH.6600), UT (Modelle UT.2600-UT.9600), UK Serie und UX Serie (Modelle UX.2600-UX.20000).<\/p>\n<\/div><\/div><div class=\"w-btn-wrapper align_none\"><a class=\"w-btn us-btn-style_1\" target=\"_blank\" href=\"https:\/\/dadco.net\/wp-content\/uploads\/2013\/02\/u_Maintenance.pdf\"><span class=\"w-btn-label\">U Serie Reparaturanleitung<\/span><\/a><\/div><\/div><\/div><\/div><\/div><div class=\"g-cols wpb_row via_flex valign_top type_default stacking_default\"><div class=\"vc_col-sm-12 wpb_column vc_column_container\"><div class=\"vc_column-inner\"><div class=\"wpb_wrapper\"><div class=\"wpb_text_column\"><div class=\"wpb_wrapper\"><h3>FCL Serie Wartungsanleitung<\/h3>\n<p>Ausf\u00fchrliche Anleitung zur Reparatur und Wartung der FCL Serie.<\/p>\n<\/div><\/div><div class=\"w-btn-wrapper align_none\"><a class=\"w-btn us-btn-style_1\" target=\"_blank\" href=\"https:\/\/dadco.net\/wp-content\/uploads\/2017\/05\/fcl_maintenance_bulletin.pdf\"><span class=\"w-btn-label\">FCL Serie Wartungsanleitung<\/span><\/a><\/div><\/div><\/div><\/div><\/div><\/div><\/div><\/div><div class=\"w-tabs-section\" id=\"hf1f\"><button class=\"w-tabs-section-header\" aria-controls=\"content-hf1f\" aria-expanded=\"false\"><h2 class=\"w-tabs-section-title\">90.9 Serie<\/h2><div class=\"w-tabs-section-control\"><\/div><\/button><div  class=\"w-tabs-section-content\" id=\"content-hf1f\"><div class=\"w-tabs-section-content-h i-cf\"><div class=\"g-cols wpb_row via_flex valign_top type_default stacking_default\"><div class=\"vc_col-sm-12 wpb_column vc_column_container\"><div class=\"vc_column-inner\"><div class=\"wpb_wrapper\"><div class=\"wpb_text_column\"><div class=\"wpb_wrapper\"><h3>90.9 Serie Reparaturanleitung<\/h3>\n<p>Detailierte Anleitung zur Reparatur der Stickstoff-Gasdruckfeder 90.9 Serie<\/p>\n<\/div><\/div><div class=\"w-btn-wrapper align_none\"><a class=\"w-btn us-btn-style_1\" target=\"_blank\" href=\"https:\/\/dadco.net\/wp-content\/uploads\/2013\/02\/90.9_maint_instructions.pdf\"><span class=\"w-btn-label\">90.9 Serie Reparaturanleitung<\/span><\/a><\/div><\/div><\/div><\/div><\/div><\/div><\/div><\/div><div class=\"w-tabs-section\" id=\"r229\"><button class=\"w-tabs-section-header\" aria-controls=\"content-r229\" aria-expanded=\"false\"><h2 class=\"w-tabs-section-title\">SC Serie<\/h2><div class=\"w-tabs-section-control\"><\/div><\/button><div  class=\"w-tabs-section-content\" id=\"content-r229\"><div class=\"w-tabs-section-content-h i-cf\"><div class=\"g-cols wpb_row via_flex valign_top type_default stacking_default\"><div class=\"vc_col-sm-12 wpb_column vc_column_container\"><div class=\"vc_column-inner\"><div class=\"wpb_wrapper\"><div class=\"wpb_text_column\"><div class=\"wpb_wrapper\"><h3>SC Series Reparaturanleitung<\/h3>\n<p>Detailierte Anleitung zur Reparatur der Stickstoff-Gasdruckfeder SC \u2013 Serie (Modelle SC.00740-18300)<\/p>\n<\/div><\/div><div class=\"w-btn-wrapper align_none\"><a class=\"w-btn us-btn-style_1\" target=\"_blank\" href=\"https:\/\/dadco.net\/wp-content\/uploads\/2013\/02\/sc_large_maintenance11.pdf\"><span class=\"w-btn-label\">SC Series Reparaturanleitung<\/span><\/a><\/div><\/div><\/div><\/div><\/div><\/div><\/div><\/div><div class=\"w-tabs-section\" id=\"t4fe\"><button class=\"w-tabs-section-header\" aria-controls=\"content-t4fe\" aria-expanded=\"false\"><h2 class=\"w-tabs-section-title\">SCLW<\/h2><div class=\"w-tabs-section-control\"><\/div><\/button><div  class=\"w-tabs-section-content\" id=\"content-t4fe\"><div class=\"w-tabs-section-content-h i-cf\"><div class=\"g-cols wpb_row via_flex valign_top type_default stacking_default\"><div class=\"vc_col-sm-12 wpb_column vc_column_container\"><div class=\"vc_column-inner\"><div class=\"wpb_wrapper\"><div class=\"wpb_text_column\"><div class=\"wpb_wrapper\"><h3>SCLW Wartungsanleitung<\/h3>\n<p>Detailliertes Instruktions bulletin f\u00fcr die geschwei\u00dften Super Kompakt Modelle:SCLW.07500, SCLW.11800 und SCLW.18300<\/p>\n<\/div><\/div><div class=\"w-btn-wrapper align_none\"><a class=\"w-btn us-btn-style_1\" target=\"_blank\" href=\"https:\/\/dadco.net\/wp-content\/uploads\/2018\/06\/sclw_maintenance_bulletin.pdf\"><span class=\"w-btn-label\">SCLW Wartungsanleitung<\/span><\/a><\/div><\/div><\/div><\/div><\/div><\/div><\/div><\/div><div class=\"w-tabs-section\" id=\"hba2\"><button class=\"w-tabs-section-header\" aria-controls=\"content-hba2\" aria-expanded=\"false\"><h2 class=\"w-tabs-section-title\">90.8 \/ 90.10 \/ 90.10RX \/ 90.5B \/ 90.5B2 Serie<\/h2><div class=\"w-tabs-section-control\"><\/div><\/button><div  class=\"w-tabs-section-content\" id=\"content-hba2\"><div class=\"w-tabs-section-content-h i-cf\"><div class=\"g-cols wpb_row via_flex valign_top type_default stacking_default\"><div class=\"vc_col-sm-12 wpb_column vc_column_container\"><div class=\"vc_column-inner\"><div class=\"wpb_wrapper\"><div class=\"wpb_text_column\"><div class=\"wpb_wrapper\"><h3>90.5B Reparaturanleitung<\/h3>\n<p>Detailierte Anleitung zur Reparatur der Stickstoff-Gasdruckfeder 90.5B \u2013 Serie<\/p>\n<\/div><\/div><div class=\"w-btn-wrapper align_none\"><a class=\"w-btn us-btn-style_1\" target=\"_blank\" href=\"https:\/\/dadco.net\/wp-content\/uploads\/2013\/02\/90.5b_maintenance_revc.pdf\"><span class=\"w-btn-label\">90.5B Reparaturanleitung<\/span><\/a><\/div><div class=\"w-btn-wrapper align_none\"><a class=\"w-btn us-btn-style_1\" title=\"Videos\" href=\"https:\/\/dadco.net\/de\/unterstuetzende\/videos\/\"><span class=\"w-btn-label\">Video<\/span><\/a><\/div><\/div><\/div><\/div><\/div><div class=\"g-cols wpb_row via_flex valign_top type_default stacking_default\"><div class=\"vc_col-sm-12 wpb_column vc_column_container\"><div class=\"vc_column-inner\"><div class=\"wpb_wrapper\"><div class=\"wpb_text_column\"><div class=\"wpb_wrapper\"><h3>90.8\/90.10\/90.10RX\/90.5B2 Reparaturanleitung<\/h3>\n<p>Detailierte Anleitung zur Reparatur der Stickstoff-Gasdruckfeder 90.8 \/ 90.10 \/90.10RX \/ 90.5B2 \u2013 Serie<\/p>\n<\/div><\/div><div class=\"w-btn-wrapper align_none\"><a class=\"w-btn us-btn-style_1\" target=\"_blank\" href=\"https:\/\/dadco.net\/wp-content\/uploads\/2013\/02\/90.10_90.5b2_90.8_maint.pdf\"><span class=\"w-btn-label\">90.8\/90.10\/90.10RX\/90.5B2 Reparaturanleitung<\/span><\/a><\/div><div class=\"w-btn-wrapper align_none\"><a class=\"w-btn us-btn-style_1\" title=\"Videos\" href=\"https:\/\/dadco.net\/de\/unterstuetzende\/videos\/\"><span class=\"w-btn-label\">Video<\/span><\/a><\/div><\/div><\/div><\/div><\/div><\/div><\/div><\/div><div class=\"w-tabs-section\" id=\"jea6\"><button class=\"w-tabs-section-header\" aria-controls=\"content-jea6\" aria-expanded=\"false\"><h2 class=\"w-tabs-section-title\">90.10 DS Serie<\/h2><div class=\"w-tabs-section-control\"><\/div><\/button><div  class=\"w-tabs-section-content\" id=\"content-jea6\"><div class=\"w-tabs-section-content-h i-cf\"><div class=\"g-cols wpb_row via_flex valign_top type_default stacking_default\"><div class=\"vc_col-sm-12 wpb_column vc_column_container\"><div class=\"vc_column-inner\"><div class=\"wpb_wrapper\"><div class=\"wpb_text_column\"><div class=\"wpb_wrapper\"><h3>90.10 DS Reparatur Anleitungen<\/h3>\n<p>Detaillierte Anleitung zu Reparatur und Service der 90.10 DS Stickstoff-Gasdruckfedern.<\/p>\n<\/div><\/div><div class=\"w-btn-wrapper align_none\"><a class=\"w-btn us-btn-style_1\" target=\"_blank\" href=\"https:\/\/dadco.net\/wp-content\/uploads\/2014\/12\/90.10_ds_maintenance.pdf\"><span class=\"w-btn-label\">90.10 DS Reparatur Anleitungen<\/span><\/a><\/div><\/div><\/div><\/div><\/div><\/div><\/div><\/div><div class=\"w-tabs-section\" id=\"t73b\"><button class=\"w-tabs-section-header\" aria-controls=\"content-t73b\" aria-expanded=\"false\"><h2 class=\"w-tabs-section-title\">90.10R Serie<\/h2><div class=\"w-tabs-section-control\"><\/div><\/button><div  class=\"w-tabs-section-content\" id=\"content-t73b\"><div class=\"w-tabs-section-content-h i-cf\"><div class=\"g-cols wpb_row via_flex valign_top type_default stacking_default\"><div class=\"vc_col-sm-12 wpb_column vc_column_container\"><div class=\"vc_column-inner\"><div class=\"wpb_wrapper\"><div class=\"wpb_text_column\"><div class=\"wpb_wrapper\"><h3>90.201R Reparaturanleitung<\/h3>\n<p>Detailierte Anleitung zur Reparatur der Stickstoff-Gasdruckfeder 90.10R.03000 mit Angabe des Reparatursatz 90.201R.3000 durch Laserbeschiftung am Geh\u00e4use.<\/p>\n<\/div><\/div><div class=\"w-btn-wrapper align_none\"><a class=\"w-btn us-btn-style_1\" target=\"_blank\" href=\"https:\/\/dadco.net\/wp-content\/uploads\/2013\/03\/90.201r.pdf\"><span class=\"w-btn-label\">90.201R Reparaturanleitung<\/span><\/a><\/div><\/div><\/div><\/div><\/div><div class=\"g-cols wpb_row via_flex valign_top type_default stacking_default\"><div class=\"vc_col-sm-12 wpb_column vc_column_container\"><div class=\"vc_column-inner\"><div class=\"wpb_wrapper\"><div class=\"wpb_text_column\"><div class=\"wpb_wrapper\"><h3>90.202R Reparaturanleitung<\/h3>\n<p>Detailierte Anleitung zur Reparatur der Stickstoff-Gasdruckfeder 90.10R.05000 mit Angabe des Reparatursatz 90.202R.5000 durch Laserbeschiftung am Geh\u00e4use und f\u00fcr die 90.10R.07500 Gasdruckfeder mir Reperatursatz 90.202R.7500.<\/p>\n<\/div><\/div><div class=\"w-btn-wrapper align_none\"><a class=\"w-btn us-btn-style_1\" target=\"_blank\" href=\"https:\/\/dadco.net\/wp-content\/uploads\/2013\/02\/90.202r3.pdf\"><span class=\"w-btn-label\">90.202R Reparaturanleitung<\/span><\/a><\/div><\/div><\/div><\/div><\/div><div class=\"g-cols wpb_row via_flex valign_top type_default stacking_default\"><div class=\"vc_col-sm-12 wpb_column vc_column_container\"><div class=\"vc_column-inner\"><div class=\"wpb_wrapper\"><div class=\"wpb_text_column\"><div class=\"wpb_wrapper\"><h3>90.203R Reparaturanleitung<\/h3>\n<p>Detailierte Anleitung zur Reparatur der Stickstoff-Gasdruckfeder 90.10R.05000 mit Angabe des Reparatursatz 90.201R.5000 durch Laserbeschiftung am Geh\u00e4use und f\u00fcr die 90.10R.07500 Gasdruckfeder mir Reperatursatz 90.201R.7500.<br \/>\n<em>Hinweis: Diese Reperaturanleitungen k\u00f6nnen verwendet werden um die 90.10 Serie, 90.10.05000 und 90.10.07500, in die RIC\u2122 Serie 90.10R.05000 und 90.10R.07500. umzur\u00fcsten.<\/em><\/p>\n<\/div><\/div><div class=\"w-btn-wrapper align_none\"><a class=\"w-btn us-btn-style_1\" target=\"_blank\" href=\"https:\/\/dadco.net\/wp-content\/uploads\/2013\/02\/90.203r.pdf\"><span class=\"w-btn-label\">90.203R Reparaturanleitung<\/span><\/a><\/div><\/div><\/div><\/div><\/div><\/div><\/div><\/div><div class=\"w-tabs-section\" id=\"rc94\"><button class=\"w-tabs-section-header\" aria-controls=\"content-rc94\" aria-expanded=\"false\"><h2 class=\"w-tabs-section-title\">Reparatur Werkzeuge<\/h2><div class=\"w-tabs-section-control\"><\/div><\/button><div  class=\"w-tabs-section-content\" id=\"content-rc94\"><div class=\"w-tabs-section-content-h i-cf\"><div class=\"g-cols wpb_row via_flex valign_top type_default stacking_default\"><div class=\"vc_col-sm-12 wpb_column vc_column_container\"><div class=\"vc_column-inner\"><div class=\"wpb_wrapper\"><div class=\"wpb_text_column\"><div class=\"wpb_wrapper\"><h3>Reparatur-Werkzeug-Satz<\/h3>\n<p>Die popul\u00e4ren Reparaturwerkzeuge sind nun als kompletter Satz in einem Handkoffer erh\u00e4ltlich.<\/p>\n<\/div><\/div><div class=\"w-btn-wrapper align_none\"><a class=\"w-btn us-btn-style_1\" target=\"_blank\" href=\"https:\/\/dadco.net\/wp-content\/uploads\/2013\/03\/repair_tools.pdf\"><span class=\"w-btn-label\">Reparatur-Werkzeug-Satz<\/span><\/a><\/div><\/div><\/div><\/div><\/div><div class=\"g-cols wpb_row via_flex valign_top type_default stacking_default\"><div class=\"vc_col-sm-12 wpb_column vc_column_container\"><div class=\"vc_column-inner\"><div class=\"wpb_wrapper\"><div class=\"wpb_text_column\"><div class=\"wpb_wrapper\"><h3>Reparatur Werkzeugs\u00e4tze<\/h3>\n<p>Es gibt f\u00fcr die 3 Hauptgruppen von Gasdruckfedern je einen Werkzeugsatz: Micro, Mini und Gro\u00dfe Serien.<\/p>\n<\/div><\/div><div class=\"w-btn-wrapper align_none\"><a class=\"w-btn us-btn-style_1\" target=\"_blank\" href=\"https:\/\/dadco.net\/wp-content\/uploads\/2013\/02\/tool_kits_reva.pdf\"><span class=\"w-btn-label\">Reparatur Werkzeugs\u00e4tze<\/span><\/a><\/div><\/div><\/div><\/div><\/div><div class=\"g-cols wpb_row via_flex valign_top type_default stacking_default\"><div class=\"vc_col-sm-12 wpb_column vc_column_container\"><div class=\"vc_column-inner\"><div class=\"wpb_wrapper\"><div class=\"wpb_text_column\"><div class=\"wpb_wrapper\"><h3>RT \u2013 R\u00e4tschenwerkzeug<\/h3>\n<p>Diese Beschreibung listet die unterschiedlichen RT R\u00e4tschenwerkzeuge auf, zur einfachen Montage und Demontage der Micro-Gasdruckfedern mit Au\u00dfengewinde und der SL.16 Teileheber.<\/p>\n<\/div><\/div><div class=\"w-btn-wrapper align_none\"><a class=\"w-btn us-btn-style_1\" target=\"_blank\" href=\"https:\/\/dadco.net\/wp-content\/uploads\/2022\/09\/RT-Tool-Bulletin-1.pdf\"><span class=\"w-btn-label\">RT \u2013 R\u00e4tschenwerkzeug<\/span><\/a><\/div><\/div><\/div><\/div><\/div><div class=\"g-cols wpb_row via_flex valign_top type_default stacking_default\"><div class=\"vc_col-sm-12 wpb_column vc_column_container\"><div class=\"vc_column-inner\"><div class=\"wpb_wrapper\"><div class=\"wpb_text_column\"><div class=\"wpb_wrapper\"><h3>Ventilwerkzeug<\/h3>\n<p>Beschreibung der 8 verschiedenen Werkzeug-Bits und deren Verwendungsm\u00f6glichkeit. Dieses Werkzeug beinhaltet alle Bits f\u00fcr Servicearbeiten am Bef\u00fcllanschluss der Gasdruckfedern.<\/p>\n<\/div><\/div><div class=\"w-btn-wrapper align_none\"><a class=\"w-btn us-btn-style_1\" target=\"_blank\" href=\"https:\/\/dadco.net\/wp-content\/uploads\/2013\/02\/port_-servicing_-tool.pdf\"><span class=\"w-btn-label\">Ventilwerkzeug<\/span><\/a><\/div><\/div><\/div><\/div><\/div><div class=\"g-cols wpb_row via_flex valign_top type_default stacking_default\"><div class=\"vc_col-sm-12 wpb_column vc_column_container\"><div class=\"vc_column-inner\"><div class=\"wpb_wrapper\"><div class=\"wpb_text_column\"><div class=\"wpb_wrapper\"><h3>90.356 \/ (RP-40)<\/h3>\n<p>Anleitung f\u00fcr gro\u00dfe und kleine C-Ring Demontage Werkzeuge. Dieses Werkzeug ist f\u00fcr den Gebrauch von gro\u00dfen Gasdruckfedern.<\/p>\n<\/div><\/div><div class=\"w-btn-wrapper align_none\"><a class=\"w-btn us-btn-style_1\" target=\"_blank\" href=\"https:\/\/dadco.net\/wp-content\/uploads\/2013\/02\/rp-401.pdf\"><span class=\"w-btn-label\">90.356 \/ (RP-40)<\/span><\/a><\/div><div class=\"w-btn-wrapper align_none\"><a class=\"w-btn us-btn-style_1\" title=\"Videos\" href=\"https:\/\/dadco.net\/de\/unterstuetzende\/videos\/\"><span class=\"w-btn-label\">Video<\/span><\/a><\/div><\/div><\/div><\/div><\/div><div class=\"g-cols wpb_row via_flex valign_top type_default stacking_default\"><div class=\"vc_col-sm-12 wpb_column vc_column_container\"><div class=\"vc_column-inner\"><div class=\"wpb_wrapper\"><div class=\"wpb_text_column\"><div class=\"wpb_wrapper\"><h3>90.355 \/ (RPL-40)<\/h3>\n<p>Anleitung zum einfachen Ausbau vom C-Ring. Dieses Werkzeug wird f\u00fcr die Mini Stickstoff-Gasdruckfedern verwendet.<\/p>\n<\/div><\/div><div class=\"w-btn-wrapper align_none\"><a class=\"w-btn us-btn-style_1\" target=\"_blank\" href=\"https:\/\/dadco.net\/wp-content\/uploads\/2013\/02\/90.355.pdf\"><span class=\"w-btn-label\">90.355 \/ (RPL-40)<\/span><\/a><\/div><div class=\"w-btn-wrapper align_none\"><a class=\"w-btn us-btn-style_1\" title=\"Videos\" href=\"https:\/\/dadco.net\/de\/unterstuetzende\/videos\/\"><span class=\"w-btn-label\">Video<\/span><\/a><\/div><\/div><\/div><\/div><\/div><div class=\"g-cols wpb_row via_flex valign_top type_default stacking_default\"><div class=\"vc_col-sm-12 wpb_column vc_column_container\"><div class=\"vc_column-inner\"><div class=\"wpb_wrapper\"><div class=\"wpb_text_column\"><div class=\"wpb_wrapper\"><h3>90.352 \/ C-Ring Installationswerkzeug<\/h3>\n<p>Dieses detailierte Bulletin zeigt Anweisungen zum Gebrauch des C-Ring Montagewerkzeuges bei der Reparatur der Stickstoff-Gasdruckfedern.<\/p>\n<\/div><\/div><div class=\"w-btn-wrapper align_none\"><a class=\"w-btn us-btn-style_1\" target=\"_blank\" href=\"https:\/\/dadco.net\/wp-content\/uploads\/2013\/02\/cring_instl_large1.pdf\"><span class=\"w-btn-label\">90.352 \/ C-Ring Installationswerkzeug<\/span><\/a><\/div><div class=\"w-btn-wrapper align_none\"><a class=\"w-btn us-btn-style_1\" title=\"Videos\" href=\"https:\/\/dadco.net\/de\/unterstuetzende\/videos\/\"><span class=\"w-btn-label\">Video<\/span><\/a><\/div><\/div><\/div><\/div><\/div><\/div><\/div><\/div><\/div><\/div><\/div><\/div><\/div><\/div><\/div><\/section>\n","protected":false},"excerpt":{"rendered":"DADCO ReperatursatzesEine Zusammenfassung der Stickstoff-Gasdruckfeder Serien und der dazugeh\u00f6rigen Reparatursatz Artikelnummer. Die Reparaturs\u00e4tze dienen der grundlegenden Reparatur der Stickstoff-Gasdruckfedern. DADCO Reparaturs\u00e4tzeL \/ LJ \/ U SerieL\/LJ\/U -Serie Reparaturanleitung Detailierte Anleitung zur Reparatur der 90.3\/L, 90.7\/LJ und U-Serie (U.0400-U.1600) Stickstoff-Gasdruckfedern. L\/LJ\/U -Serie ReparaturanleitungVideoU\/UX\/UH\/UT -Serie Reparaturanleitung Ausf\u00fchrliches Anleitungsbulletin f\u00fcr die Ultra Force Serie, UH Serie (Modelle UH.2600-...","protected":false},"author":1,"featured_media":0,"parent":14502,"menu_order":2,"comment_status":"closed","ping_status":"closed","template":"","meta":{"footnotes":""},"class_list":["post-15031","page","type-page","status-publish","hentry"],"acf":[],"_links":{"self":[{"href":"https:\/\/www.dadco.net\/de\/wp-json\/wp\/v2\/pages\/15031","targetHints":{"allow":["GET"]}}],"collection":[{"href":"https:\/\/www.dadco.net\/de\/wp-json\/wp\/v2\/pages"}],"about":[{"href":"https:\/\/www.dadco.net\/de\/wp-json\/wp\/v2\/types\/page"}],"author":[{"embeddable":true,"href":"https:\/\/www.dadco.net\/de\/wp-json\/wp\/v2\/users\/1"}],"replies":[{"embeddable":true,"href":"https:\/\/www.dadco.net\/de\/wp-json\/wp\/v2\/comments?post=15031"}],"version-history":[{"count":5,"href":"https:\/\/www.dadco.net\/de\/wp-json\/wp\/v2\/pages\/15031\/revisions"}],"predecessor-version":[{"id":28637,"href":"https:\/\/www.dadco.net\/de\/wp-json\/wp\/v2\/pages\/15031\/revisions\/28637"}],"up":[{"embeddable":true,"href":"https:\/\/www.dadco.net\/de\/wp-json\/wp\/v2\/pages\/14502"}],"wp:attachment":[{"href":"https:\/\/www.dadco.net\/de\/wp-json\/wp\/v2\/media?parent=15031"}],"curies":[{"name":"wp","href":"https:\/\/api.w.org\/{rel}","templated":true}]}}