{"id":14676,"date":"2022-09-09T01:50:08","date_gmt":"2022-09-09T01:50:08","guid":{"rendered":"https:\/\/www.dadco.net\/unterstuetzende\/hp-zylinder-reparaturanleitung-und-einbau\/"},"modified":"2023-11-08T20:55:20","modified_gmt":"2023-11-08T20:55:20","slug":"hp-zylinder-reparaturanleitung-und-einbau","status":"publish","type":"page","link":"https:\/\/www.dadco.net\/de\/unterstuetzende\/hp-zylinder-reparaturanleitung-und-einbau\/","title":{"rendered":"HP Zylinder Reparaturanleitung und Einbau"},"content":{"rendered":"<section class=\"l-section wpb_row height_auto\"><div class=\"l-section-h i-cf\"><div class=\"g-cols vc_row via_flex valign_top type_default stacking_default\"><div class=\"vc_col-sm-12 wpb_column vc_column_container\"><div class=\"vc_column-inner\"><div class=\"wpb_wrapper\"><div class=\"w-tabs style_default switch_click accordion has_scrolling\"><div class=\"w-tabs-sections titles-align_none icon_chevron cpos_right\"><div class=\"w-tabs-section active\" id=\"dd7b\"><button class=\"w-tabs-section-header active\" aria-controls=\"content-dd7b\" aria-expanded=\"true\"><h2 class=\"w-tabs-section-title\">Reparaturanleitung und Einbau<\/h2><div class=\"w-tabs-section-control\"><\/div><\/button><div  class=\"w-tabs-section-content\" id=\"content-dd7b\"><div class=\"w-tabs-section-content-h i-cf\"><div class=\"g-cols wpb_row via_flex valign_top type_default stacking_default\"><div class=\"vc_col-sm-12 wpb_column vc_column_container\"><div class=\"vc_column-inner\"><div class=\"wpb_wrapper\"><div class=\"wpb_text_column\"><div class=\"wpb_wrapper\"><h3>Anleitung zur HP Pneumatik-Zylinder Reparatursatz<\/h3>\n<p>A Einfache Schritt-f\u00fcr-Schritt Anleitung zum Einbau der Reparaturs\u00e4tze in DADCO\u2019s HP Pneumatik-Zylinder (Gr\u00f6\u00dfen \u00d8 40 mm bis \u00d8 125 mm).<\/p>\n<p><a title=\"Gr\u00f6\u00dfen \u00d8 40 mm bis \u00d8 125 mm.\" href=\"https:\/\/www.dadco.nett\/wp-content\/uploads\/2013\/02\/hp_parts_160-250.pdf\" target=\"_blank\" rel=\"noopener\">Gr\u00f6\u00dfen \u00d8 40 mm bis \u00d8 125 mm.<\/a><\/p>\n<\/div><\/div><div class=\"w-btn-wrapper align_none\"><a class=\"w-btn us-btn-style_1\" target=\"_blank\" href=\"https:\/\/dadco.net\/wp-content\/uploads\/2013\/02\/hp_repair_kit-bulletin_revB4.pdf\"><span class=\"w-btn-label\">Anleitung zur HP Pneumatik-Zylinder Reparatursatz<\/span><\/a><\/div><\/div><\/div><\/div><\/div><div class=\"g-cols wpb_row via_flex valign_top type_default stacking_default\"><div class=\"vc_col-sm-12 wpb_column vc_column_container\"><div class=\"vc_column-inner\"><div class=\"wpb_wrapper\"><div class=\"wpb_text_column\"><div class=\"wpb_wrapper\"><h3>HP Pneumatikzylinder Dichtungssatz<\/h3>\n<p>Einfache Schritt-f\u00fcr-Schritt Anleitung zum Einbau der Dichts\u00e4tze in DADCO\u2019s HP Pneumatik-Zylinder.<\/p>\n<\/div><\/div><div class=\"w-btn-wrapper align_none\"><a class=\"w-btn us-btn-style_1\" target=\"_blank\" href=\"https:\/\/dadco.net\/wp-content\/uploads\/2013\/02\/hp_sealrepair_revb.pdf\"><span class=\"w-btn-label\">HP Pneumatikzylinder Dichtungssatz<\/span><\/a><\/div><\/div><\/div><\/div><\/div><div class=\"g-cols wpb_row via_flex valign_top type_default stacking_default\"><div class=\"vc_col-sm-12 wpb_column vc_column_container\"><div class=\"vc_column-inner\"><div class=\"wpb_wrapper\"><div class=\"wpb_text_column\"><div class=\"wpb_wrapper\"><h3>HP.N Pneumatikzylinder Dichtungssatz<\/h3>\n<p>Einfache Schritt-f\u00fcr-Schritt Reparaturanleitung f\u00fcr DADCO\u2019s verdrehgesicherten Pneumatik-Zylinder.<\/p>\n<\/div><\/div><div class=\"w-btn-wrapper align_none\"><a class=\"w-btn us-btn-style_1\" target=\"_blank\" href=\"https:\/\/dadco.net\/wp-content\/uploads\/2013\/03\/hpn_repair_reva.pdf\"><span class=\"w-btn-label\">HP.N Pneumatikzylinder Dichtungssatz<\/span><\/a><\/div><\/div><\/div><\/div><\/div><\/div><\/div><\/div><div class=\"w-tabs-section\" id=\"j258\"><button class=\"w-tabs-section-header\" aria-controls=\"content-j258\" aria-expanded=\"false\"><h2 class=\"w-tabs-section-title\">Zubeh\u00f6r<\/h2><div class=\"w-tabs-section-control\"><\/div><\/button><div  class=\"w-tabs-section-content\" id=\"content-j258\"><div class=\"w-tabs-section-content-h i-cf\"><div class=\"g-cols wpb_row via_flex valign_top type_default stacking_default\"><div class=\"vc_col-sm-12 wpb_column vc_column_container\"><div class=\"vc_column-inner\"><div class=\"wpb_wrapper\"><div class=\"wpb_text_column\"><div class=\"wpb_wrapper\"><h3>HP S\u00e4ulengef\u00fchrter Anheber mit modifizierter Kopfplatte<\/h3>\n<p>Hinweise zur Anwendung des \u201cSpanner\u201d-Werkzeuges zum Entfernen der Kopfplatte.<\/p>\n<\/div><\/div><div class=\"w-btn-wrapper align_none\"><a class=\"w-btn us-btn-style_1\" target=\"_blank\" href=\"https:\/\/dadco.net\/wp-content\/uploads\/2013\/02\/hp_Lift.pdf\"><span class=\"w-btn-label\">HP S\u00e4ulengef\u00fchrter Anheber mit modifizierter Kopfplatte<\/span><\/a><\/div><\/div><\/div><\/div><\/div><\/div><\/div><\/div><\/div><\/div><\/div><\/div><\/div><\/div><\/div><\/section>\n","protected":false},"excerpt":{"rendered":"Reparaturanleitung und EinbauAnleitung zur HP Pneumatik-Zylinder Reparatursatz A Einfache Schritt-f\u00fcr-Schritt Anleitung zum Einbau der Reparaturs\u00e4tze in DADCO\u2019s HP Pneumatik-Zylinder (Gr\u00f6\u00dfen \u00d8 40 mm bis \u00d8 125 mm). Gr\u00f6\u00dfen \u00d8 40 mm bis \u00d8 125 mm. Anleitung zur HP Pneumatik-Zylinder ReparatursatzHP Pneumatikzylinder Dichtungssatz Einfache Schritt-f\u00fcr-Schritt Anleitung zum Einbau der Dichts\u00e4tze in DADCO\u2019s HP Pneumatik-Zylinder. HP Pneumatikzylinder...","protected":false},"author":1,"featured_media":0,"parent":14502,"menu_order":8,"comment_status":"closed","ping_status":"closed","template":"","meta":{"footnotes":""},"class_list":["post-14676","page","type-page","status-publish","hentry"],"acf":[],"_links":{"self":[{"href":"https:\/\/www.dadco.net\/de\/wp-json\/wp\/v2\/pages\/14676","targetHints":{"allow":["GET"]}}],"collection":[{"href":"https:\/\/www.dadco.net\/de\/wp-json\/wp\/v2\/pages"}],"about":[{"href":"https:\/\/www.dadco.net\/de\/wp-json\/wp\/v2\/types\/page"}],"author":[{"embeddable":true,"href":"https:\/\/www.dadco.net\/de\/wp-json\/wp\/v2\/users\/1"}],"replies":[{"embeddable":true,"href":"https:\/\/www.dadco.net\/de\/wp-json\/wp\/v2\/comments?post=14676"}],"version-history":[{"count":5,"href":"https:\/\/www.dadco.net\/de\/wp-json\/wp\/v2\/pages\/14676\/revisions"}],"predecessor-version":[{"id":28750,"href":"https:\/\/www.dadco.net\/de\/wp-json\/wp\/v2\/pages\/14676\/revisions\/28750"}],"up":[{"embeddable":true,"href":"https:\/\/www.dadco.net\/de\/wp-json\/wp\/v2\/pages\/14502"}],"wp:attachment":[{"href":"https:\/\/www.dadco.net\/de\/wp-json\/wp\/v2\/media?parent=14676"}],"curies":[{"name":"wp","href":"https:\/\/api.w.org\/{rel}","templated":true}]}}