{"id":14668,"date":"2022-09-02T14:32:45","date_gmt":"2022-09-02T18:32:45","guid":{"rendered":"https:\/\/www.dadco.net\/wer-wir-sind\/verpflichtung-fuer-den-service\/"},"modified":"2024-01-08T11:54:47","modified_gmt":"2024-01-08T16:54:47","slug":"verpflichtung-fuer-den-service","status":"publish","type":"page","link":"https:\/\/www.dadco.net\/de\/wer-wir-sind\/verpflichtung-fuer-den-service\/","title":{"rendered":"Kundenorientierter Service"},"content":{"rendered":"<section class=\"l-section wpb_row height_auto\"><div class=\"l-section-h i-cf\"><div class=\"g-cols vc_row via_flex valign_top type_default stacking_default\"><div class=\"vc_col-sm-12 wpb_column vc_column_container\"><div class=\"vc_column-inner\"><div class=\"wpb_wrapper\"><div class=\"wpb_text_column\"><div class=\"wpb_wrapper\"><p>Unser Ziel ist es, durch Qualit\u00e4t und umfassenden Service, einen positiven Beitrag zur Produktivit\u00e4t unserer Kunden zu leisten. In Zusammenarbeit mit unseren Kunden und Lieferanten verfolgen wir h\u00f6chste Qualit\u00e4tsstandards f\u00fcr alle Produkt und jede Dienstleistung, die wir anbieten. Unsere Philosophie der stetigen Verbesserung beeinflusst jeden Aspekt unseres Unternehmens. Unser Motto \u201eWhatever it takes to satisfy our customers\u201c.<\/p>\n<p>DADCO steht f\u00fcr umfassenden Kundenservice. Ob Preisanfragen, Produktunterlagen, Bestellabwicklung oder technische Betreuung, DADCO\u2019s fachkundiges Personal, ob im Innen- oder Au\u00dfendienst, ist stets in der Lage Sie kompetent zu unterst\u00fctzen. DADCO\u2019s eigene Niederlassungen und ein weltweites H\u00e4ndlernetz bieten zus\u00e4tzliche Unterst\u00fctzung sowie \u00f6rtliche Lagerbest\u00e4nde, um eine schnelle Lieferung zu gew\u00e4hrleisten.  <\/p>\n<p>DADCO stellt, durch Produktschulungen, den sicheren Umgang und die ordnungsgem\u00e4\u00dfe Verwendung unserer Produkte sicher. Dazu bietet DADCO eine Vielzahl kostenloser Schulungen an. F\u00fcr eine vollst\u00e4ndige Liste aller verf\u00fcgbaren Themen <a title=\"DADCO Schulung\" href=\"https:\/\/www.dadco.net\/wp-content\/uploads\/2013\/02\/dadco_training.pdf\" target=\"_blank\" rel=\"noopener\">klicken Sie hier<\/a>. Online-Schulungsvideos sind ebenfalls verf\u00fcgbar und k\u00f6nnen jederzeit und \u00fcberall abgerufen werden! <a title=\"DADCO Schulung\" href=\"https:\/\/www.dadco.net\/de\/unterstuetzende\/videos\/\">Klicken Sie hier <\/a> um noch heute auf unsere Schulungsvideos zuzugreifen!<\/p>\n<\/div><\/div><\/div><\/div><\/div><\/div><\/div><\/section>\n","protected":false},"excerpt":{"rendered":"Unser Ziel ist es, durch Qualit\u00e4t und umfassenden Service, einen positiven Beitrag zur Produktivit\u00e4t unserer Kunden zu leisten. In Zusammenarbeit mit unseren Kunden und Lieferanten verfolgen wir h\u00f6chste Qualit\u00e4tsstandards f\u00fcr alle Produkt und jede Dienstleistung, die wir anbieten. Unsere Philosophie der stetigen Verbesserung beeinflusst jeden Aspekt unseres Unternehmens. Unser Motto \u201eWhatever it takes to satisfy...","protected":false},"author":1,"featured_media":14165,"parent":14253,"menu_order":1,"comment_status":"closed","ping_status":"closed","template":"","meta":{"footnotes":""},"class_list":["post-14668","page","type-page","status-publish","has-post-thumbnail","hentry"],"acf":[],"_links":{"self":[{"href":"https:\/\/www.dadco.net\/de\/wp-json\/wp\/v2\/pages\/14668","targetHints":{"allow":["GET"]}}],"collection":[{"href":"https:\/\/www.dadco.net\/de\/wp-json\/wp\/v2\/pages"}],"about":[{"href":"https:\/\/www.dadco.net\/de\/wp-json\/wp\/v2\/types\/page"}],"author":[{"embeddable":true,"href":"https:\/\/www.dadco.net\/de\/wp-json\/wp\/v2\/users\/1"}],"replies":[{"embeddable":true,"href":"https:\/\/www.dadco.net\/de\/wp-json\/wp\/v2\/comments?post=14668"}],"version-history":[{"count":5,"href":"https:\/\/www.dadco.net\/de\/wp-json\/wp\/v2\/pages\/14668\/revisions"}],"predecessor-version":[{"id":30699,"href":"https:\/\/www.dadco.net\/de\/wp-json\/wp\/v2\/pages\/14668\/revisions\/30699"}],"up":[{"embeddable":true,"href":"https:\/\/www.dadco.net\/de\/wp-json\/wp\/v2\/pages\/14253"}],"wp:featuredmedia":[{"embeddable":true,"href":"https:\/\/www.dadco.net\/de\/wp-json\/wp\/v2\/media\/14165"}],"wp:attachment":[{"href":"https:\/\/www.dadco.net\/de\/wp-json\/wp\/v2\/media?parent=14668"}],"curies":[{"name":"wp","href":"https:\/\/api.w.org\/{rel}","templated":true}]}}