{"id":14664,"date":"2022-09-01T15:32:24","date_gmt":"2022-09-01T15:32:24","guid":{"rendered":"https:\/\/www.dadco.net\/berechnungsprogramme\/"},"modified":"2024-01-08T11:51:26","modified_gmt":"2024-01-08T16:51:26","slug":"berechnungsprogramme","status":"publish","type":"page","link":"https:\/\/www.dadco.net\/de\/berechnungsprogramme\/","title":{"rendered":"Berechnungsprogramme"},"content":{"rendered":"<section class=\"l-section wpb_row height_auto\"><div class=\"l-section-h i-cf\"><div class=\"g-cols vc_row via_flex valign_top type_default stacking_default\"><div class=\"vc_col-sm-12 wpb_column vc_column_container\"><div class=\"vc_column-inner\"><div class=\"wpb_wrapper\"><div class=\"wpb_text_column\"><div class=\"wpb_wrapper\"><p>DADCO bietet zahlreiche Berechnungs-Programme an, um bei der Konstruktion von Werkzeugen die Auswahl der entscheidenden Elemente zu vereinfachen.<\/p>\n<div class=\"home\">\n<ul>\n<li>\n<h4><a href=\"\/?page_id=24942\">Stickstoff Gasdruckfeder Federkraft und Temperatur<\/a><\/h4>\n<p>Das Berechnungs-Programm ermittelt die Gesamtkraft, den Druck und die Temperatur von Stickstoff Gasdruckfedern und Verbundsystemen mit oder ohne Ausgleichstank.<\/li>\n<li>\n<h4><a href=\"\/?page_id=24957\">SLN &#8211; Verdrehgesicherter Stickstoff-Anheber Befestigungsmasse<\/a><\/h4>\n<p>Dieses Berechnungs-Programm ermittelt die maximale Befestigungsmasse pro Heber und die empfohlene Anzahl, wenn ein verdrehgesichertes Stickstoff-Anhebermodell ausgew\u00e4hlt wird und die Parameter f\u00fcr die Presse angegeben werden.<\/li>\n<li>\n<h4><a href=\"\/?page_id=24952\">SL2 &#8211; Zwei-S\u00e4ulen-Stickstoff-Anheber Befestigungsmasse<\/a><\/h4>\n<p>Dieses Berechnungs-Programm ermittelt die maximale Befestigungsmasse pro Anheber und die empfohlene Anzahl, wenn ein Stickstoff Zwei-S\u00e4ulen -Anhebermodell ausgew\u00e4hlt wird und die Parameter f\u00fcr die Presse angegeben werden.<\/li>\n<li>\n<h4><a href=\"\/?page_id=24965\">SLC &#8211; Stickstoff-Gasdruckfeder Transfer Rahmenheber Befestigungsmasse<\/a><\/h4>\n<p>Dieses Berechnungs-Programm ermittelt die maximale Befestigungsmasse pro Anheber und die empfohlene Anzahl, wenn ein Stickstoff-Gasdruckfeder Transfer Rahmenheber ausgew\u00e4hlt wird und die Parameter f\u00fcr die Presse angegeben werden.<\/li>\n<li>\n<h4><a href=\"\/?page_id=24976\">GRS &#8211; F\u00fchrungs-und Distanzeinheit Befestigungsmasse<\/a><\/h4>\n<p>Dieses Berechnungs-Programm ermittelt die maximale Befestigungsmasse pro F\u00fchrungs-und Distanzeinheit und die empfohlene Anzahl, wenn ein GRS Modell ausgew\u00e4hlt wird und die Parameter f\u00fcr die Presse angegeben werden.<\/li>\n<\/ul>\n<\/div>\n<p>&nbsp;<\/p>\n<p>*Die Artikelnummer bezeichnet das Modell und die Kraft, die auf den technischen Daten des DADCO-Produkts und den Betriebsspezifikationen basieren. Siehe OEM-Norm f\u00fcr spezifische Teilenummern und Betriebsvorschriften. Bei den berechneten Werten handelt es sich um Absch\u00e4tzungen f\u00fcr DADCO-Produkte der aktuellen Version, die auf normalen Betriebsbedingungen basieren. Die Berechnungen k\u00f6nnen aufgrund von Rundungen von den Empfehlungen in der Produktliteratur abweichen. Eine zu hohe seitliche Belastung, Verschmutzung, Fehlausrichtung und andere Faktoren der Einsatzbedingungen k\u00f6nnen die Betriebstemperatur erh\u00f6hen. Die Befestigungsmasse setzt das Gleichgewicht zwischen Last und Bet\u00e4tigungskraft voraus. Die Hubgeschwindigkeit des Anhebers darf nicht \u00fcberschritten werden. Diese SOFTWARE wird zu Ihrem Gebrauch, aber ohne jegliche Garantie zur Verf\u00fcgung gestellt. DADCO ist um die Richtigkeit und Verl\u00e4sslichkeit der Informationen bem\u00fcht und beh\u00e4lt sich das Recht vor, \u00c4nderungen ohne Vorank\u00fcndigung vorzunehmen. Das Vertrauen auf die SOFTWARE oder die Nutzung der SOFTWARE oder ihrer Ergebnisse erfolgt auf eigene Verantwortung. Bei Verwendung dieser SOFTWARE ist DADCO in keinem Fall haftbar f\u00fcr direkte, indirekte, zuf\u00e4llige, strafrechtliche oder Folgesch\u00e4den.<\/p>\n<\/div><\/div><\/div><\/div><\/div><\/div><\/div><\/section>\n","protected":false},"excerpt":{"rendered":"DADCO bietet zahlreiche Berechnungs-Programme an, um bei der Konstruktion von Werkzeugen die Auswahl der entscheidenden Elemente zu vereinfachen. Stickstoff Gasdruckfeder Federkraft und Temperatur Das Berechnungs-Programm ermittelt die Gesamtkraft, den Druck und die Temperatur von Stickstoff Gasdruckfedern und Verbundsystemen mit oder ohne Ausgleichstank. SLN &#8211; Verdrehgesicherter Stickstoff-Anheber Befestigungsmasse Dieses Berechnungs-Programm ermittelt die maximale Befestigungsmasse pro Heber...","protected":false},"author":1,"featured_media":0,"parent":0,"menu_order":0,"comment_status":"closed","ping_status":"closed","template":"","meta":{"_acf_changed":false,"footnotes":""},"class_list":["post-14664","page","type-page","status-publish","hentry"],"acf":[],"_links":{"self":[{"href":"https:\/\/www.dadco.net\/de\/wp-json\/wp\/v2\/pages\/14664","targetHints":{"allow":["GET"]}}],"collection":[{"href":"https:\/\/www.dadco.net\/de\/wp-json\/wp\/v2\/pages"}],"about":[{"href":"https:\/\/www.dadco.net\/de\/wp-json\/wp\/v2\/types\/page"}],"author":[{"embeddable":true,"href":"https:\/\/www.dadco.net\/de\/wp-json\/wp\/v2\/users\/1"}],"replies":[{"embeddable":true,"href":"https:\/\/www.dadco.net\/de\/wp-json\/wp\/v2\/comments?post=14664"}],"version-history":[{"count":5,"href":"https:\/\/www.dadco.net\/de\/wp-json\/wp\/v2\/pages\/14664\/revisions"}],"predecessor-version":[{"id":30696,"href":"https:\/\/www.dadco.net\/de\/wp-json\/wp\/v2\/pages\/14664\/revisions\/30696"}],"wp:attachment":[{"href":"https:\/\/www.dadco.net\/de\/wp-json\/wp\/v2\/media?parent=14664"}],"curies":[{"name":"wp","href":"https:\/\/api.w.org\/{rel}","templated":true}]}}