{"id":14663,"date":"2023-05-18T15:38:34","date_gmt":"2023-05-18T15:38:34","guid":{"rendered":"https:\/\/www.dadco.net\/produkte\/drs\/"},"modified":"2024-02-20T13:58:47","modified_gmt":"2024-02-20T18:58:47","slug":"drs","status":"publish","type":"page","link":"https:\/\/www.dadco.net\/de\/produkte\/drs\/","title":{"rendered":"Verz\u00f6gertes R\u00fcckhub-System (DRS)"},"content":{"rendered":"<section class=\"l-section wpb_row height_auto\"><div class=\"l-section-h i-cf\"><div class=\"g-cols vc_row via_flex valign_top type_default stacking_default\"><div class=\"vc_col-sm-12 wpb_column vc_column_container\"><div class=\"vc_column-inner\"><div class=\"wpb_wrapper\"><div class=\"w-tabs style_default switch_click accordion has_scrolling\"><div class=\"w-tabs-sections titles-align_none icon_chevron cpos_right\"><div class=\"w-tabs-section active\" id=\"v542\"><button class=\"w-tabs-section-header active\" aria-controls=\"content-v542\" aria-expanded=\"true\"><h2 class=\"w-tabs-section-title\">Verz\u00f6gertes R\u00fcckhub-System (DRS)<\/h2><div class=\"w-tabs-section-control\"><\/div><\/button><div  class=\"w-tabs-section-content\" id=\"content-v542\"><div class=\"w-tabs-section-content-h i-cf\"><div class=\"g-cols wpb_row via_flex valign_top type_default stacking_default\"><div class=\"vc_col-sm-12 wpb_column vc_column_container\"><div class=\"vc_column-inner\"><div class=\"wpb_wrapper\"><div class=\"wpb_text_column\"><div class=\"wpb_wrapper\"><p style=\"text-align: left;\"><img loading=\"lazy\" decoding=\"async\" class=\"alignright wp-image-2059\" src=\"https:\/\/www.dadco.net\/wp-content\/uploads\/2013\/03\/drs_system.gif\" alt=\"\" width=\"179\" height=\"130\">Das Verz\u00f6gerte R\u00fcckhub-System (DRS) wird in Werkzeugen eingesetzt bei dem der Federr\u00fcckhub zeitverz\u00f6gert stattfinden soll. Dieses kundenspezifische Stickstoff-\u00fcber-Hydraulik\u00f6l-System erm\u00f6glicht es den Hydraulikzylindern, w\u00e4hrend des Arbeitshubs wie normale Gasdruckfedern zu funktionieren und dann mit minimaler R\u00fcckfederung eingefahren zu bleiben, wenn sich das Werkzeug \u00f6ffnet. So kann eine Verformung des Teils verhindert werden. Ein DRS besteht aus vier Hauptkomponenten: Zylinder, Akkumulator, Bedientafel und Hydraulikschlauch mit Anschl\u00fcssen.<\/p>\n<\/div><\/div><div class=\"w-btn-wrapper align_none\"><a class=\"w-btn us-btn-style_1\" target=\"_blank\" href=\"https:\/\/www.dadco.net\/wp-content\/uploads\/2023\/06\/german_drs_catalog.pdf\"><span class=\"w-btn-label\">PDF &#8211; Datei<\/span><\/a><\/div><div class=\"w-btn-wrapper align_none\"><a class=\"w-btn us-btn-style_1\" target=\"_blank\" href=\"https:\/\/www.youtube.com\/watch?v=q5mq8SnpBxU\"><span class=\"w-btn-label\">Video<\/span><\/a><\/div><\/div><\/div><\/div><\/div><\/div><\/div><\/div><div class=\"w-tabs-section\" id=\"s912\"><button class=\"w-tabs-section-header\" aria-controls=\"content-s912\" aria-expanded=\"false\"><h2 class=\"w-tabs-section-title\">DRS Installation und Wartung<\/h2><div class=\"w-tabs-section-control\"><\/div><\/button><div  class=\"w-tabs-section-content\" id=\"content-s912\"><div class=\"w-tabs-section-content-h i-cf\"><div class=\"g-cols wpb_row via_flex valign_top type_default stacking_default\"><div class=\"vc_col-sm-12 wpb_column vc_column_container\"><div class=\"vc_column-inner\"><div class=\"wpb_wrapper\"><div class=\"wpb_text_column\"><div class=\"wpb_wrapper\"><p>Detaillierte Anweisungen f\u00fcr die Installation und Wartung von DADCO\u2018s Verz\u00f6gertem R\u00fcckhub System. Sollte VOR der Verwendung\/Installation gelesen werden.<\/p>\n<\/div><\/div><div class=\"w-btn-wrapper align_none\"><a class=\"w-btn us-btn-style_1\" target=\"_blank\" href=\"https:\/\/www.dadco.net\/wp-content\/uploads\/2023\/12\/German-DRS-Manual.pdf\"><span class=\"w-btn-label\">DRS Installations- und Wartungshandbuch<\/span><\/a><\/div><div class=\"w-btn-wrapper align_none\"><a class=\"w-btn us-btn-style_1\" target=\"_blank\" href=\"https:\/\/www.youtube.com\/watch?v=6Uz98CZF-P4\"><span class=\"w-btn-label\">Video<\/span><\/a><\/div><\/div><\/div><\/div><\/div><\/div><\/div><\/div><\/div><\/div><\/div><\/div><\/div><div class=\"vc_col-sm-12 wpb_column vc_column_container\"><div class=\"vc_column-inner\"><div class=\"wpb_wrapper\"><\/div><\/div><\/div><\/div><\/div><\/section>\n","protected":false},"excerpt":{"rendered":"Verz\u00f6gertes R\u00fcckhub-System (DRS)Das Verz\u00f6gerte R\u00fcckhub-System (DRS) wird in Werkzeugen eingesetzt bei dem der Federr\u00fcckhub zeitverz\u00f6gert stattfinden soll. Dieses kundenspezifische Stickstoff-\u00fcber-Hydraulik\u00f6l-System erm\u00f6glicht es den Hydraulikzylindern, w\u00e4hrend des Arbeitshubs wie normale Gasdruckfedern zu funktionieren und dann mit minimaler R\u00fcckfederung eingefahren zu bleiben, wenn sich das Werkzeug \u00f6ffnet. So kann eine Verformung des Teils verhindert werden. Ein DRS...","protected":false},"author":1,"featured_media":0,"parent":14282,"menu_order":5,"comment_status":"closed","ping_status":"closed","template":"","meta":{"footnotes":""},"class_list":["post-14663","page","type-page","status-publish","hentry"],"acf":[],"_links":{"self":[{"href":"https:\/\/www.dadco.net\/de\/wp-json\/wp\/v2\/pages\/14663","targetHints":{"allow":["GET"]}}],"collection":[{"href":"https:\/\/www.dadco.net\/de\/wp-json\/wp\/v2\/pages"}],"about":[{"href":"https:\/\/www.dadco.net\/de\/wp-json\/wp\/v2\/types\/page"}],"author":[{"embeddable":true,"href":"https:\/\/www.dadco.net\/de\/wp-json\/wp\/v2\/users\/1"}],"replies":[{"embeddable":true,"href":"https:\/\/www.dadco.net\/de\/wp-json\/wp\/v2\/comments?post=14663"}],"version-history":[{"count":5,"href":"https:\/\/www.dadco.net\/de\/wp-json\/wp\/v2\/pages\/14663\/revisions"}],"predecessor-version":[{"id":31085,"href":"https:\/\/www.dadco.net\/de\/wp-json\/wp\/v2\/pages\/14663\/revisions\/31085"}],"up":[{"embeddable":true,"href":"https:\/\/www.dadco.net\/de\/wp-json\/wp\/v2\/pages\/14282"}],"wp:attachment":[{"href":"https:\/\/www.dadco.net\/de\/wp-json\/wp\/v2\/media?parent=14663"}],"curies":[{"name":"wp","href":"https:\/\/api.w.org\/{rel}","templated":true}]}}