{"id":14657,"date":"2022-09-06T16:59:33","date_gmt":"2022-09-06T20:59:33","guid":{"rendered":"https:\/\/www.dadco.net\/kontaktformular\/sendungsverfolgung\/"},"modified":"2024-11-01T09:12:08","modified_gmt":"2024-11-01T13:12:08","slug":"sendungsverfolgung","status":"publish","type":"page","link":"https:\/\/www.dadco.net\/de\/kontaktformular\/sendungsverfolgung\/","title":{"rendered":"Sendungsverfolgung"},"content":{"rendered":"<section class=\"l-section wpb_row height_auto\"><div class=\"l-section-h i-cf\"><div class=\"g-cols vc_row via_flex valign_top type_default stacking_default\"><div class=\"vc_col-sm-12 wpb_column vc_column_container\"><div class=\"vc_column-inner\"><div class=\"wpb_wrapper\"><div class=\"wpb_text_column\"><div class=\"wpb_wrapper\"><p>Bestellungen k\u00f6nnen \u00fcber UPS anhand der Tracking-Nummer nachverfolgt werden. Wenn Sie keine Trackingnummer haben, k\u00f6nnen Sie auch die Links unten verwenden und Ihre Bestellnummer zusammen mit dem Zielland und der Postleitzahl eingeben.<\/p>\n<ul class=\"trackorder\">\n<li class=\"fedex\"><a href=\"http:\/\/www.federalexpress.com\/\" target=\"_blank\" rel=\"noopener\">FedEx<\/a><\/li>\n<li class=\"ups\"><a href=\"http:\/\/www.ups.com\/tracking\/tracking.html\" target=\"_blank\" rel=\"noopener\">UPS<\/a><\/li>\n<\/ul>\n<h3>Kennen sie ihre bestell. \/ trackingnummer?<\/h3>\n<p>Folgend werden Ihnen M\u00f6glichkeiten aufgezeigt, wie Sie Ihre Informationen erhalten k\u00f6nnen:<\/p>\n<ol>\n<li style=\"list-style-type: none;\">\n<ol>\n<li class=\"numlist\">Kontaktieren Sie die DADCO GmbH f\u00fcr Ihre Trackingnummer<\/li>\n<li class=\"numlist\">Ihre Bestellnummer finden Sie auf Ihrer Rechnung<\/li>\n<\/ol>\n<\/li>\n<\/ol>\n<p>Beispiel:<\/p>\n<div class=\"exampleOrdNum\">Bestellnummer: C13-xxxxx<\/div>\n<ul>\n<li class=\"numlist\">Informationen k\u00f6nnen Sie bei unserem Innendienst anfordern unter:<a href=\"mailto:desk@dadco.de\">info@dadco.de<\/a> , +49 (0) 7728 64530<\/li>\n<\/ul>\n<\/div><\/div><\/div><\/div><\/div><\/div><\/div><\/section><section class=\"l-section wpb_row height_medium\"><div class=\"l-section-h i-cf\"><div class=\"g-cols vc_row via_flex valign_top type_default stacking_default\"><div class=\"vc_col-sm-12 wpb_column vc_column_container\"><div class=\"vc_column-inner\"><div class=\"wpb_wrapper\"><div class=\"wpb_text_column\"><div class=\"wpb_wrapper\"><h2 class=\"gform_title\">Kontaktieren Sie die DADCO GmbH f\u00fcr einen Abliefernachweis oder eine Versandbest\u00e4tigung.<\/h2>\n<p>          <span class=\"gform_description\">Wir w\u00fcrden uns freuen, von Ihnen zu h\u00f6ren! Bitte f\u00fcllen Sie dieses Formular aus und wir werden uns in K\u00fcrze mit Ihnen in Verbindung setzen.<\/span><\/p>\n<\/div><\/div><script>\nvar gform;gform||(document.addEventListener(\"gform_main_scripts_loaded\",function(){gform.scriptsLoaded=!0}),document.addEventListener(\"gform\/theme\/scripts_loaded\",function(){gform.themeScriptsLoaded=!0}),window.addEventListener(\"DOMContentLoaded\",function(){gform.domLoaded=!0}),gform={domLoaded:!1,scriptsLoaded:!1,themeScriptsLoaded:!1,isFormEditor:()=>\"function\"==typeof InitializeEditor,callIfLoaded:function(o){return!(!gform.domLoaded||!gform.scriptsLoaded||!gform.themeScriptsLoaded&&!gform.isFormEditor()||(gform.isFormEditor()&&console.warn(\"The use of gform.initializeOnLoaded() is deprecated in the form editor context and will be removed in Gravity Forms 3.1.\"),o(),0))},initializeOnLoaded:function(o){gform.callIfLoaded(o)||(document.addEventListener(\"gform_main_scripts_loaded\",()=>{gform.scriptsLoaded=!0,gform.callIfLoaded(o)}),document.addEventListener(\"gform\/theme\/scripts_loaded\",()=>{gform.themeScriptsLoaded=!0,gform.callIfLoaded(o)}),window.addEventListener(\"DOMContentLoaded\",()=>{gform.domLoaded=!0,gform.callIfLoaded(o)}))},hooks:{action:{},filter:{}},addAction:function(o,r,e,t){gform.addHook(\"action\",o,r,e,t)},addFilter:function(o,r,e,t){gform.addHook(\"filter\",o,r,e,t)},doAction:function(o){gform.doHook(\"action\",o,arguments)},applyFilters:function(o){return gform.doHook(\"filter\",o,arguments)},removeAction:function(o,r){gform.removeHook(\"action\",o,r)},removeFilter:function(o,r,e){gform.removeHook(\"filter\",o,r,e)},addHook:function(o,r,e,t,n){null==gform.hooks[o][r]&&(gform.hooks[o][r]=[]);var d=gform.hooks[o][r];null==n&&(n=r+\"_\"+d.length),gform.hooks[o][r].push({tag:n,callable:e,priority:t=null==t?10:t})},doHook:function(r,o,e){var t;if(e=Array.prototype.slice.call(e,1),null!=gform.hooks[r][o]&&((o=gform.hooks[r][o]).sort(function(o,r){return o.priority-r.priority}),o.forEach(function(o){\"function\"!=typeof(t=o.callable)&&(t=window[t]),\"action\"==r?t.apply(null,e):e[0]=t.apply(null,e)})),\"filter\"==r)return e[0]},removeHook:function(o,r,t,n){var e;null!=gform.hooks[o][r]&&(e=(e=gform.hooks[o][r]).filter(function(o,r,e){return!!(null!=n&&n!=o.tag||null!=t&&t!=o.priority)}),gform.hooks[o][r]=e)}});\n<\/script>\n\n                <div class='gf_browser_gecko gform_wrapper gravity-theme gform-theme--no-framework' data-form-theme='gravity-theme' data-form-index='0' id='gform_wrapper_4' ><form method='post' enctype='multipart\/form-data'  id='gform_4'  action='\/de\/wp-json\/wp\/v2\/pages\/14657' data-formid='4' novalidate><div class='gf_invisible ginput_recaptchav3' data-sitekey='6LcLThYpAAAAADBLrnvVs5uKFfH5Lmy03HAdOY-F' data-tabindex='0'><input id=\"input_35be03f21148cf7daf00d9edcddf7231\" class=\"gfield_recaptcha_response\" type=\"hidden\" name=\"input_35be03f21148cf7daf00d9edcddf7231\" value=\"\"\/><\/div>\n                        <div class='gform-body gform_body'><div id='gform_fields_4' class='gform_fields top_label form_sublabel_below description_below validation_below'><fieldset id=\"field_4_1\" class=\"gfield gfield--type-name gfield--input-type-name gfield_contains_required field_sublabel_below gfield--no-description field_description_below field_validation_below gfield_visibility_visible\"  ><legend class='gfield_label gform-field-label gfield_label_before_complex' >Name<span class=\"gfield_required\"><span class=\"gfield_required gfield_required_text\">(erforderlich)<\/span><\/span><\/legend><div class='ginput_complex ginput_container ginput_container--name no_prefix has_first_name no_middle_name has_last_name no_suffix gf_name_has_2 ginput_container_name gform-grid-row' id='input_4_1'>\n                            <span id='input_4_1_3_container' class='name_first gform-grid-col' >\n                                                    <input type='text' name='input_1.3' id='input_4_1_3' value=''   aria-required='true'    \/>\n                                                    <label for='input_4_1_3' class='gform-field-label gform-field-label--type-sub '>Vorname<\/label>\n                                               <\/span>\n                            <span id='input_4_1_6_container' class='name_last gform-grid-col' >\n                                                    <input type='text' name='input_1.6' id='input_4_1_6' value=''   aria-required='true'    \/>\n                                                    <label for='input_4_1_6' class='gform-field-label gform-field-label--type-sub '>Nachname<\/label>\n                                                <\/span>\n                            <div class='gf_clear gf_clear_complex'><\/div>\n                        <\/div><\/fieldset><div id=\"field_4_2\" class=\"gfield gfield--type-text gfield--input-type-text gfield_contains_required field_sublabel_below gfield--no-description field_description_below field_validation_below gfield_visibility_visible\"  ><label class='gfield_label gform-field-label' for='input_4_2'>Name des Unternehmens<span class=\"gfield_required\"><span class=\"gfield_required gfield_required_text\">(erforderlich)<\/span><\/span><\/label><div class='ginput_container ginput_container_text'><input name='input_2' id='input_4_2' type='text' value='' class='medium'     aria-required=\"true\" aria-invalid=\"false\"   \/><\/div><\/div><fieldset id=\"field_4_3\" class=\"gfield gfield--type-address gfield--input-type-address gfield_contains_required field_sublabel_below gfield--no-description field_description_below field_validation_below gfield_visibility_visible\"  ><legend class='gfield_label gform-field-label gfield_label_before_complex' >Adresse<span class=\"gfield_required\"><span class=\"gfield_required gfield_required_text\">(erforderlich)<\/span><\/span><\/legend>    \n                    <div class='ginput_complex ginput_container has_street has_street2 has_city has_state has_zip has_country ginput_container_address gform-grid-row' id='input_4_3' >\n                         <span class='ginput_full address_line_1 ginput_address_line_1 gform-grid-col' id='input_4_3_1_container' >\n                                        <input type='text' name='input_3.1' id='input_4_3_1' value=''    aria-required='true'    \/>\n                                        <label for='input_4_3_1' id='input_4_3_1_label' class='gform-field-label gform-field-label--type-sub '>Stra\u00dfe<\/label>\n                                    <\/span><span class='ginput_full address_line_2 ginput_address_line_2 gform-grid-col' id='input_4_3_2_container' >\n                                        <input type='text' name='input_3.2' id='input_4_3_2' value=''     aria-required='false'   \/>\n                                        <label for='input_4_3_2' id='input_4_3_2_label' class='gform-field-label gform-field-label--type-sub '>Anschrift Zusatz<\/label>\n                                    <\/span><span class='ginput_left address_city ginput_address_city gform-grid-col' id='input_4_3_3_container' >\n                                    <input type='text' name='input_3.3' id='input_4_3_3' value=''    aria-required='true'    \/>\n                                    <label for='input_4_3_3' id='input_4_3_3_label' class='gform-field-label gform-field-label--type-sub '>Stadt<\/label>\n                                 <\/span><span class='ginput_right address_state ginput_address_state gform-grid-col' id='input_4_3_4_container' >\n                                        <select name='input_3.4' id='input_4_3_4'     aria-required='true'    ><option value='' selected='selected'><\/option><option value='Alabama' >Alabama<\/option><option value='Alaska' >Alaska<\/option><option value='Amerikanisch-Samoa' >Amerikanisch-Samoa<\/option><option value='Arizona' >Arizona<\/option><option value='Arkansas' >Arkansas<\/option><option value='Kalifornien' >Kalifornien<\/option><option value='Colorado' >Colorado<\/option><option value='Connecticut' >Connecticut<\/option><option value='Delaware' >Delaware<\/option><option value='District of Columbia' >District of Columbia<\/option><option value='Florida' >Florida<\/option><option value='Georgia' >Georgia<\/option><option value='Guam' >Guam<\/option><option value='Hawaii' >Hawaii<\/option><option value='Idaho' >Idaho<\/option><option value='Illinois' >Illinois<\/option><option value='Indiana' >Indiana<\/option><option value='Iowa' >Iowa<\/option><option value='Kansas' >Kansas<\/option><option value='Kentucky' >Kentucky<\/option><option value='Louisiana' >Louisiana<\/option><option value='Maine' >Maine<\/option><option value='Maryland' >Maryland<\/option><option value='Massachusetts' >Massachusetts<\/option><option value='Michigan' >Michigan<\/option><option value='Minnesota' >Minnesota<\/option><option value='Mississippi' >Mississippi<\/option><option value='Missouri' >Missouri<\/option><option value='Montana' >Montana<\/option><option value='Nebraska' >Nebraska<\/option><option value='Nevada' >Nevada<\/option><option value='New Hampshire' >New Hampshire<\/option><option value='New Jersey' >New Jersey<\/option><option value='New Mexico' >New Mexico<\/option><option value='New York' >New York<\/option><option value='North Carolina' >North Carolina<\/option><option value='North Dakota' >North Dakota<\/option><option value='N\u00f6rdliche Marianen' >N\u00f6rdliche Marianen<\/option><option value='Ohio' >Ohio<\/option><option value='Oklahoma' >Oklahoma<\/option><option value='Oregon' >Oregon<\/option><option value='Pennsylvania' >Pennsylvania<\/option><option value='Puerto Rico' >Puerto Rico<\/option><option value='Rhode Island' >Rhode Island<\/option><option value='South Carolina' >South Carolina<\/option><option value='South Dakota' >South Dakota<\/option><option value='Tennessee' >Tennessee<\/option><option value='Texas' >Texas<\/option><option value='Utah' >Utah<\/option><option value='Amerikanische Jungferninseln' >Amerikanische Jungferninseln<\/option><option value='Vermont' >Vermont<\/option><option value='Virginia' >Virginia<\/option><option value='Washington' >Washington<\/option><option value='West Virginia' >West Virginia<\/option><option value='Wisconsin' >Wisconsin<\/option><option value='Wyoming' >Wyoming<\/option><option value='Amerikanische Streitkr\u00e4fte' >Amerikanische Streitkr\u00e4fte<\/option><option value='Europ\u00e4ische Streitkr\u00e4fte' >Europ\u00e4ische Streitkr\u00e4fte<\/option><option value='Pazifik-Streitkr\u00e4fte' >Pazifik-Streitkr\u00e4fte<\/option><\/select>\n                                        <label for='input_4_3_4' id='input_4_3_4_label' class='gform-field-label gform-field-label--type-sub '>Staat<\/label>\n                                      <\/span><span class='ginput_left address_zip ginput_address_zip gform-grid-col' id='input_4_3_5_container' >\n                                    <input type='text' name='input_3.5' id='input_4_3_5' value=''    aria-required='true'    \/>\n                                    <label for='input_4_3_5' id='input_4_3_5_label' class='gform-field-label gform-field-label--type-sub '>PLZ<\/label>\n                                <\/span><input type='hidden' class='gform_hidden' name='input_3.6' id='input_4_3_6' value='United States' \/>\n                    <div class='gf_clear gf_clear_complex'><\/div>\n                <\/div><\/fieldset><div id=\"field_4_4\" class=\"gfield gfield--type-phone gfield--input-type-phone gfield_contains_required field_sublabel_below gfield--no-description field_description_below field_validation_below gfield_visibility_visible\"  ><label class='gfield_label gform-field-label' for='input_4_4'>Telefon<span class=\"gfield_required\"><span class=\"gfield_required gfield_required_text\">(erforderlich)<\/span><\/span><\/label><div class='ginput_container ginput_container_phone'><input name='input_4' id='input_4_4' type='tel' value='' class='medium'   aria-required=\"true\" aria-invalid=\"false\"   \/><\/div><\/div><div id=\"field_4_5\" class=\"gfield gfield--type-email gfield--input-type-email gfield_contains_required field_sublabel_below gfield--no-description field_description_below field_validation_below gfield_visibility_visible\"  ><label class='gfield_label gform-field-label' for='input_4_5'>E-Mail<span class=\"gfield_required\"><span class=\"gfield_required gfield_required_text\">(erforderlich)<\/span><\/span><\/label><div class='ginput_container ginput_container_email'>\n                            <input name='input_5' id='input_4_5' type='email' value='' class='medium'    aria-required=\"true\" aria-invalid=\"false\"  \/>\n                        <\/div><\/div><div id=\"field_4_6\" class=\"gfield gfield--type-html gfield--input-type-html gfield_html gfield_no_follows_desc field_sublabel_below gfield--no-description field_description_below field_validation_below gfield_visibility_visible\"  ><p class=\"recaptcha-branding\">\n  This site is protected by reCAPTCHA and the Google \n  <a href=\"https:\/\/policies.google.com\/privacy\" target=\"_blank\">Privacy Policy<\/a> and \n  <a href=\"https:\/\/policies.google.com\/terms\" target=\"_blank\">Terms of Service<\/a> apply.\n<\/p><\/div><div id=\"field_4_7\" class=\"gfield gfield--type-html gfield--input-type-html gfield_html gfield_no_follows_desc field_sublabel_below gfield--no-description field_description_below field_validation_below gfield_visibility_visible\"  ><p class=\"recaptcha-branding\">\n  This site is protected by reCAPTCHA and the Google \n  <a href=\"https:\/\/policies.google.com\/privacy\" target=\"_blank\">Privacy Policy<\/a> and \n  <a href=\"https:\/\/policies.google.com\/terms\" target=\"_blank\">Terms of Service<\/a> apply.\n<\/p><\/div><\/div><\/div>\n        <div class='gform-footer gform_footer top_label'> <input type='submit' id='gform_submit_button_4' class='gform_button button' onclick='gform.submission.handleButtonClick(this);' data-submission-type='submit' value='\u00dcbermittln'  \/> \n            <input type='hidden' class='gform_hidden' name='gform_submission_method' data-js='gform_submission_method_4' value='postback' \/>\n            <input type='hidden' class='gform_hidden' name='gform_theme' data-js='gform_theme_4' id='gform_theme_4' value='gravity-theme' \/>\n            <input type='hidden' class='gform_hidden' name='gform_style_settings' data-js='gform_style_settings_4' id='gform_style_settings_4' value='[]' \/>\n            <input type='hidden' class='gform_hidden' name='is_submit_4' value='1' \/>\n            <input type='hidden' class='gform_hidden' name='gform_submit' value='4' \/>\n            \n            <input type='hidden' class='gform_hidden' name='gform_currency' data-currency='USD' value='HGoaRRsMDIeuopa5sfS7kgfNShTWuXeQHFO9EFMuOUK1IoIn45o\/QRBkxWustE\/W20oBS8e4vq\/7CMeMQ62RohMdxCmn\/I5PJvDOfBoluAu9SAE=' \/>\n            <input type='hidden' class='gform_hidden' name='gform_unique_id' value='' \/>\n            <input type='hidden' class='gform_hidden' name='state_4' value='WyJbXSIsIjFkNjhlZjA0NzQwMDMwZTZjMzM1ODlkMTI0OGFlNzY0Il0=' \/>\n            <input type='hidden' autocomplete='off' class='gform_hidden' name='gform_target_page_number_4' id='gform_target_page_number_4' value='0' \/>\n            <input type='hidden' autocomplete='off' class='gform_hidden' name='gform_source_page_number_4' id='gform_source_page_number_4' value='1' \/>\n            <input type='hidden' name='gform_field_values' value='' \/>\n            \n        <\/div>\n                        <\/form>\n                        <\/div><script>\ngform.initializeOnLoaded( function() {gformInitSpinner( 4, 'https:\/\/www.dadco.net\/wp-content\/plugins\/gravityforms\/images\/spinner.svg', true );jQuery('#gform_ajax_frame_4').on('load',function(){var contents = jQuery(this).contents().find('*').html();var is_postback = contents.indexOf('GF_AJAX_POSTBACK') >= 0;if(!is_postback){return;}var form_content = jQuery(this).contents().find('#gform_wrapper_4');var is_confirmation = jQuery(this).contents().find('#gform_confirmation_wrapper_4').length > 0;var is_redirect = contents.indexOf('gformRedirect(){') >= 0;var is_form = form_content.length > 0 && ! is_redirect && ! is_confirmation;var mt = parseInt(jQuery('html').css('margin-top'), 10) + parseInt(jQuery('body').css('margin-top'), 10) + 100;if(is_form){jQuery('#gform_wrapper_4').html(form_content.html());if(form_content.hasClass('gform_validation_error')){jQuery('#gform_wrapper_4').addClass('gform_validation_error');} else {jQuery('#gform_wrapper_4').removeClass('gform_validation_error');}setTimeout( function() { \/* delay the scroll by 50 milliseconds to fix a bug in chrome *\/  }, 50 );if(window['gformInitDatepicker']) {gformInitDatepicker();}if(window['gformInitPriceFields']) {gformInitPriceFields();}var current_page = jQuery('#gform_source_page_number_4').val();gformInitSpinner( 4, 'https:\/\/www.dadco.net\/wp-content\/plugins\/gravityforms\/images\/spinner.svg', true );jQuery(document).trigger('gform_page_loaded', [4, current_page]);window['gf_submitting_4'] = false;}else if(!is_redirect){var confirmation_content = jQuery(this).contents().find('.GF_AJAX_POSTBACK').html();if(!confirmation_content){confirmation_content = contents;}jQuery('#gform_wrapper_4').replaceWith(confirmation_content);jQuery(document).trigger('gform_confirmation_loaded', [4]);window['gf_submitting_4'] = false;wp.a11y.speak(jQuery('#gform_confirmation_message_4').text());}else{jQuery('#gform_4').append(contents);if(window['gformRedirect']) {gformRedirect();}}jQuery(document).trigger(\"gform_pre_post_render\", [{ formId: \"4\", currentPage: \"current_page\", abort: function() { this.preventDefault(); } }]);        if (event && event.defaultPrevented) {                return;        }        const gformWrapperDiv = document.getElementById( \"gform_wrapper_4\" );        if ( gformWrapperDiv ) {            const visibilitySpan = document.createElement( \"span\" );            visibilitySpan.id = \"gform_visibility_test_4\";            gformWrapperDiv.insertAdjacentElement( \"afterend\", visibilitySpan );        }        const visibilityTestDiv = document.getElementById( \"gform_visibility_test_4\" );        let postRenderFired = false;        function triggerPostRender() {            if ( postRenderFired ) {                return;            }            postRenderFired = true;            gform.core.triggerPostRenderEvents( 4, current_page );            if ( visibilityTestDiv ) {                visibilityTestDiv.parentNode.removeChild( visibilityTestDiv );            }        }        function debounce( func, wait, immediate ) {            var timeout;            return function() {                var context = this, args = arguments;                var later = function() {                    timeout = null;                    if ( !immediate ) func.apply( context, args );                };                var callNow = immediate && !timeout;                clearTimeout( timeout );                timeout = setTimeout( later, wait );                if ( callNow ) func.apply( context, args );            };        }        const debouncedTriggerPostRender = debounce( function() {            triggerPostRender();        }, 200 );        if ( visibilityTestDiv && visibilityTestDiv.offsetParent === null ) {            const observer = new MutationObserver( ( mutations ) => {                mutations.forEach( ( mutation ) => {                    if ( mutation.type === 'attributes' && visibilityTestDiv.offsetParent !== null ) {                        debouncedTriggerPostRender();                        observer.disconnect();                    }                });            });            observer.observe( document.body, {                attributes: true,                childList: false,                subtree: true,                attributeFilter: [ 'style', 'class' ],            });        } else {            triggerPostRender();        }    } );} );\n<\/script>\n<\/div><\/div><\/div><\/div><\/div><\/section>\n","protected":false},"excerpt":{"rendered":"Bestellungen k\u00f6nnen \u00fcber UPS anhand der Tracking-Nummer nachverfolgt werden. Wenn Sie keine Trackingnummer haben, k\u00f6nnen Sie auch die Links unten verwenden und Ihre Bestellnummer zusammen mit dem Zielland und der Postleitzahl eingeben. FedEx UPS Kennen sie ihre bestell. \/ trackingnummer? Folgend werden Ihnen M\u00f6glichkeiten aufgezeigt, wie Sie Ihre Informationen erhalten k\u00f6nnen: Kontaktieren Sie die DADCO...","protected":false},"author":1,"featured_media":0,"parent":14218,"menu_order":4,"comment_status":"closed","ping_status":"closed","template":"","meta":{"footnotes":""},"class_list":["post-14657","page","type-page","status-publish","hentry"],"acf":[],"_links":{"self":[{"href":"https:\/\/www.dadco.net\/de\/wp-json\/wp\/v2\/pages\/14657","targetHints":{"allow":["GET"]}}],"collection":[{"href":"https:\/\/www.dadco.net\/de\/wp-json\/wp\/v2\/pages"}],"about":[{"href":"https:\/\/www.dadco.net\/de\/wp-json\/wp\/v2\/types\/page"}],"author":[{"embeddable":true,"href":"https:\/\/www.dadco.net\/de\/wp-json\/wp\/v2\/users\/1"}],"replies":[{"embeddable":true,"href":"https:\/\/www.dadco.net\/de\/wp-json\/wp\/v2\/comments?post=14657"}],"version-history":[{"count":5,"href":"https:\/\/www.dadco.net\/de\/wp-json\/wp\/v2\/pages\/14657\/revisions"}],"predecessor-version":[{"id":32192,"href":"https:\/\/www.dadco.net\/de\/wp-json\/wp\/v2\/pages\/14657\/revisions\/32192"}],"up":[{"embeddable":true,"href":"https:\/\/www.dadco.net\/de\/wp-json\/wp\/v2\/pages\/14218"}],"wp:attachment":[{"href":"https:\/\/www.dadco.net\/de\/wp-json\/wp\/v2\/media?parent=14657"}],"curies":[{"name":"wp","href":"https:\/\/api.w.org\/{rel}","templated":true}]}}