{"id":14626,"date":"2022-09-02T15:29:26","date_gmt":"2022-09-02T19:29:26","guid":{"rendered":"https:\/\/www.dadco.net\/produkte\/fuehrungs-distanz-einheit\/"},"modified":"2026-02-04T12:49:26","modified_gmt":"2026-02-04T17:49:26","slug":"fuehrungs-distanz-einheit","status":"publish","type":"page","link":"https:\/\/www.dadco.net\/de\/produkte\/fuehrungs-distanz-einheit\/","title":{"rendered":"F\u00fchrungs-Distanz Einheit"},"content":{"rendered":"<section class=\"l-section wpb_row height_auto\"><div class=\"l-section-h i-cf\"><div class=\"g-cols vc_row via_flex valign_top type_default stacking_default\"><div class=\"vc_col-sm-12 wpb_column vc_column_container\"><div class=\"vc_column-inner\"><div class=\"wpb_wrapper\"><div class=\"wpb_text_column\"><div class=\"wpb_wrapper\"><p>DADCO\u2019s F\u00fchrungs-Distanz Einheit reduziert Konstruktionszeit dadurch dass S\u00e4ulen, Buchsen F\u00fchrungen in einem Bauteil verwendet werden. Diese Serie zeichnet sich durch ein robustes einteiliges Geh\u00e4use mit Abstreifern oben und unten, hoher Passgenauigkeit, Verbundwerkstoffbuchsen und zwei Befestigungsm\u00f6glichkeiten aus. Befestigungsbohrungen in der F\u00fchrungss\u00e4ule sind f\u00fcr \u201elange\u201c Schrauben ausgelegt. Dies bedeutet mehr Gewindel\u00e4nge und zus\u00e4tzliche Aufschlagsfestigkeit.<\/p>\n<\/div><\/div><\/div><\/div><\/div><\/div><\/div><\/section><section class=\"l-section wpb_row height_medium\"><div class=\"l-section-h i-cf\"><div class=\"g-cols vc_row via_flex valign_top type_default stacking_default\"><div class=\"vc_col-sm-12 wpb_column vc_column_container\"><div class=\"vc_column-inner\"><div class=\"wpb_wrapper\"><div class=\"w-tabs style_default switch_click accordion\"><div class=\"w-tabs-sections titles-align_none icon_chevron cpos_right\"><div class=\"w-tabs-section active\" id=\"k181\"><button class=\"w-tabs-section-header active\" aria-controls=\"content-k181\" aria-expanded=\"true\"><h2 class=\"w-tabs-section-title\">F\u00fchrungs-Distanz Einheit<\/h2><div class=\"w-tabs-section-control\"><\/div><\/button><div  class=\"w-tabs-section-content\" id=\"content-k181\"><div class=\"w-tabs-section-content-h i-cf\"><div class=\"g-cols wpb_row via_flex valign_top type_default stacking_default\"><div class=\"vc_col-sm-12 wpb_column vc_column_container\"><div class=\"vc_column-inner\"><div class=\"wpb_wrapper\"><div class=\"wpb_text_column\"><div class=\"wpb_wrapper\"><p><img loading=\"lazy\" decoding=\"async\" class=\"alignright wp-image-8532 size-full\" src=\"https:\/\/www.dadco.net\/wp-content\/uploads\/2017\/12\/grs_new-group-photo_2017-e1679326408986.jpg\" alt=\"\" width=\"180\" height=\"120\"><\/p>\n<h3>Standard und Heavy Duty F\u00fchrungs- Distanz Einheit (GRS\/GRS.HD)<\/h3>\n<p>Die GRS F\u00fchrungs- Distanzeinheiten sind in 7 Geh\u00e4usedurchmesser (20, 25, 30, 36, 45, 50 und 65 mm) verf\u00fcgbar und k\u00f6nnen in Hubl\u00e4ngen von 20 mm bis 150 mm, bestellt werden. Die Standardmodelle bieten eine kombinierte F\u00fchrung mit Anschlag, mit robustem einteiligem Geh\u00e4use sowie oben und unten Abstreifer. Die Heavy-Duty HD Modelle sind in 30, 36, 45, 50 und 65 mm verf\u00fcgbar, sind noch stabiler ausgef\u00fchrt und erlauben das Anbringen bis zur 10-fachen Befestigungsmasse, gegen\u00fcber der Standard Ausf\u00fchrung.<\/p>\n<\/div><\/div><div class=\"w-hwrapper valign_top wrap align_none\"><div class=\"w-btn-wrapper align_none\"><a class=\"w-btn us-btn-style_1 icon_atleft\" target=\"_blank\" rel=\"nofollow\" href=\"https:\/\/www.dadco.net\/CDS\/catalog-de\/?page=searchcid=guide_retainer_sets\"><i class=\"far fa-list\"><\/i><span class=\"w-btn-label\">Online Katalog<\/span><\/a><\/div><div class=\"w-btn-wrapper align_none\"><a class=\"w-btn us-btn-style_1 icon_atleft\" target=\"_blank\" rel=\"nofollow\" href=\"https:\/\/www.dadco.net\/wp-content\/uploads\/2026\/02\/german_grs_catalog.pdf\"><i class=\"fas fa-print\"><\/i><span class=\"w-btn-label\">Druckbare PDF-Datei<\/span><\/a><\/div><\/div><\/div><\/div><\/div><\/div><div class=\"g-cols wpb_row via_flex valign_top type_default stacking_default\"><div class=\"vc_col-sm-12 wpb_column vc_column_container\"><div class=\"vc_column-inner\"><div class=\"wpb_wrapper\"><div class=\"wpb_text_column\"><div class=\"wpb_wrapper\"><h3>GRS.20.HD1\/HD2<\/h3>\n<p>Wir stellen die neueste Erg\u00e4nzung der Heavy Duty GRS-Serie vor: Die Modelle GRS.20.HD1 und GRS.20.HD2. Die GRS.20.HD1\/2 ist , mit dem kleinsten Kolbenstangendurchmesser unser kompaktestes Modell innerhalb der Heavy Duty (HD)-Serie und bietet gleichzeitig erstklassige F\u00fchrung.  Dank der qualitativ hochwertigen, Komponenten garantieren diese Modelle eine lange Lebensdauer und Zuverl\u00e4ssigkeit in jeder Anwendung.<\/p>\n<\/div><\/div><div class=\"w-hwrapper valign_top wrap align_none\"><div class=\"w-btn-wrapper align_none\"><a class=\"w-btn us-btn-style_1 icon_atleft\" target=\"_blank\" rel=\"nofollow\" href=\"https:\/\/www.dadco.net\/CDS\/catalog-en\/?page=search&amp;cid=grs_25_hd1_hd2\"><i class=\"far fa-list\"><\/i><span class=\"w-btn-label\">Online Katalog<\/span><\/a><\/div><div class=\"w-btn-wrapper align_none\"><a class=\"w-btn us-btn-style_1 icon_atleft\" target=\"_blank\" rel=\"nofollow\" href=\"https:\/\/www.dadco.net\/wp-content\/uploads\/2024\/08\/German-GRS.20-Bulletin.pdf\"><i class=\"fas fa-print\"><\/i><span class=\"w-btn-label\">Druckbare PDF-Datei<\/span><\/a><\/div><\/div><\/div><\/div><\/div><\/div><div class=\"g-cols wpb_row via_flex valign_top type_default stacking_default\"><div class=\"vc_col-sm-12 wpb_column vc_column_container\"><div class=\"vc_column-inner\"><div class=\"wpb_wrapper\"><div class=\"wpb_text_column\"><div class=\"wpb_wrapper\"><h3>GRS.25.HD1\/HD2<\/h3>\n<p>Wir stellen die neue Erg\u00e4nzung der GRS Heavy Duty Linie vor: Die Modelle GRS.25.HD1 und GRS.25.HD2. Dank der qualitativ hochwertigen, Komponenten garantieren diese Modelle eine lange Lebensdauer und Zuverl\u00e4ssigkeit in jeder Anwendung.<\/p>\n<\/div><\/div><div class=\"w-hwrapper valign_top wrap align_none\"><div class=\"w-btn-wrapper align_none\"><a class=\"w-btn us-btn-style_1 icon_atleft\" target=\"_blank\" rel=\"nofollow\" href=\"https:\/\/www.dadco.net\/CDS\/catalog-en\/?page=search&amp;cid=grs_25_hd1_hd2\"><i class=\"far fa-list\"><\/i><span class=\"w-btn-label\">Online Katalog<\/span><\/a><\/div><div class=\"w-btn-wrapper align_none\"><a class=\"w-btn us-btn-style_1 icon_atleft\" target=\"_blank\" rel=\"nofollow\" href=\"https:\/\/www.dadco.net\/wp-content\/uploads\/2023\/09\/B23127-German-GRS.25.HD_.pdf\"><i class=\"fas fa-print\"><\/i><span class=\"w-btn-label\">Druckbare PDF-Datei<\/span><\/a><\/div><\/div><\/div><\/div><\/div><\/div><div class=\"g-cols wpb_row via_flex valign_top type_default stacking_default\"><div class=\"vc_col-sm-12 wpb_column vc_column_container\"><div class=\"vc_column-inner\"><div class=\"wpb_wrapper\"><div class=\"wpb_text_column\"><div class=\"wpb_wrapper\"><h3>GRS.45.HD4\/HD5<\/h3>\n<p>Die neuen GRS.45.HD4 und GRS.45.HD5 sind jetzt verf\u00fcgbar! Die zwei Modelle bieten niedrige Geh\u00e4use in einer robusten Ausf\u00fchrung f\u00fcr F\u00fchrungsleisten.<\/p>\n<\/div><\/div><div class=\"w-hwrapper valign_top wrap align_none\"><div class=\"w-btn-wrapper align_none\"><a class=\"w-btn us-btn-style_1 icon_atleft\" target=\"_blank\" rel=\"nofollow\" href=\"https:\/\/www.dadco.net\/CDS\/catalog-de\/?page=search&amp;cid=grs_hd\"><i class=\"far fa-list\"><\/i><span class=\"w-btn-label\">Online Katalog<\/span><\/a><\/div><div class=\"w-btn-wrapper align_none\"><a class=\"w-btn us-btn-style_1 icon_atleft\" target=\"_blank\" href=\"https:\/\/www.dadco.net\/wp-content\/uploads\/2023\/06\/ger_GRS.45.HD_.4-5.pdf\"><i class=\"fas fa-print\"><\/i><span class=\"w-btn-label\">Druckbare PDF-Datei<\/span><\/a><\/div><\/div><\/div><\/div><\/div><\/div><div class=\"g-cols wpb_row via_flex valign_top type_default stacking_default\"><div class=\"vc_col-sm-12 wpb_column vc_column_container\"><div class=\"vc_column-inner\"><div class=\"wpb_wrapper\"><div class=\"wpb_text_column\"><div class=\"wpb_wrapper\"><h3>GRS.50.HD2\/HD3<\/h3>\n<p>Die neuen GRS.50.HD2 und GRS.50.HD3 sind jetzt verf\u00fcgbar! Die zwei Modelle bieten niedrige Geh\u00e4use in einer robusten Ausf\u00fchrung f\u00fcr F\u00fchrungsleisten.<\/p>\n<\/div><\/div><div class=\"w-hwrapper valign_top wrap align_none\"><div class=\"w-btn-wrapper align_none\"><a class=\"w-btn us-btn-style_1 icon_atleft\" target=\"_blank\" rel=\"nofollow\" href=\"https:\/\/www.dadco.net\/CDS\/catalog-de\/?page=search&amp;cid=grs_hd\"><i class=\"far fa-list\"><\/i><span class=\"w-btn-label\">Online Katalog<\/span><\/a><\/div><div class=\"w-btn-wrapper align_none\"><a class=\"w-btn us-btn-style_1 icon_atleft\" target=\"_blank\" rel=\"nofollow\" href=\"https:\/\/www.dadco.net\/wp-content\/uploads\/2025\/07\/GRS.50.HD2_HD3.pdf\"><i class=\"fas fa-print\"><\/i><span class=\"w-btn-label\">Druckbare PDF-Datei<\/span><\/a><\/div><\/div><\/div><\/div><\/div><\/div><\/div><\/div><\/div><\/div><\/div><\/div><\/div><\/div><\/div><\/div><\/section>\n","protected":false},"excerpt":{"rendered":"DADCO\u2019s F\u00fchrungs-Distanz Einheit reduziert Konstruktionszeit dadurch dass S\u00e4ulen, Buchsen F\u00fchrungen in einem Bauteil verwendet werden. Diese Serie zeichnet sich durch ein robustes einteiliges Geh\u00e4use mit Abstreifern oben und unten, hoher Passgenauigkeit, Verbundwerkstoffbuchsen und zwei Befestigungsm\u00f6glichkeiten aus. Befestigungsbohrungen in der F\u00fchrungss\u00e4ule sind f\u00fcr \u201elange\u201c Schrauben ausgelegt. Dies bedeutet mehr Gewindel\u00e4nge und zus\u00e4tzliche Aufschlagsfestigkeit. F\u00fchrungs-Distanz Einheit Standard...","protected":false},"author":1,"featured_media":0,"parent":14282,"menu_order":3,"comment_status":"closed","ping_status":"closed","template":"","meta":{"footnotes":""},"class_list":["post-14626","page","type-page","status-publish","hentry"],"acf":[],"_links":{"self":[{"href":"https:\/\/www.dadco.net\/de\/wp-json\/wp\/v2\/pages\/14626","targetHints":{"allow":["GET"]}}],"collection":[{"href":"https:\/\/www.dadco.net\/de\/wp-json\/wp\/v2\/pages"}],"about":[{"href":"https:\/\/www.dadco.net\/de\/wp-json\/wp\/v2\/types\/page"}],"author":[{"embeddable":true,"href":"https:\/\/www.dadco.net\/de\/wp-json\/wp\/v2\/users\/1"}],"replies":[{"embeddable":true,"href":"https:\/\/www.dadco.net\/de\/wp-json\/wp\/v2\/comments?post=14626"}],"version-history":[{"count":7,"href":"https:\/\/www.dadco.net\/de\/wp-json\/wp\/v2\/pages\/14626\/revisions"}],"predecessor-version":[{"id":33624,"href":"https:\/\/www.dadco.net\/de\/wp-json\/wp\/v2\/pages\/14626\/revisions\/33624"}],"up":[{"embeddable":true,"href":"https:\/\/www.dadco.net\/de\/wp-json\/wp\/v2\/pages\/14282"}],"wp:attachment":[{"href":"https:\/\/www.dadco.net\/de\/wp-json\/wp\/v2\/media?parent=14626"}],"curies":[{"name":"wp","href":"https:\/\/api.w.org\/{rel}","templated":true}]}}