{"id":14518,"date":"2022-09-01T15:01:50","date_gmt":"2022-09-01T19:01:50","guid":{"rendered":"https:\/\/www.dadco.net\/dadco\/"},"modified":"2024-02-29T14:10:47","modified_gmt":"2024-02-29T19:10:47","slug":"dadco","status":"publish","type":"page","link":"https:\/\/www.dadco.net\/de\/","title":{"rendered":"DADCO"},"content":{"rendered":"<section class=\"l-section wpb_row large-text height_medium\"><div class=\"l-section-h i-cf\"><div class=\"g-cols vc_row via_flex valign_top type_default stacking_default\"><div class=\"vc_col-sm-12 wpb_column vc_column_container\"><div class=\"vc_column-inner\"><div class=\"wpb_wrapper\"><div class=\"wpb_text_column\"><div class=\"wpb_wrapper\"><h2 style=\"text-align: center;\">Ihr Branchenf\u00fchrer<\/h2>\n<p style=\"text-align: center;\">Als f\u00fchrender Anbieter von Stickstoff-Gasdruckfedern und Komponenten f\u00fcr die Stanz- und Umformtechnik sind DADCO Produkte entscheidender Bestandteil von premium Presswerkzeugen. DADCO verwendet ausschlie\u00dflich Rohstoffe und Halbzeuge von h\u00f6chster Qualit\u00e4t, sowie modernstes Equipment f\u00fcr die Konstruktion, Entwicklung und Herstellung des umfangreichen Angebots an Gasruckfedern-, Anheber, ISO Luft Zylindern und hydraulischer Kernstift Zylinder.<\/p>\n<\/div><\/div><\/div><\/div><\/div><\/div><\/div><\/section><section class=\"l-section wpb_row featured height_medium\"><div class=\"l-section-h i-cf\"><div class=\"g-cols vc_row via_flex valign_top type_default stacking_default\"><div class=\"vc_col-sm-12 vc_col-md-4 wpb_column vc_column_container\"><div class=\"vc_column-inner\"><div class=\"wpb_wrapper\"><div class=\"w-iconbox iconpos_top style_default color_primary align_center\"><a title=\"Fordern Sie Ein Angebot An\" href=\"https:\/\/www.dadco.net\/de\/kontaktformular\/fordern-ein-angebot\/\" class=\"w-iconbox-link\" aria-label=\"Fordern Sie Ein Angebot An\"><div class=\"w-iconbox-icon\" style=\"font-size:9rem;\"><i class=\"fal fa-file-signature\"><\/i><\/div><\/a><div class=\"w-iconbox-meta\"><a title=\"Fordern Sie Ein Angebot An\" href=\"https:\/\/www.dadco.net\/de\/kontaktformular\/fordern-ein-angebot\/\" class=\"w-iconbox-link\" aria-label=\"Fordern Sie Ein Angebot An\"><h3 class=\"w-iconbox-title\">Fordern Sie Ein Angebot An<\/h3><\/a><div class=\"w-iconbox-text\"><p>DADCO ist entschlossen, zu tun \u201ewas immer es Bedarf um unsere Kunden zufrieden zu stellen\u201c Fordern Sie jetzt ein Angebot an !<\/p>\n<\/div><\/div><\/div><\/div><\/div><\/div><div class=\"vc_col-sm-12 vc_col-md-4 wpb_column vc_column_container\"><div class=\"vc_column-inner\"><div class=\"wpb_wrapper\"><div class=\"wpb_text_column\"><div class=\"wpb_wrapper\"><h3 style=\"text-align: center;\">Ausgew\u00e4hlte Produkte<\/h3>\n<\/div><\/div><div class=\"w-grid home-slider type_carousel layout_22532\" id=\"us_grid_1\" style=\"--gap:1.5rem;\"><style>.layout_22532 .w-grid-item-h{}<\/style><div class=\"w-grid-list owl-carousel navstyle_2 navpos_inside\" style=\"--arrows-size:1rem;\">\t<article class=\"w-grid-item custom-link post-33354 post type-post status-publish format-standard has-post-thumbnail hentry category-home-page-slider-de\" data-id=\"33354\">\r\n\t\t<div class=\"w-grid-item-h\">\r\n\t\t\t\t\t\t\t<a href=\"https:\/\/www.dadco.net\/wp-content\/uploads\/2025\/09\/Millutensil-Announcement_picture-002.jpg\" class=\"w-grid-item-anchor\" aria-label=\"Millutensil Innovation &#8211; New and Exclusive Italian Distributor\"><\/a>\r\n\t\t\t\t\t\t<div class=\"w-post-elm post_image usg_post_image_1\"><img loading=\"lazy\" decoding=\"async\" width=\"1800\" height=\"1200\" src=\"https:\/\/www.dadco.net\/wp-content\/uploads\/2025\/09\/Millutensil-Announcement_picture-002.jpg\" class=\"attachment-full size-full wp-post-image\" alt=\"\" srcset=\"https:\/\/www.dadco.net\/wp-content\/uploads\/2025\/09\/Millutensil-Announcement_picture-002.jpg 1800w, https:\/\/www.dadco.net\/wp-content\/uploads\/2025\/09\/Millutensil-Announcement_picture-002-300x200.jpg 300w, https:\/\/www.dadco.net\/wp-content\/uploads\/2025\/09\/Millutensil-Announcement_picture-002-1024x683.jpg 1024w\" sizes=\"auto, (max-width: 1800px) 100vw, 1800px\" \/><\/div><h4 class=\"w-post-elm post_title usg_post_title_1 entry-title color_link_inherit\">Millutensil Innovation &#8211; New and Exclusive Italian Distributor<\/h4>\t\t<\/div>\r\n\t<\/article>\r\n\t<article class=\"w-grid-item custom-link post-23448 post type-post status-publish format-standard has-post-thumbnail hentry category-home-page-slider-de\" data-id=\"23448\">\r\n\t\t<div class=\"w-grid-item-h\">\r\n\t\t\t\t\t\t\t<a href=\"https:\/\/www.dadco.net\/wp-content\/uploads\/2023\/06\/drs_catalog.pdf\" class=\"w-grid-item-anchor\" aria-label=\"Verz\u00f6gerte R\u00fcckhub-System (DRS)\"><\/a>\r\n\t\t\t\t\t\t<div class=\"w-post-elm post_image usg_post_image_1\"><img loading=\"lazy\" decoding=\"async\" width=\"350\" height=\"258\" src=\"https:\/\/www.dadco.net\/wp-content\/uploads\/2024\/03\/Delayed-Return-System-no-background-2.jpg\" class=\"attachment-full size-full wp-post-image\" alt=\"\" srcset=\"https:\/\/www.dadco.net\/wp-content\/uploads\/2024\/03\/Delayed-Return-System-no-background-2.jpg 350w, https:\/\/www.dadco.net\/wp-content\/uploads\/2024\/03\/Delayed-Return-System-no-background-2-300x221.jpg 300w\" sizes=\"auto, (max-width: 350px) 100vw, 350px\" \/><\/div><h4 class=\"w-post-elm post_title usg_post_title_1 entry-title color_link_inherit\">Verz\u00f6gerte R\u00fcckhub-System (DRS)<\/h4>\t\t<\/div>\r\n\t<\/article>\r\n\t<article class=\"w-grid-item custom-link post-30968 post type-post status-publish format-standard has-post-thumbnail hentry category-home-page-slider-de\" data-id=\"30968\">\r\n\t\t<div class=\"w-grid-item-h\">\r\n\t\t\t\t\t\t\t<a href=\"https:\/\/www.dadco.net\/wp-content\/uploads\/2024\/02\/B24113-German-Cam-Cinch-lock-Mount.pdf\" class=\"w-grid-item-anchor\" aria-label=\"Cam Cinch-lock Klemmkeil Befestigung\"><\/a>\r\n\t\t\t\t\t\t<div class=\"w-post-elm post_image usg_post_image_1\"><img loading=\"lazy\" decoding=\"async\" width=\"400\" height=\"267\" src=\"https:\/\/www.dadco.net\/wp-content\/uploads\/2024\/01\/ccmA.png\" class=\"attachment-full size-full wp-post-image\" alt=\"\" \/><\/div><h4 class=\"w-post-elm post_title usg_post_title_1 entry-title color_link_inherit\">Cam Cinch-lock Klemmkeil Befestigung<\/h4>\t\t<\/div>\r\n\t<\/article>\r\n\t<article class=\"w-grid-item custom-link post-23447 post type-post status-publish format-standard has-post-thumbnail hentry category-home-page-slider-de\" data-id=\"23447\">\r\n\t\t<div class=\"w-grid-item-h\">\r\n\t\t\t\t\t\t\t<a href=\"https:\/\/www.dadco.net\/wp-content\/uploads\/2024\/04\/B24126-German-WKP-Bulletin.pdf\" class=\"w-grid-item-anchor\" aria-label=\"WKP Elektronischer Druckschalter\"><\/a>\r\n\t\t\t\t\t\t<div class=\"w-post-elm post_image usg_post_image_1\"><img loading=\"lazy\" decoding=\"async\" width=\"168\" height=\"214\" src=\"https:\/\/www.dadco.net\/wp-content\/uploads\/2024\/04\/WKP-Potential-e1712606331817.png\" class=\"attachment-full size-full wp-post-image\" alt=\"\" \/><\/div><h4 class=\"w-post-elm post_title usg_post_title_1 entry-title color_link_inherit\">WKP Elektronischer Druckschalter<\/h4>\t\t<\/div>\r\n\t<\/article>\r\n\t<article class=\"w-grid-item custom-link post-23449 post type-post status-publish format-standard has-post-thumbnail hentry category-home-page-slider-de\" data-id=\"23449\">\r\n\t\t<div class=\"w-grid-item-h\">\r\n\t\t\t\t\t\t\t<a href=\"https:\/\/www.dadco.net\/wp-content\/uploads\/2023\/06\/german_grs_grshd_catalog.pdf\" class=\"w-grid-item-anchor\" aria-label=\"F\u00fchrungs-und Distanzeinheiten: GRS und GRS.HD Serie\"><\/a>\r\n\t\t\t\t\t\t<div class=\"w-post-elm post_image usg_post_image_1\"><img loading=\"lazy\" decoding=\"async\" width=\"363\" height=\"225\" src=\"https:\/\/www.dadco.net\/wp-content\/uploads\/2023\/09\/grs_new-group-photo_2018.png\" class=\"attachment-full size-full wp-post-image\" alt=\"\" srcset=\"https:\/\/www.dadco.net\/wp-content\/uploads\/2023\/09\/grs_new-group-photo_2018.png 363w, https:\/\/www.dadco.net\/wp-content\/uploads\/2023\/09\/grs_new-group-photo_2018-300x186.png 300w\" sizes=\"auto, (max-width: 363px) 100vw, 363px\" \/><\/div><h4 class=\"w-post-elm post_title usg_post_title_1 entry-title color_link_inherit\">F\u00fchrungs-und Distanzeinheiten: GRS und GRS.HD Serie<\/h4>\t\t<\/div>\r\n\t<\/article>\r\n\t<article class=\"w-grid-item custom-link post-24068 post type-post status-publish format-standard has-post-thumbnail hentry category-home-page-slider-de\" data-id=\"24068\">\r\n\t\t<div class=\"w-grid-item-h\">\r\n\t\t\t\t\t\t\t<a href=\"https:\/\/www.dadco.net\/wp-content\/uploads\/2023\/09\/German-C.070-Threaded-Body.pdf\" class=\"w-grid-item-anchor\" aria-label=\"C.070 Au\u00dfengewinde\"><\/a>\r\n\t\t\t\t\t\t<div class=\"w-post-elm post_image usg_post_image_1\"><img loading=\"lazy\" decoding=\"async\" width=\"147\" height=\"230\" src=\"https:\/\/www.dadco.net\/wp-content\/uploads\/2023\/09\/C.070-3-1.png\" class=\"attachment-full size-full wp-post-image\" alt=\"\" \/><\/div><h4 class=\"w-post-elm post_title usg_post_title_1 entry-title color_link_inherit\">C.070 Au\u00dfengewinde<\/h4>\t\t<\/div>\r\n\t<\/article>\r\n\t<article class=\"w-grid-item custom-link post-25001 post type-post status-publish format-standard has-post-thumbnail hentry category-home-page-slider-de\" data-id=\"25001\">\r\n\t\t<div class=\"w-grid-item-h\">\r\n\t\t\t\t\t\t\t<a href=\"https:\/\/www.dadco.net\/wp-content\/uploads\/2023\/09\/B23127-German-GRS.25.HD_.pdf\" class=\"w-grid-item-anchor\" aria-label=\"GRS.25.HD\"><\/a>\r\n\t\t\t\t\t\t<div class=\"w-post-elm post_image usg_post_image_1\"><img loading=\"lazy\" decoding=\"async\" width=\"234\" height=\"228\" src=\"https:\/\/www.dadco.net\/wp-content\/uploads\/2023\/09\/GRS.25.HD123.png\" class=\"attachment-full size-full wp-post-image\" alt=\"\" \/><\/div><h4 class=\"w-post-elm post_title usg_post_title_1 entry-title color_link_inherit\">GRS.25.HD<\/h4>\t\t<\/div>\r\n\t<\/article>\r\n<\/div>\t<div class=\"g-preloader type_1\">\r\n\t\t<div><\/div>\r\n\t<\/div>\r\n\t\t<div class=\"w-grid-json hidden\" onclick='return {&quot;action&quot;:&quot;us_ajax_grid&quot;,&quot;ajax_url&quot;:&quot;https:\\\/\\\/www.dadco.net\\\/wp-admin\\\/admin-ajax.php&quot;,&quot;infinite_scroll&quot;:0,&quot;max_num_pages&quot;:1,&quot;pagination&quot;:&quot;none&quot;,&quot;template_vars&quot;:{&quot;columns&quot;:&quot;1&quot;,&quot;exclude_items&quot;:&quot;none&quot;,&quot;img_size&quot;:&quot;default&quot;,&quot;ignore_items_size&quot;:0,&quot;items_layout&quot;:&quot;22532&quot;,&quot;items_offset&quot;:&quot;1&quot;,&quot;load_animation&quot;:&quot;none&quot;,&quot;overriding_link&quot;:&quot;%7B%22type%22%3A%22post%22%7D&quot;,&quot;post_id&quot;:0,&quot;query_args&quot;:{&quot;post_type&quot;:[&quot;post&quot;],&quot;tax_query&quot;:[{&quot;taxonomy&quot;:&quot;category&quot;,&quot;field&quot;:&quot;slug&quot;,&quot;terms&quot;:[&quot;home-page-slider&quot;]}],&quot;post_status&quot;:[&quot;publish&quot;,&quot;acf-disabled&quot;],&quot;posts_per_page&quot;:&quot;10&quot;},&quot;orderby_query_args&quot;:{&quot;orderby&quot;:{&quot;modified&quot;:&quot;DESC&quot;,&quot;date&quot;:&quot;DESC&quot;}},&quot;type&quot;:&quot;carousel&quot;,&quot;us_grid_ajax_index&quot;:1,&quot;us_grid_filter_params&quot;:[],&quot;us_grid_index&quot;:1,&quot;_us_grid_post_type&quot;:&quot;post&quot;,&quot;page_args&quot;:[],&quot;lang&quot;:&quot;de&quot;},&quot;carousel_settings&quot;:{&quot;autoHeight&quot;:0,&quot;autoplay&quot;:1,&quot;carousel_fade&quot;:0,&quot;center&quot;:0,&quot;dots&quot;:0,&quot;items&quot;:&quot;1&quot;,&quot;loop&quot;:true,&quot;nav&quot;:1,&quot;slideby&quot;:&quot;1&quot;,&quot;smooth_play&quot;:0,&quot;speed&quot;:250,&quot;timeout&quot;:5000,&quot;transition&quot;:&quot;&quot;,&quot;aria_labels&quot;:{&quot;prev&quot;:&quot;Zur\\u00fcck&quot;,&quot;next&quot;:&quot;Weiter&quot;}},&quot;carousel_breakpoints&quot;:{&quot;0&quot;:{&quot;autoHeight&quot;:0,&quot;autoplay&quot;:1,&quot;autoplayHoverPause&quot;:1,&quot;items&quot;:1,&quot;loop&quot;:true,&quot;stagePadding&quot;:0},&quot;601&quot;:{&quot;autoHeight&quot;:0,&quot;autoplay&quot;:1,&quot;autoplayHoverPause&quot;:1,&quot;items&quot;:1,&quot;loop&quot;:true,&quot;stagePadding&quot;:0},&quot;1025&quot;:{&quot;autoHeight&quot;:0,&quot;autoplay&quot;:1,&quot;autoplayHoverPause&quot;:1,&quot;items&quot;:1,&quot;loop&quot;:true,&quot;stagePadding&quot;:0},&quot;1281&quot;:{&quot;items&quot;:1,&quot;stagePadding&quot;:0}}}'><\/div>\r\n\t<\/div><\/div><\/div><\/div><div class=\"vc_col-sm-12 vc_col-md-4 wpb_column vc_column_container\"><div class=\"vc_column-inner\"><div class=\"wpb_wrapper\"><div class=\"w-iconbox iconpos_top style_default color_primary align_center icontype_img\"><a target=\"_blank\" rel=\"nofollow\" href=\"http:\/\/publications.dadco.net\/publication\/?m=35270&amp;l=1\" class=\"w-iconbox-link\" aria-label=\"Mini-Produktkatalogs\"><div class=\"w-iconbox-icon\" style=\"font-size:10rem;\"><img loading=\"lazy\" decoding=\"async\" width=\"922\" height=\"922\" src=\"https:\/\/www.dadco.net\/wp-content\/uploads\/2023\/04\/Mini-Book-Cover-2022.jpg\" class=\"attachment-full size-full\" alt=\"\" srcset=\"https:\/\/www.dadco.net\/wp-content\/uploads\/2023\/04\/Mini-Book-Cover-2022.jpg 922w, https:\/\/www.dadco.net\/wp-content\/uploads\/2023\/04\/Mini-Book-Cover-2022-300x300.jpg 300w, https:\/\/www.dadco.net\/wp-content\/uploads\/2023\/04\/Mini-Book-Cover-2022-150x150.jpg 150w\" sizes=\"auto, (max-width: 922px) 100vw, 922px\" \/><\/div><\/a><div class=\"w-iconbox-meta\"><a target=\"_blank\" rel=\"nofollow\" href=\"http:\/\/publications.dadco.net\/publication\/?m=35270&amp;l=1\" class=\"w-iconbox-link\" aria-label=\"Mini-Produktkatalogs\"><h3 class=\"w-iconbox-title\">Mini-Produktkatalogs<\/h3><\/a><div class=\"w-iconbox-text\"><p>Die neueste Ausgabe unseres beliebten Minibuchs ist jetzt erh\u00e4ltlich. Jetzt herunterladen!<\/p>\n<p><a href=\"http:\/\/publications.dadco.net\/publication\/?m=35270&amp;l=1\" target=\"_blank\" rel=\"noopener\">Digitales Buch<\/a> | <a href=\"https:\/\/itunes.apple.com\/us\/app\/dadco-mini-book\/id1011990771?ls=1&amp;mt=8http:\/\/\">Apple App<\/a> | <a href=\"https:\/\/play.google.com\/store\/apps\/details?id=com.DADCOMiniBook.DADCOMiniBook\">Android App<\/a><\/p>\n<\/div><\/div><\/div><\/div><\/div><\/div><\/div><\/div><\/section>\n","protected":false},"excerpt":{"rendered":"GRS.25.HD","protected":false},"author":1,"featured_media":14171,"parent":0,"menu_order":0,"comment_status":"closed","ping_status":"closed","template":"","meta":{"footnotes":""},"class_list":["post-14518","page","type-page","status-publish","has-post-thumbnail","hentry"],"acf":[],"_links":{"self":[{"href":"https:\/\/www.dadco.net\/de\/wp-json\/wp\/v2\/pages\/14518","targetHints":{"allow":["GET"]}}],"collection":[{"href":"https:\/\/www.dadco.net\/de\/wp-json\/wp\/v2\/pages"}],"about":[{"href":"https:\/\/www.dadco.net\/de\/wp-json\/wp\/v2\/types\/page"}],"author":[{"embeddable":true,"href":"https:\/\/www.dadco.net\/de\/wp-json\/wp\/v2\/users\/1"}],"replies":[{"embeddable":true,"href":"https:\/\/www.dadco.net\/de\/wp-json\/wp\/v2\/comments?post=14518"}],"version-history":[{"count":5,"href":"https:\/\/www.dadco.net\/de\/wp-json\/wp\/v2\/pages\/14518\/revisions"}],"predecessor-version":[{"id":31209,"href":"https:\/\/www.dadco.net\/de\/wp-json\/wp\/v2\/pages\/14518\/revisions\/31209"}],"wp:featuredmedia":[{"embeddable":true,"href":"https:\/\/www.dadco.net\/de\/wp-json\/wp\/v2\/media\/14171"}],"wp:attachment":[{"href":"https:\/\/www.dadco.net\/de\/wp-json\/wp\/v2\/media?parent=14518"}],"curies":[{"name":"wp","href":"https:\/\/api.w.org\/{rel}","templated":true}]}}