{"id":14438,"date":"2022-09-02T15:29:51","date_gmt":"2022-09-02T19:29:51","guid":{"rendered":"https:\/\/www.dadco.net\/produkte\/pneumatikzylinder\/"},"modified":"2024-11-01T12:12:41","modified_gmt":"2024-11-01T16:12:41","slug":"pneumatikzylinder","status":"publish","type":"page","link":"https:\/\/www.dadco.net\/de\/produkte\/pneumatikzylinder\/","title":{"rendered":"Pneumatikzylinder"},"content":{"rendered":"<section class=\"l-section wpb_row height_auto\"><div class=\"l-section-h i-cf\"><div class=\"g-cols vc_row via_flex valign_top type_default stacking_default\"><div class=\"vc_col-sm-12 wpb_column vc_column_container\"><div class=\"vc_column-inner\"><div class=\"wpb_wrapper\"><div class=\"wpb_text_column\"><div class=\"wpb_wrapper\"><p>DADCO\u2019s ISO Pneumatikzylinder (HP Serie) sind sehr vielseitig und durch die umfangreichen Optionen ist es m\u00f6glich, den meisten Kundenanforderungen gerecht zu werden. Die HP Serie Pneumatikzylinder entsprechen den meisten internationalen Standards. Das Produkt erf\u00fcllt die Anforderungen der North American Automotive Metric Standards (NAAMS), der Internationalen Standard Organisation (ISO 6431) und des Verband Deutscher Maschinen- und Anlagenbau e.V. (VDMA 24-562).<\/p>\n<\/div><\/div><\/div><\/div><\/div><\/div><\/div><\/section><section class=\"l-section wpb_row height_medium\"><div class=\"l-section-h i-cf\"><div class=\"g-cols vc_row via_flex valign_top type_default stacking_default\"><div class=\"vc_col-sm-12 wpb_column vc_column_container\"><div class=\"vc_column-inner\"><div class=\"wpb_wrapper\"><div class=\"w-tabs style_default switch_click accordion has_scrolling\"><div class=\"w-tabs-sections titles-align_none icon_chevron cpos_right\"><div class=\"w-tabs-section active\" id=\"aaac\"><button class=\"w-tabs-section-header active\" aria-controls=\"content-aaac\" aria-expanded=\"true\"><h2 class=\"w-tabs-section-title\">HP Serie &#8211; Pneumatikzylinder<\/h2><div class=\"w-tabs-section-control\"><\/div><\/button><div  class=\"w-tabs-section-content\" id=\"content-aaac\"><div class=\"w-tabs-section-content-h i-cf\"><div class=\"g-cols wpb_row via_flex valign_top type_default stacking_default\"><div class=\"vc_col-sm-12 wpb_column vc_column_container\"><div class=\"vc_column-inner\"><div class=\"wpb_wrapper\"><div class=\"wpb_text_column\"><div class=\"wpb_wrapper\"><p><img loading=\"lazy\" decoding=\"async\" class=\"size-full wp-image-500 alignright\" src=\"https:\/\/www.dadco.net\/wp-content\/uploads\/2013\/02\/hp_group.gif\" alt=\"\" width=\"157\" height=\"170\"><\/p>\n<h3>HP Serie \u2013 Pneumatikzylinder<\/h3>\n<p>Die extrem langlebige und vielseitige HP-Serie bietet Modelle in zehn Durchmessern (von 32 mm bis 250 mm) mit standardm\u00e4\u00dfigen BSPP-Anschl\u00fcssen und einem optionalen verdrehgesichertem Modell. Diese nach h\u00f6chsten Standards gefertigten Pneumatikzylinder bestehen aus hochwertigem, korrosionsbest\u00e4ndigem, hochfestem Aluminiumrohr und Kolben. Zu den weiteren Eigenschaften geh\u00f6ren einstellbare D\u00e4mpfungselemente, doppelte Kolbenstangenf\u00fchrungen und Dauerschmierung. Ein umfangreiches Sortiment an Halterungen, alternativen Gelenkk\u00f6pfen, Fittings und Zubeh\u00f6rteilen vervollst\u00e4ndigt die Produktlinie.<\/p>\n<\/div><\/div><div class=\"w-btn-wrapper align_none\"><a class=\"w-btn us-btn-style_1 icon_atleft\" target=\"_blank\" rel=\"nofollow\" href=\"https:\/\/www.dadco.net\/CDS\/catalog-de\/?page=search&amp;cid=air_cylinders\"><i class=\"fas fa-list\"><\/i><span class=\"w-btn-label\">Online Katalog<\/span><\/a><\/div><div class=\"w-btn-wrapper align_none\"><a class=\"w-btn us-btn-style_1 icon_atleft\" target=\"_blank\" href=\"https:\/\/www.dadco.net\/wp-content\/uploads\/2023\/06\/ger_hp_catalog1.pdf\"><i class=\"fas fa-print\"><\/i><span class=\"w-btn-label\">PDF &#8211; Datei<\/span><\/a><\/div><\/div><\/div><\/div><\/div><div class=\"g-cols wpb_row via_flex valign_top type_default stacking_default\"><div class=\"vc_col-sm-12 wpb_column vc_column_container\"><div class=\"vc_column-inner\"><div class=\"wpb_wrapper\"><div class=\"wpb_text_column\"><div class=\"wpb_wrapper\"><h3>HP3.40 Doppelt Wirkender Pneumatikzylinder<\/h3>\n<p>Der neue HP3.40 ist ein neuer Drei-Positionen-Pneumatikzylinder, der sowohl die voll ausgefahrene und die voll eingefahrene Positionen als auch eine feste Zwischenposition erm\u00f6glicht.<\/p>\n<\/div><\/div><div class=\"w-btn-wrapper align_none\"><a class=\"w-btn us-btn-style_1 icon_atleft\" target=\"_blank\" rel=\"nofollow\" href=\"https:\/\/www.dadco.net\/CDS\/catalog-en\/?page=search&amp;cid=hp3_main_cylinder\"><i class=\"fas fa-list\"><\/i><span class=\"w-btn-label\">Online Katalog<\/span><\/a><\/div><div class=\"w-btn-wrapper align_none\"><a class=\"w-btn us-btn-style_1 icon_atleft\" target=\"_blank\" href=\"https:\/\/www.dadco.net\/wp-content\/uploads\/2022\/10\/hp3_catalog.pdf\"><i class=\"fas fa-print\"><\/i><span class=\"w-btn-label\">PDF &#8211; Datei<\/span><\/a><\/div><\/div><\/div><\/div><\/div><div class=\"g-cols wpb_row via_flex valign_top type_default stacking_default\"><div class=\"vc_col-sm-12 wpb_column vc_column_container\"><div class=\"vc_column-inner\"><div class=\"wpb_wrapper\"><div class=\"wpb_text_column\"><div class=\"wpb_wrapper\"><h3>Verdrehgesicherter Metrischer Pneuymatikzylinder<\/h3>\n<p>Der HP. STB.50 wurde speziell f\u00fcr beengte Platzverh\u00e4ltnisse entwickelt. STB.50 ist eine platzsparende L\u00f6sung. Der Pneumatikzylinder wird mit einer einstellbaren D\u00e4mpfung an beiden Enden geliefert, um spezifische Geschwindigkeits- und Verz\u00f6gerungsanforderungen zu erf\u00fcllen.<\/p>\n<\/div><\/div><div class=\"w-btn-wrapper align_none\"><a class=\"w-btn us-btn-style_1 icon_atleft\" target=\"_blank\" href=\"https:\/\/www.dadco.net\/wp-content\/uploads\/2019\/01\/HP_nonrotating.pdf\"><i class=\"fas fa-print\"><\/i><span class=\"w-btn-label\">PDF &#8211; Datei<\/span><\/a><\/div><\/div><\/div><\/div><\/div><div class=\"g-cols wpb_row via_flex valign_top type_default stacking_default\"><div class=\"vc_col-sm-12 wpb_column vc_column_container\"><div class=\"vc_column-inner\"><div class=\"wpb_wrapper\"><div class=\"wpb_text_column\"><div class=\"wpb_wrapper\"><h3>Eins\u00e4ulen Anheber<\/h3>\n<p>Der zuverl\u00e4ssige metrische HP-Pneumatikzylinder mit 40 mm Durchmesser in Kombination mit einem Satz Montageplatten und einer integrierten Stangenf\u00fchrung bietet einen verdrehgesicherten Hub, der sich ideal f\u00fcr den Einsatz als kompakter Streifenanheber eignet.<\/p>\n<\/div><\/div><div class=\"w-btn-wrapper align_none\"><a class=\"w-btn us-btn-style_1 icon_atleft\" target=\"_blank\" href=\"https:\/\/www.dadco.net\/wp-content\/uploads\/2022\/05\/single_post_lift.pdf\"><i class=\"fas fa-print\"><\/i><span class=\"w-btn-label\">PDF &#8211; Datei<\/span><\/a><\/div><\/div><\/div><\/div><\/div><div class=\"g-cols wpb_row via_flex valign_top type_default stacking_default\"><div class=\"vc_col-sm-12 wpb_column vc_column_container\"><div class=\"vc_column-inner\"><div class=\"wpb_wrapper\"><div class=\"wpb_text_column\"><div class=\"wpb_wrapper\"><h3>LP.HP.NY System Set<\/h3>\n<p>Das HP LP Serie System Set wurde entwickelt, um die General Motors Spezifikation, GM# N90.80.105, zu erf\u00fcllen. Das komplette Set enth\u00e4lt zwei verdrehgesicherte DADCO HP-Pneumatikzylinder mit 40 mm Durchmesser, die mit N\u00e4herungssensoren und gro\u00dfen Halterungen f\u00fcr verschiedene Montagekonfigurationen ausgestattet sind. Ein Druckluftregler, ein Kabelsatz und Pneumatikschl\u00e4uche vervollst\u00e4ndigen das Set f\u00fcr eine einfache Installation.<\/p>\n<\/div><\/div><div class=\"w-btn-wrapper align_none\"><a class=\"w-btn us-btn-style_1 icon_atleft\" target=\"_blank\" href=\"https:\/\/www.dadco.net\/wp-content\/uploads\/2022\/07\/LP.HP_.NY-System-Set_revc.pdf\"><i class=\"fas fa-print\"><\/i><span class=\"w-btn-label\">PDF &#8211; Datei<\/span><\/a><\/div><\/div><\/div><\/div><\/div><\/div><\/div><\/div><\/div><\/div><\/div><\/div><\/div><\/div><\/div><\/section>\n","protected":false},"excerpt":{"rendered":"DADCO\u2019s ISO Pneumatikzylinder (HP Serie) sind sehr vielseitig und durch die umfangreichen Optionen ist es m\u00f6glich, den meisten Kundenanforderungen gerecht zu werden. Die HP Serie Pneumatikzylinder entsprechen den meisten internationalen Standards. Das Produkt erf\u00fcllt die Anforderungen der North American Automotive Metric Standards (NAAMS), der Internationalen Standard Organisation (ISO 6431) und des Verband Deutscher Maschinen- und...","protected":false},"author":1,"featured_media":0,"parent":14282,"menu_order":6,"comment_status":"closed","ping_status":"closed","template":"","meta":{"footnotes":""},"class_list":["post-14438","page","type-page","status-publish","hentry"],"acf":[],"_links":{"self":[{"href":"https:\/\/www.dadco.net\/de\/wp-json\/wp\/v2\/pages\/14438","targetHints":{"allow":["GET"]}}],"collection":[{"href":"https:\/\/www.dadco.net\/de\/wp-json\/wp\/v2\/pages"}],"about":[{"href":"https:\/\/www.dadco.net\/de\/wp-json\/wp\/v2\/types\/page"}],"author":[{"embeddable":true,"href":"https:\/\/www.dadco.net\/de\/wp-json\/wp\/v2\/users\/1"}],"replies":[{"embeddable":true,"href":"https:\/\/www.dadco.net\/de\/wp-json\/wp\/v2\/comments?post=14438"}],"version-history":[{"count":5,"href":"https:\/\/www.dadco.net\/de\/wp-json\/wp\/v2\/pages\/14438\/revisions"}],"predecessor-version":[{"id":32258,"href":"https:\/\/www.dadco.net\/de\/wp-json\/wp\/v2\/pages\/14438\/revisions\/32258"}],"up":[{"embeddable":true,"href":"https:\/\/www.dadco.net\/de\/wp-json\/wp\/v2\/pages\/14282"}],"wp:attachment":[{"href":"https:\/\/www.dadco.net\/de\/wp-json\/wp\/v2\/media?parent=14438"}],"curies":[{"name":"wp","href":"https:\/\/api.w.org\/{rel}","templated":true}]}}