{"id":14432,"date":"2022-09-02T15:29:15","date_gmt":"2022-09-02T15:29:15","guid":{"rendered":"https:\/\/www.dadco.net\/produkte\/stickstoff-anheber\/"},"modified":"2023-12-18T13:27:57","modified_gmt":"2023-12-18T13:27:57","slug":"stickstoff-anheber","status":"publish","type":"page","link":"https:\/\/www.dadco.net\/de\/produkte\/stickstoff-anheber\/","title":{"rendered":"Stickstoff Anheber"},"content":{"rendered":"<section class=\"l-section wpb_row height_auto\"><div class=\"l-section-h i-cf\"><div class=\"g-cols vc_row via_flex valign_top type_default stacking_default\"><div class=\"vc_col-sm-12 wpb_column vc_column_container\"><div class=\"vc_column-inner\"><div class=\"wpb_wrapper\"><div class=\"wpb_text_column\"><div class=\"wpb_wrapper\"><p>Sparen Sie Zeit bei der Konstruktion, Fertigung und Installation mit DADCOs All-in-One-Konzept f\u00fcr gef\u00fchrte Stickstoff Anheber. Diese Serie ist in einer Vielzahl von Modellen erh\u00e4ltlich, einschlie\u00dflich verdrehgesicherter und ged\u00e4mpfter Versionen und ist ideal f\u00fcr Folgeverbundwerkzeuge.<\/p>\n<\/div><\/div><\/div><\/div><\/div><\/div><\/div><\/section><section class=\"l-section wpb_row height_medium\"><div class=\"l-section-h i-cf\"><div class=\"g-cols vc_row via_flex valign_top type_default stacking_default\"><div class=\"vc_col-sm-12 wpb_column vc_column_container\"><div class=\"vc_column-inner\"><div class=\"wpb_wrapper\"><div class=\"w-tabs style_default switch_click accordion\"><div class=\"w-tabs-sections titles-align_none icon_chevron cpos_right\"><div class=\"w-tabs-section active\" id=\"adfb\"><button class=\"w-tabs-section-header active\" aria-controls=\"content-adfb\" aria-expanded=\"true\"><h2 class=\"w-tabs-section-title\">Verdrehgesicherte Stickstoff Anheber<\/h2><div class=\"w-tabs-section-control\"><\/div><\/button><div  class=\"w-tabs-section-content\" id=\"content-adfb\"><div class=\"w-tabs-section-content-h i-cf\"><div class=\"g-cols wpb_row via_flex valign_top type_default stacking_default\"><div class=\"vc_col-sm-12 wpb_column vc_column_container\"><div class=\"vc_column-inner\"><div class=\"wpb_wrapper\"><div class=\"wpb_text_column\"><div class=\"wpb_wrapper\"><p><img loading=\"lazy\" decoding=\"async\" class=\"size-full wp-image-468 alignright\" src=\"https:\/\/www.dadco.net\/wp-content\/uploads\/2013\/02\/sln_090_180_group1.jpg\" alt=\"\" width=\"153\" height=\"158\"><\/p>\n<h3>SLN.090, SLN.180 und SLN.300<\/h3>\n<p>Die SLN.090, SLN.180 und SLN.300 verdrehgesicherten Stickstoff Anheber bieten eine \u201eAll-In-One\u201c L\u00f6sung f\u00fcr gef\u00fchrte Anhebeanwendungen. Diese Heber verf\u00fcgen \u00fcber eine integrierte F\u00fchrung f\u00fcr Einzel-, Mehrpunkt- oder Schienenhubanwendungen und sind ideal f\u00fcr Folgeverbundwerkzeuge. In allen drei Kraftmodelle (1 kN, 2 kN, 3 kN) sind DADCO Micro- oder Mini-Stickstoffgasdruckfedern verbaut.<\/p>\n<\/div><\/div><div class=\"w-hwrapper valign_top wrap align_none\"><div class=\"w-btn-wrapper align_none\"><a class=\"w-btn us-btn-style_1 icon_atleft\" target=\"_blank\" rel=\"nofollow\" href=\"https:\/\/www.dadco.net\/CDS\/catalog-de\/?page=search&amp;cid=micro_non-rotating_nitrogen_gas_spring_lifters\"><i class=\"far fa-list\"><\/i><span class=\"w-btn-label\">Online Katalog<\/span><\/a><\/div><div class=\"w-btn-wrapper align_none\"><a class=\"w-btn us-btn-style_1 icon_atleft\" target=\"_blank\" href=\"https:\/\/www.dadco.net\/wp-content\/uploads\/2023\/06\/german_lifters_catalog.pdf#page=5\"><i class=\"fas fa-print\"><\/i><span class=\"w-btn-label\">PDF &#8211; Datei<\/span><\/a><\/div><\/div><\/div><\/div><\/div><\/div><\/div><\/div><\/div><div class=\"w-tabs-section\" id=\"w765\"><button class=\"w-tabs-section-header\" aria-controls=\"content-w765\" aria-expanded=\"false\"><h2 class=\"w-tabs-section-title\">Stickstoff-Gasdruckfeder Transfer-Rahmenheber<\/h2><div class=\"w-tabs-section-control\"><\/div><\/button><div  class=\"w-tabs-section-content\" id=\"content-w765\"><div class=\"w-tabs-section-content-h i-cf\"><div class=\"g-cols wpb_row via_flex valign_top type_default stacking_default\"><div class=\"vc_col-sm-12 wpb_column vc_column_container\"><div class=\"vc_column-inner\"><div class=\"wpb_wrapper\"><div class=\"wpb_text_column\"><div class=\"wpb_wrapper\"><p><img loading=\"lazy\" decoding=\"async\" class=\"size-full wp-image-478 alignright\" src=\"https:\/\/www.dadco.net\/wp-content\/uploads\/2013\/02\/slc500_800pic.jpg\" alt=\"\" width=\"157\" height=\"170\"><\/p>\n<h3>SLC.500, SLC.800<\/h3>\n<p>Die SLC.500 und SLC.800 Stickstoff-Gasdruckfeder Transfer-Rahmenheber Serie ersetzt F\u00fchrungs- und D\u00e4mpfungselemente f\u00fcr Rahmenheber. Die Rahmenheber sind in den Kr\u00e4ften 24 kN &amp; 80 kN verf\u00fcgbar. Durch das Verbundsystem ist eine gleichm\u00e4\u00dfige Kraft \/ Bewegung f\u00fcr ein verbessertes Handling gew\u00e4hrleistet. Die SLC Serie ist ideal f\u00fcr Folgeverbundwerkzeuge, Transfer-Rahmenheber, Niederhalter und Ausgleichsanwendungen.<\/p>\n<\/div><\/div><div class=\"w-hwrapper valign_top wrap align_none\"><div class=\"w-btn-wrapper align_none\"><a class=\"w-btn us-btn-style_1 icon_atleft\" target=\"_blank\" rel=\"nofollow\" href=\"https:\/\/www.dadco.net\/CDS\/catalog-de\/?page=search&amp;cid=nitrogen_gas_spring_rail_lifters\"><i class=\"fas fa-list\"><\/i><span class=\"w-btn-label\">Online Katalog<\/span><\/a><\/div><div class=\"w-btn-wrapper align_none\"><a class=\"w-btn us-btn-style_1 icon_atleft\" target=\"_blank\" href=\"https:\/\/www.dadco.net\/wp-content\/uploads\/2023\/06\/german_lifters_catalog.pdf#page=13\"><i class=\"fas fa-print\"><\/i><span class=\"w-btn-label\">PDF &#8211; Datei<\/span><\/a><\/div><div class=\"w-btn-wrapper align_none\"><a class=\"w-btn us-btn-style_1 icon_atleft\" target=\"_blank\" href=\"https:\/\/youtu.be\/4LPsqptYDgQ\"><i class=\"fas fa-video\"><\/i><span class=\"w-btn-label\">Video<\/span><\/a><\/div><\/div><\/div><\/div><\/div><\/div><\/div><\/div><\/div><div class=\"w-tabs-section\" id=\"rde9\"><button class=\"w-tabs-section-header\" aria-controls=\"content-rde9\" aria-expanded=\"false\"><h2 class=\"w-tabs-section-title\">Stickstoff-Gasdruckfeder Zwei-S\u00e4ulen Anheber<\/h2><div class=\"w-tabs-section-control\"><\/div><\/button><div  class=\"w-tabs-section-content\" id=\"content-rde9\"><div class=\"w-tabs-section-content-h i-cf\"><div class=\"g-cols wpb_row via_flex valign_top type_default stacking_default\"><div class=\"vc_col-sm-12 wpb_column vc_column_container\"><div class=\"vc_column-inner\"><div class=\"wpb_wrapper\"><div class=\"wpb_text_column\"><div class=\"wpb_wrapper\"><p><img loading=\"lazy\" decoding=\"async\" class=\"alignright wp-image-2563 size-full\" src=\"https:\/\/www.dadco.net\/wp-content\/uploads\/2013\/02\/sl2_090_180_grp1.gif\" alt=\"\" width=\"150\" height=\"93\"><\/p>\n<h3>SL2.090, SL2.180 und SL2.300<\/h3>\n<p>Die SL2.090, SL2.180 und SL2.300 Zwei-S\u00e4ulen Anheber sind robust und zuverl\u00e4ssig. Diese Anheber zeichnen sich durch ihre schmale Konstruktion aus (25mm, 32mm und 55mm) und sind ideal f\u00fcr Folgeverbundwerkzeuge, Niederhalter und Ausgleichsanwendungen. In allen drei Modelle (1 kN; 2 kN; 3 kN) werden DADCO\u2019s Mikro oder Mini Gasdruckfedern eingesetzt.<\/p>\n<\/div><\/div><div class=\"w-btn-wrapper align_none\"><a class=\"w-btn us-btn-style_1 icon_atleft\" target=\"_blank\" rel=\"nofollow\" href=\"https:\/\/www.dadco.net\/CDS\/catalog-de\/?page=search&amp;cid=nitrogen_gas_spring_two_post_lifters\"><i class=\"fas fa-list\"><\/i><span class=\"w-btn-label\">Online Katalog<\/span><\/a><\/div><div class=\"w-btn-wrapper align_none\"><a class=\"w-btn us-btn-style_1 icon_atleft\" target=\"_blank\" href=\"https:\/\/www.dadco.net\/wp-content\/uploads\/2023\/06\/german_lifters_catalog.pdf#page=9\"><i class=\"fas fa-print\"><\/i><span class=\"w-btn-label\">PDF &#8211; Datei<\/span><\/a><\/div><\/div><\/div><\/div><\/div><\/div><\/div><\/div><div class=\"w-tabs-section\" id=\"b327\"><button class=\"w-tabs-section-header\" aria-controls=\"content-b327\" aria-expanded=\"false\"><h2 class=\"w-tabs-section-title\">Abstreifer Modell<\/h2><div class=\"w-tabs-section-control\"><\/div><\/button><div  class=\"w-tabs-section-content\" id=\"content-b327\"><div class=\"w-tabs-section-content-h i-cf\"><div class=\"g-cols wpb_row via_flex valign_top type_default stacking_default\"><div class=\"vc_col-sm-12 wpb_column vc_column_container\"><div class=\"vc_column-inner\"><div class=\"wpb_wrapper\"><div class=\"wpb_text_column\"><div class=\"wpb_wrapper\"><p><img loading=\"lazy\" decoding=\"async\" class=\"alignright wp-image-10870 size-full\" src=\"https:\/\/www.dadco.net\/wp-content\/uploads\/2022\/09\/flange_model-e1679326596961.gif\" alt=\"\" width=\"65\" height=\"150\"><\/p>\n<h3>SLN.180 Abstreifer Modell <\/h3>\n<p>Das SLN.180 Stickstoff-Gasdruckfeder Abstreifer Modell entpricht dem Ford Standard (WDX06-80M) f\u00fcr Stanzwerkzeuge . Der Abstreifer wird in Anwendungen zum Abstreifen von Werkst\u00fccken eingesetzt. Es werden zwei Modelle f\u00fcr verschiedene Abstreifanwendungen angeboten.<\/p>\n<\/div><\/div><div class=\"w-btn-wrapper align_none\"><a class=\"w-btn us-btn-style_1 icon_atleft\" target=\"_blank\" rel=\"nofollow\" href=\"https:\/\/www.dadco.net\/CDS\/catalog-de\/?page=search&amp;cid=micro_non-rotating_nitrogen_gas_spring_lifters\"><i class=\"fas fa-list\"><\/i><span class=\"w-btn-label\">Online Katalog<\/span><\/a><\/div><div class=\"w-btn-wrapper align_none\"><a class=\"w-btn us-btn-style_1 icon_atleft\" target=\"_blank\" href=\"https:\/\/www.dadco.net\/wp-content\/uploads\/2023\/06\/german_lifters_catalog.pdf#page=15\"><i class=\"fas fa-print\"><\/i><span class=\"w-btn-label\">PDF &#8211; Datei<\/span><\/a><\/div><\/div><\/div><\/div><\/div><\/div><\/div><\/div><\/div><\/div><\/div><\/div><\/div><\/div><\/div><\/section>\n","protected":false},"excerpt":{"rendered":"Sparen Sie Zeit bei der Konstruktion, Fertigung und Installation mit DADCOs All-in-One-Konzept f\u00fcr gef\u00fchrte Stickstoff Anheber. Diese Serie ist in einer Vielzahl von Modellen erh\u00e4ltlich, einschlie\u00dflich verdrehgesicherter und ged\u00e4mpfter Versionen und ist ideal f\u00fcr Folgeverbundwerkzeuge. Verdrehgesicherte Stickstoff Anheber SLN.090, SLN.180 und SLN.300 Die SLN.090, SLN.180 und SLN.300 verdrehgesicherten Stickstoff Anheber bieten eine \u201eAll-In-One\u201c L\u00f6sung f\u00fcr...","protected":false},"author":1,"featured_media":0,"parent":14282,"menu_order":4,"comment_status":"closed","ping_status":"closed","template":"","meta":{"footnotes":""},"class_list":["post-14432","page","type-page","status-publish","hentry"],"acf":[],"_links":{"self":[{"href":"https:\/\/www.dadco.net\/de\/wp-json\/wp\/v2\/pages\/14432","targetHints":{"allow":["GET"]}}],"collection":[{"href":"https:\/\/www.dadco.net\/de\/wp-json\/wp\/v2\/pages"}],"about":[{"href":"https:\/\/www.dadco.net\/de\/wp-json\/wp\/v2\/types\/page"}],"author":[{"embeddable":true,"href":"https:\/\/www.dadco.net\/de\/wp-json\/wp\/v2\/users\/1"}],"replies":[{"embeddable":true,"href":"https:\/\/www.dadco.net\/de\/wp-json\/wp\/v2\/comments?post=14432"}],"version-history":[{"count":5,"href":"https:\/\/www.dadco.net\/de\/wp-json\/wp\/v2\/pages\/14432\/revisions"}],"predecessor-version":[{"id":29864,"href":"https:\/\/www.dadco.net\/de\/wp-json\/wp\/v2\/pages\/14432\/revisions\/29864"}],"up":[{"embeddable":true,"href":"https:\/\/www.dadco.net\/de\/wp-json\/wp\/v2\/pages\/14282"}],"wp:attachment":[{"href":"https:\/\/www.dadco.net\/de\/wp-json\/wp\/v2\/media?parent=14432"}],"curies":[{"name":"wp","href":"https:\/\/api.w.org\/{rel}","templated":true}]}}