{"id":14426,"date":"2022-09-02T15:29:37","date_gmt":"2022-09-02T15:29:37","guid":{"rendered":"https:\/\/www.dadco.net\/produkte\/power-cam-system\/"},"modified":"2023-12-15T16:40:22","modified_gmt":"2023-12-15T16:40:22","slug":"power-cam-system","status":"publish","type":"page","link":"https:\/\/www.dadco.net\/de\/produkte\/power-cam-system\/","title":{"rendered":"Geber Nehmer System"},"content":{"rendered":"<section class=\"l-section wpb_row height_auto\"><div class=\"l-section-h i-cf\"><div class=\"g-cols vc_row via_flex valign_top type_default stacking_default\"><div class=\"vc_col-sm-12 wpb_column vc_column_container\"><div class=\"vc_column-inner\"><div class=\"wpb_wrapper\"><div class=\"wpb_text_column\"><div class=\"wpb_wrapper\"><p>DADCO\u2019s Geber Nehmer System wurde f\u00fcr den Einsatz in Werkzeugen entwickelt, die zus\u00e4tzliche Operationen wie Stanzen, Lochen, Formen oder B\u00f6rdeln erfordern und bietet hierf\u00fcr eine einfache konstruktive L\u00f6sungen.<\/p>\n<\/div><\/div><\/div><\/div><\/div><\/div><\/div><\/section><section class=\"l-section wpb_row height_medium\"><div class=\"l-section-h i-cf\"><div class=\"g-cols vc_row via_flex valign_top type_default stacking_default\"><div class=\"vc_col-sm-12 wpb_column vc_column_container\"><div class=\"vc_column-inner\"><div class=\"wpb_wrapper\"><div class=\"w-tabs style_default switch_click accordion has_scrolling\"><div class=\"w-tabs-sections titles-align_none icon_chevron cpos_right\"><div class=\"w-tabs-section active\" id=\"ibae\"><button class=\"w-tabs-section-header active\" aria-controls=\"content-ibae\" aria-expanded=\"true\"><h2 class=\"w-tabs-section-title\">Geber Nehmer System<\/h2><div class=\"w-tabs-section-control\"><\/div><\/button><div  class=\"w-tabs-section-content\" id=\"content-ibae\"><div class=\"w-tabs-section-content-h i-cf\"><div class=\"g-cols wpb_row via_flex valign_top type_default stacking_default\"><div class=\"vc_col-sm-12 wpb_column vc_column_container\"><div class=\"vc_column-inner\"><div class=\"wpb_wrapper\"><div class=\"wpb_text_column\"><div class=\"wpb_wrapper\"><h3><img loading=\"lazy\" decoding=\"async\" class=\"size-full wp-image-497 alignright\" src=\"https:\/\/www.dadco.net\/wp-content\/uploads\/2013\/02\/power_cam_group.gif\" alt=\"\" width=\"157\" height=\"170\">Geber Nehmer System<\/h3>\n<p>Sehr hohe Qualit\u00e4t gew\u00e4hrleistet eine sehr lange Lebensdauer. DADCO\u2019s Geber Nehmer System ist in den Kr\u00e4ften 15 kN und 40 kN erh\u00e4ltlich. Jedes System ben\u00f6tigt mindestens eine Geber und Nehmer Einheit sowie die Verbindung durch einen Hydraulik-Schlauch.<\/p>\n<p>Der Geber besteht aus einem Hydraulik-Zylinder und einem \u201eStickstoff-\u00fcber-\u00d6l\u201c-Akkumulator, montiert auf eine Verbundplatte. DADCO\u2019s Nehmer Einheit ist ein kompakter Aktuator welcher durch den Nehmer angetrieben wird und in jede Richtung installiert werden kann. Werden ein Geber und ein Nehmer der selben Serie und Hub gepaart, \u00fcbertr\u00e4gt das \u00dcbersetzungsverh\u00e4ltnis f\u00fcr Weg, Geschwindigkeit und Druck 1 : 1.<\/p>\n<\/div><\/div><div class=\"w-btn-wrapper align_none\"><a class=\"w-btn us-btn-style_1 icon_atleft\" target=\"_blank\" rel=\"nofollow\" href=\"https:\/\/www.dadco.net\/CDS\/catalog-de\/?page=search&amp;cid=pow_cam_pow_pump_sys\"><i class=\"fas fa-list\"><\/i><span class=\"w-btn-label\">Online Katalog<\/span><\/a><\/div><div class=\"w-btn-wrapper align_none\"><a class=\"w-btn us-btn-style_1 icon_atleft\" target=\"_blank\" href=\"https:\/\/www.dadco.net\/wp-content\/uploads\/2023\/06\/ger_powercam_catalog.pdf\"><i class=\"fas fa-print\"><\/i><span class=\"w-btn-label\">PDF &#8211; Datei<\/span><\/a><\/div><div class=\"w-btn-wrapper align_none\"><a class=\"w-btn us-btn-style_1 icon_atleft\" target=\"_blank\" href=\"https:\/\/www.dadco.net\/wp-content\/uploads\/2013\/02\/powercam_installation_bulletin.pdf\"><i class=\"fas fa-info\"><\/i><span class=\"w-btn-label\">Zugeh\u00f6riges Bulletin<\/span><\/a><\/div><div class=\"w-btn-wrapper align_none\"><a class=\"w-btn us-btn-style_1 icon_atleft\" target=\"_blank\" href=\"https:\/\/youtu.be\/JpqORazq38Q\"><i class=\"fas fa-video\"><\/i><span class=\"w-btn-label\">Video<\/span><\/a><\/div><\/div><\/div><\/div><\/div><\/div><\/div><\/div><\/div><\/div><\/div><\/div><\/div><\/div><\/div><\/section>\n","protected":false},"excerpt":{"rendered":"DADCO\u2019s Geber Nehmer System wurde f\u00fcr den Einsatz in Werkzeugen entwickelt, die zus\u00e4tzliche Operationen wie Stanzen, Lochen, Formen oder B\u00f6rdeln erfordern und bietet hierf\u00fcr eine einfache konstruktive L\u00f6sungen. Geber Nehmer SystemGeber Nehmer System Sehr hohe Qualit\u00e4t gew\u00e4hrleistet eine sehr lange Lebensdauer. DADCO\u2019s Geber Nehmer System ist in den Kr\u00e4ften 15 kN und 40 kN erh\u00e4ltlich....","protected":false},"author":1,"featured_media":0,"parent":14282,"menu_order":7,"comment_status":"closed","ping_status":"closed","template":"","meta":{"footnotes":""},"class_list":["post-14426","page","type-page","status-publish","hentry"],"acf":[],"_links":{"self":[{"href":"https:\/\/www.dadco.net\/de\/wp-json\/wp\/v2\/pages\/14426","targetHints":{"allow":["GET"]}}],"collection":[{"href":"https:\/\/www.dadco.net\/de\/wp-json\/wp\/v2\/pages"}],"about":[{"href":"https:\/\/www.dadco.net\/de\/wp-json\/wp\/v2\/types\/page"}],"author":[{"embeddable":true,"href":"https:\/\/www.dadco.net\/de\/wp-json\/wp\/v2\/users\/1"}],"replies":[{"embeddable":true,"href":"https:\/\/www.dadco.net\/de\/wp-json\/wp\/v2\/comments?post=14426"}],"version-history":[{"count":5,"href":"https:\/\/www.dadco.net\/de\/wp-json\/wp\/v2\/pages\/14426\/revisions"}],"predecessor-version":[{"id":29806,"href":"https:\/\/www.dadco.net\/de\/wp-json\/wp\/v2\/pages\/14426\/revisions\/29806"}],"up":[{"embeddable":true,"href":"https:\/\/www.dadco.net\/de\/wp-json\/wp\/v2\/pages\/14282"}],"wp:attachment":[{"href":"https:\/\/www.dadco.net\/de\/wp-json\/wp\/v2\/media?parent=14426"}],"curies":[{"name":"wp","href":"https:\/\/api.w.org\/{rel}","templated":true}]}}