{"id":14401,"date":"2022-09-09T01:47:24","date_gmt":"2022-09-09T01:47:24","guid":{"rendered":"https:\/\/www.dadco.net\/stickstoff-gasdruckfedern-und-ergaenzende-produkte\/"},"modified":"2023-11-08T20:54:06","modified_gmt":"2023-11-08T20:54:06","slug":"stickstoff-gasdruckfedern-und-ergaenzende-produkte","status":"publish","type":"page","link":"https:\/\/www.dadco.net\/de\/unterstuetzende\/stickstoff-gasdruckfedern-und-ergaenzende-produkte\/","title":{"rendered":"Stickstoff-Gasdruckfedern und erg\u00e4nzende Produkte"},"content":{"rendered":"<section class=\"l-section wpb_row height_auto\"><div class=\"l-section-h i-cf\"><div class=\"g-cols vc_row via_flex valign_top type_default stacking_default\"><div class=\"vc_col-sm-12 wpb_column vc_column_container\"><div class=\"vc_column-inner\"><div class=\"wpb_wrapper\"><div class=\"w-tabs style_default switch_click accordion has_scrolling\"><div class=\"w-tabs-sections titles-align_none icon_chevron cpos_right\"><div class=\"w-tabs-section\" id=\"h43a\"><button class=\"w-tabs-section-header\" aria-controls=\"content-h43a\" aria-expanded=\"false\"><h2 class=\"w-tabs-section-title\">Micro Serie<\/h2><div class=\"w-tabs-section-control\"><\/div><\/button><div  class=\"w-tabs-section-content\" id=\"content-h43a\"><div class=\"w-tabs-section-content-h i-cf\"><div class=\"g-cols wpb_row via_flex valign_top type_default stacking_default\"><div class=\"vc_col-sm-12 wpb_column vc_column_container\"><div class=\"vc_column-inner\"><div class=\"wpb_wrapper\"><div class=\"wpb_text_column\"><div class=\"wpb_wrapper\"><h3>Micro 45<sup>\u00ae<\/sup> H\u00fclse<\/h3>\n<p>Ma\u00dfe und Produktdetails der C.045 Micro-H\u00fclse, durch welche der Durchmesser der Micro 45<sup>\u00ae<\/sup> vergr\u00f6\u00dfert wird, um in bestehende \u00d813 mm Bohrungen eingesetzt werden zu k\u00f6nnen.<\/p>\n<\/div><\/div><div class=\"w-btn-wrapper align_none\"><a class=\"w-btn us-btn-style_1\" target=\"_blank\" href=\"https:\/\/dadco.net\/wp-content\/uploads\/2013\/02\/c45Sleeve.pdf\"><span class=\"w-btn-label\">Micro 45\u00ae H\u00fclse<\/span><\/a><\/div><\/div><\/div><\/div><\/div><div class=\"g-cols wpb_row via_flex valign_top type_default stacking_default\"><div class=\"vc_col-sm-12 wpb_column vc_column_container\"><div class=\"vc_column-inner\"><div class=\"wpb_wrapper\"><div class=\"wpb_text_column\"><div class=\"wpb_wrapper\"><h3>Micro 45<sup>\u00ae<\/sup> Druck_Befestigung<\/h3>\n<p>Micro 45<sup>\u00ae<\/sup> Diese findet Anwendung bei limitiertem Platzangebot oder wenn R\u00fcckzugskr\u00e4fte gew\u00fcnscht sind.<\/p>\n<\/div><\/div><div class=\"w-btn-wrapper align_none\"><a class=\"w-btn us-btn-style_1\" target=\"_blank\" href=\"https:\/\/dadco.net\/wp-content\/uploads\/2013\/02\/c45_tension_mount.pdf\"><span class=\"w-btn-label\">Micro 45\u00ae Druck_Befestigung<\/span><\/a><\/div><\/div><\/div><\/div><\/div><div class=\"g-cols wpb_row via_flex valign_top type_default stacking_default\"><div class=\"vc_col-sm-12 wpb_column vc_column_container\"><div class=\"vc_column-inner\"><div class=\"wpb_wrapper\"><div class=\"wpb_text_column\"><div class=\"wpb_wrapper\"><h3>Micro 45<sup>\u00ae<\/sup> Druck_Befestigung<\/h3>\n<p>Micro 45<sup>\u00ae<\/sup> Diese findet Anwendung bei limitiertem Platzangebot oder wenn R\u00fcckzugskr\u00e4fte gew\u00fcnscht sind.<\/p>\n<\/div><\/div><div class=\"w-btn-wrapper align_none\"><a class=\"w-btn us-btn-style_1\" target=\"_blank\" href=\"https:\/\/dadco.net\/wp-content\/uploads\/2013\/02\/c45_tension_mount.pdf\"><span class=\"w-btn-label\">Micro 45\u00ae Druck_Befestigung<\/span><\/a><\/div><\/div><\/div><\/div><\/div><div class=\"g-cols wpb_row via_flex valign_top type_default stacking_default\"><div class=\"vc_col-sm-12 wpb_column vc_column_container\"><div class=\"vc_column-inner\"><div class=\"wpb_wrapper\"><div class=\"wpb_text_column\"><div class=\"wpb_wrapper\"><h3>E.16 Stickstoff-Abdr\u00fcckstift<\/h3>\n<p>Ma\u00dfe und Produktdetails f\u00fcr DADCO\u2019s Stickstoff-Abdr\u00fcckstift. Der E.16 hat ein M16 Gewindegeh\u00e4use, eine abgerundete Kolbenstange und entspricht dem deutschen VDI\/BAK-Standard sowie dem FORD WDX35-70 Standard.<\/p>\n<\/div><\/div><div class=\"w-btn-wrapper align_none\"><a class=\"w-btn us-btn-style_1\" target=\"_blank\" href=\"https:\/\/dadco.net\/wp-content\/uploads\/2013\/02\/e16_bulletin.pdf\"><span class=\"w-btn-label\">E.16 Stickstoff-Abdr\u00fcckstift<\/span><\/a><\/div><\/div><\/div><\/div><\/div><div class=\"g-cols wpb_row via_flex valign_top type_default stacking_default\"><div class=\"vc_col-sm-12 wpb_column vc_column_container\"><div class=\"vc_column-inner\"><div class=\"wpb_wrapper\"><div class=\"wpb_text_column\"><div class=\"wpb_wrapper\"><h3>E.24 Stickstoff-Abdr\u00fcckstift<\/h3>\n<p>Ma\u00dfe und Produktdetails f\u00fcr DADCO\u2019s Stickstoff-Abdr\u00fcckstift. Der E.24 hat ein M24 Gewindegeh\u00e4use, eine abgerundete Kolbenstange und entspricht dem deutschen VDI\/BAK-Standard sowie dem FORD WDX35-70 Standard.<\/p>\n<\/div><\/div><div class=\"w-btn-wrapper align_none\"><a class=\"w-btn us-btn-style_1\" target=\"_blank\" href=\"https:\/\/dadco.net\/wp-content\/uploads\/2013\/02\/e16_bulletin.pdf\"><span class=\"w-btn-label\">E.24 Stickstoff-Abdr\u00fcckstift<\/span><\/a><\/div><\/div><\/div><\/div><\/div><div class=\"g-cols wpb_row via_flex valign_top type_default stacking_default\"><div class=\"vc_col-sm-12 wpb_column vc_column_container\"><div class=\"vc_column-inner\"><div class=\"wpb_wrapper\"><div class=\"wpb_text_column\"><div class=\"wpb_wrapper\"><h3>E.16.TB5<\/h3>\n<p>Abmessung und Produktdetail vom E.16 Teileheber mit TB5 Gewindek\u00f6rper. Der E.16.TB5 ersetzt den GC.045.015.TB5 und entspricht dem GM-Design-Standards.<\/p>\n<\/div><\/div><div class=\"w-btn-wrapper align_none\"><a class=\"w-btn us-btn-style_1\" target=\"_blank\" href=\"https:\/\/dadco.net\/wp-content\/uploads\/2018\/08\/E.16.TB5_bulletin.pdf\"><span class=\"w-btn-label\">E.16.TB5<\/span><\/a><\/div><\/div><\/div><\/div><\/div><div class=\"g-cols wpb_row via_flex valign_top type_default stacking_default\"><div class=\"vc_col-sm-12 wpb_column vc_column_container\"><div class=\"vc_column-inner\"><div class=\"wpb_wrapper\"><div class=\"wpb_text_column\"><div class=\"wpb_wrapper\"><h3>Micro 90<sup>\u00ae<\/sup> \u2013 TB3 Gewindegeh\u00e4use<\/h3>\n<p>Ma\u00dfe und Produktdetails zu DADCO\u2019s Micro 90<sup>\u00ae<\/sup> \u2013 mit TB3 Gewindegeh\u00e4use.<\/p>\n<\/div><\/div><div class=\"w-btn-wrapper align_none\"><a class=\"w-btn us-btn-style_1\" target=\"_blank\" href=\"https:\/\/dadco.net\/wp-content\/uploads\/2013\/02\/c.90.tb3_.pdf\"><span class=\"w-btn-label\">Micro 90\u00ae \u2013 TB3 Gewindegeh\u00e4use<\/span><\/a><\/div><\/div><\/div><\/div><\/div><div class=\"g-cols wpb_row via_flex valign_top type_default stacking_default\"><div class=\"vc_col-sm-12 wpb_column vc_column_container\"><div class=\"vc_column-inner\"><div class=\"wpb_wrapper\"><div class=\"wpb_text_column\"><div class=\"wpb_wrapper\"><h3>Micro 90<sup>\u00ae<\/sup> mit verl\u00e4ngerter F\u00fchrung<\/h3>\n<p>Ma\u00dfe und Produktdetails zu DADCO\u2019s Micro 90<sup>\u00ae<\/sup> mit verl\u00e4ngerter F\u00fchrung und TB2 Gewindegeh\u00e4use.<\/p>\n<\/div><\/div><div class=\"w-btn-wrapper align_none\"><a class=\"w-btn us-btn-style_1\" target=\"_blank\" href=\"https:\/\/dadco.net\/wp-content\/uploads\/2013\/02\/micro90_extended.pdf\"><span class=\"w-btn-label\">Micro 90\u00ae mit verl\u00e4ngerter F\u00fchrung<\/span><\/a><\/div><\/div><\/div><\/div><\/div><div class=\"g-cols wpb_row via_flex valign_top type_default stacking_default\"><div class=\"vc_col-sm-12 wpb_column vc_column_container\"><div class=\"vc_column-inner\"><div class=\"wpb_wrapper\"><div class=\"wpb_text_column\"><div class=\"wpb_wrapper\"><h3>Micro Serie Zubeh\u00f6r<\/h3>\n<p>Informationen zum erh\u00e4ltlichen Zubeh\u00f6r f\u00fcr die Micro-Serie Stickstoff-Gasdruckfedern, wie C.180 Viton-Kappe und C.090 Kolbenstangen-Eins\u00e4tze aus Kunststoff.<\/p>\n<\/div><\/div><div class=\"w-btn-wrapper align_none\"><a class=\"w-btn us-btn-style_1\" target=\"_blank\" href=\"https:\/\/dadco.net\/wp-content\/uploads\/2013\/02\/micrptions.pdf\"><span class=\"w-btn-label\">Micro Serie Zubeh\u00f6r<\/span><\/a><\/div><\/div><\/div><\/div><\/div><\/div><\/div><\/div><div class=\"w-tabs-section\" id=\"ea0b\"><button class=\"w-tabs-section-header\" aria-controls=\"content-ea0b\" aria-expanded=\"false\"><h2 class=\"w-tabs-section-title\">L \/LJ \/U<\/h2><div class=\"w-tabs-section-control\"><\/div><\/button><div  class=\"w-tabs-section-content\" id=\"content-ea0b\"><div class=\"w-tabs-section-content-h i-cf\"><div class=\"g-cols wpb_row via_flex valign_top type_default stacking_default\"><div class=\"vc_col-sm-12 wpb_column vc_column_container\"><div class=\"vc_column-inner\"><div class=\"wpb_wrapper\"><div class=\"wpb_text_column\"><div class=\"wpb_wrapper\"><h3>LJ.750.TC1<\/h3>\n<p>Ma\u00dfe und Produktdetails zu DADCO\u2019s LJ.750 Gasdruckfeder mit TC1 Befestigung<\/p>\n<\/div><\/div><div class=\"w-btn-wrapper align_none\"><a class=\"w-btn us-btn-style_1\" target=\"_blank\" href=\"https:\/\/dadco.net\/wp-content\/uploads\/2013\/02\/lj_750_tc1mount.pdf\"><span class=\"w-btn-label\">LJ.750.TC1<\/span><\/a><\/div><\/div><\/div><\/div><\/div><div class=\"g-cols wpb_row via_flex valign_top type_default stacking_default\"><div class=\"vc_col-sm-12 wpb_column vc_column_container\"><div class=\"vc_column-inner\"><div class=\"wpb_wrapper\"><div class=\"wpb_text_column\"><div class=\"wpb_wrapper\"><h3>U.0600.TP Stickstoff-Gasdruckfeder<\/h3>\n<p>Ma\u00dfe und Produktdetails zur U.0600.TP Stickstoff-Gasdruckfeder welcher einen vorangegangenen Version entspricht. Nur f\u00fcr Nachr\u00fcstungen verwenden.<\/p>\n<\/div><\/div><div class=\"w-btn-wrapper align_none\"><a class=\"w-btn us-btn-style_1\" target=\"_blank\" href=\"https:\/\/dadco.net\/wp-content\/uploads\/2013\/02\/U.0600_mounting-hole-retrofit1.pdf\"><span class=\"w-btn-label\">U.0600.TP Stickstoff-Gasdruckfeder<\/span><\/a><\/div><\/div><\/div><\/div><\/div><\/div><\/div><\/div><div class=\"w-tabs-section\" id=\"h5ae\"><button class=\"w-tabs-section-header\" aria-controls=\"content-h5ae\" aria-expanded=\"false\"><h2 class=\"w-tabs-section-title\">Diverse Befestigungen und Zubeh\u00f6r<\/h2><div class=\"w-tabs-section-control\"><\/div><\/button><div  class=\"w-tabs-section-content\" id=\"content-h5ae\"><div class=\"w-tabs-section-content-h i-cf\"><div class=\"g-cols wpb_row via_flex valign_top type_default stacking_default\"><div class=\"vc_col-sm-12 wpb_column vc_column_container\"><div class=\"vc_column-inner\"><div class=\"wpb_wrapper\"><div class=\"wpb_text_column\"><div class=\"wpb_wrapper\"><h3>Montagewerkzeug f\u00fcr Klemmring<\/h3>\n<p>Dieses Werkzeug wird verwendet um den Klemmring, f\u00fcr die B41\/B42 Flansche der UT Gasdruckfeder-Serie, in die Befestigungsnut einzusetzen.<\/p>\n<\/div><\/div><div class=\"w-btn-wrapper align_none\"><a class=\"w-btn us-btn-style_1\" target=\"_blank\" href=\"https:\/\/dadco.net\/wp-content\/uploads\/2016\/11\/mount_ring_installation_tool.pdf\"><span class=\"w-btn-label\">Montagewerkzeug f\u00fcr Klemmring<\/span><\/a><\/div><\/div><\/div><\/div><\/div><div class=\"g-cols wpb_row via_flex valign_top type_default stacking_default\"><div class=\"vc_col-sm-12 wpb_column vc_column_container\"><div class=\"vc_column-inner\"><div class=\"wpb_wrapper\"><div class=\"wpb_text_column\"><div class=\"wpb_wrapper\"><h3>Demontierbare BTF Befestigung (B14\/90.14)<\/h3>\n<p>Die TF-Befestigung (geschwei\u00dft) ist nun als demontierbare Befestigung erh\u00e4ltlich. Details beinhaltet Abmessungen und Bestellinformationen.<\/p>\n<\/div><\/div><div class=\"w-btn-wrapper align_none\"><a class=\"w-btn us-btn-style_1\" target=\"_blank\" href=\"https:\/\/dadco.net\/wp-content\/uploads\/2013\/02\/btf_-mount.pdf\"><span class=\"w-btn-label\">Demontierbare BTF Befestigung<\/span><\/a><\/div><\/div><\/div><\/div><\/div><div class=\"g-cols wpb_row via_flex valign_top type_default stacking_default\"><div class=\"vc_col-sm-12 wpb_column vc_column_container\"><div class=\"vc_column-inner\"><div class=\"wpb_wrapper\"><div class=\"wpb_text_column\"><div class=\"wpb_wrapper\"><h3>Compact Split Flange Mount (B30\/90.30)<\/h3>\n<p>Die B30 Befestigung ist eine kompakte Flanschhalterung, die die untere Nut zur Befestigung nutzt.<\/p>\n<\/div><\/div><div class=\"w-btn-wrapper align_none\"><a class=\"w-btn us-btn-style_1\" target=\"_blank\" href=\"https:\/\/dadco.net\/wp-content\/uploads\/2019\/05\/90_30_mount.pdf\"><span class=\"w-btn-label\">Compact Split Flange Mount (B30\/90.30)<\/span><\/a><\/div><\/div><\/div><\/div><\/div><div class=\"g-cols wpb_row via_flex valign_top type_default stacking_default\"><div class=\"vc_col-sm-12 wpb_column vc_column_container\"><div class=\"vc_column-inner\"><div class=\"wpb_wrapper\"><div class=\"wpb_text_column\"><div class=\"wpb_wrapper\"><h3>Demontierbare Befestigung (B31\/90.31)<\/h3>\n<p>Die B31\/90.31 Befestigung ist demontierbar, mit einer zus\u00e4tzlichen Standfl\u00e4che und Schraubendurchgangsl\u00f6cher versehen welche exakt mit der TSW Befestigung \u00fcbereinstimmt.<\/p>\n<\/div><\/div><div class=\"w-btn-wrapper align_none\"><a class=\"w-btn us-btn-style_1\" target=\"_blank\" href=\"https:\/\/dadco.net\/wp-content\/uploads\/2013\/02\/90_31_flyer.pdf\"><span class=\"w-btn-label\">Demontierbare Befestigung (B31\/90.31)<\/span><\/a><\/div><\/div><\/div><\/div><\/div><div class=\"g-cols wpb_row via_flex valign_top type_default stacking_default\"><div class=\"vc_col-sm-12 wpb_column vc_column_container\"><div class=\"vc_column-inner\"><div class=\"wpb_wrapper\"><div class=\"wpb_text_column\"><div class=\"wpb_wrapper\"><h3>Cinch-Befestigung<\/h3>\n<p>Das Bulletin zeigt Informationen zum Cinch-Befestigung \u201cBolzen und Urethan Ring Set\u201d zum sichern von DADCO Gasdruckfedern in Sackl\u00f6chern ohne zus\u00e4tzliche Befestigungen.<\/p>\n<\/div><\/div><div class=\"w-btn-wrapper align_none\"><a class=\"w-btn us-btn-style_1\" target=\"_blank\" href=\"https:\/\/dadco.net\/wp-content\/uploads\/2013\/02\/cinch_lock_reva.pdf\"><span class=\"w-btn-label\">Cinch-Befestigung<\/span><\/a><\/div><\/div><\/div><\/div><\/div><div class=\"g-cols wpb_row via_flex valign_top type_default stacking_default\"><div class=\"vc_col-sm-12 wpb_column vc_column_container\"><div class=\"vc_column-inner\"><div class=\"wpb_wrapper\"><div class=\"wpb_text_column\"><div class=\"wpb_wrapper\"><h3>Kolbenstangen Abstreifer<\/h3>\n<p>Bulletin enth\u00e4lt Details und Installationsanleitung f\u00fcr die optionale Kolbenstangen-Abdeckung die bei extremen Einsatzbedingungen Schutz vor korrosiven Stoffen bietet.<\/p>\n<\/div><\/div><div class=\"w-btn-wrapper align_none\"><a class=\"w-btn us-btn-style_1\" target=\"_blank\" href=\"https:\/\/dadco.net\/wp-content\/uploads\/2013\/03\/rod_cover_installation.pdf\"><span class=\"w-btn-label\">Kolbenstangen Abstreifer<\/span><\/a><\/div><\/div><\/div><\/div><\/div><div class=\"g-cols wpb_row via_flex valign_top type_default stacking_default\"><div class=\"vc_col-sm-12 wpb_column vc_column_container\"><div class=\"vc_column-inner\"><div class=\"wpb_wrapper\"><div class=\"wpb_text_column\"><div class=\"wpb_wrapper\"><h3>Befestigungsblock<\/h3>\n<p>Detailierte Zeichnung mit Ma\u00dfen der drei verschiedenen Befestigungsbl\u00f6cke f\u00fcr die Kontroll- und Bedientafel.<\/p>\n<\/div><\/div><div class=\"w-btn-wrapper align_none\"><a class=\"w-btn us-btn-style_1\" target=\"_blank\" href=\"https:\/\/dadco.net\/wp-content\/uploads\/2013\/02\/riser_block4.pdf\"><span class=\"w-btn-label\">Befestigungsblock<\/span><\/a><\/div><\/div><\/div><\/div><\/div><div class=\"g-cols wpb_row via_flex valign_top type_default stacking_default\"><div class=\"vc_col-sm-12 wpb_column vc_column_container\"><div class=\"vc_column-inner\"><div class=\"wpb_wrapper\"><div class=\"wpb_text_column\"><div class=\"wpb_wrapper\"><h3>TEC-Federentlastungsbl\u00f6cke f\u00fcr Werkzeuge<\/h3>\n<p>Details \u00fcber TEC-Bl\u00f6cke bei der Anwendung der Werkzeugentlastung w\u00e4hrend der Lagerung der Werkzeuge.<\/p>\n<\/div><\/div><div class=\"w-btn-wrapper align_none\"><a class=\"w-btn us-btn-style_1\" target=\"_blank\" href=\"https:\/\/dadco.net\/wp-content\/uploads\/2013\/02\/tec_diestorageblocks.pdf\"><span class=\"w-btn-label\">TEC-Federentlastungsbl\u00f6cke f\u00fcr Werkzeuge<\/span><\/a><\/div><\/div><\/div><\/div><\/div><div class=\"g-cols wpb_row via_flex valign_top type_default stacking_default\"><div class=\"vc_col-sm-12 wpb_column vc_column_container\"><div class=\"vc_column-inner\"><div class=\"wpb_wrapper\"><div class=\"wpb_text_column\"><div class=\"wpb_wrapper\"><h3>Verteilerblock<\/h3>\n<p>Details \u00fcber TEC-Bl\u00f6cke bei der Anwendung der Werkzeugentlastung w\u00e4hrend der Lagerung der Werkzeuge.<\/p>\n<\/div><\/div><div class=\"w-btn-wrapper align_none\"><a class=\"w-btn us-btn-style_1\" target=\"_blank\" href=\"https:\/\/dadco.net\/wp-content\/uploads\/2013\/02\/distblock_bulletin4.pdf\"><span class=\"w-btn-label\">Verteilerblock<\/span><\/a><\/div><\/div><\/div><\/div><\/div><div class=\"g-cols wpb_row via_flex valign_top type_default stacking_default\"><div class=\"vc_col-sm-12 wpb_column vc_column_container\"><div class=\"vc_column-inner\"><div class=\"wpb_wrapper\"><div class=\"wpb_text_column\"><div class=\"wpb_wrapper\"><h3>Verteilerblock<\/h3>\n<p>Details \u00fcber TEC-Bl\u00f6cke bei der Anwendung der Werkzeugentlastung w\u00e4hrend der Lagerung der Werkzeuge.<\/p>\n<\/div><\/div><div class=\"w-btn-wrapper align_none\"><a class=\"w-btn us-btn-style_1\" target=\"_blank\" href=\"https:\/\/dadco.net\/wp-content\/uploads\/2013\/02\/distblock_bulletin4.pdf\"><span class=\"w-btn-label\">Verteilerblock<\/span><\/a><\/div><\/div><\/div><\/div><\/div><\/div><\/div><\/div><\/div><\/div><\/div><\/div><\/div><\/div><\/div><\/section>\n","protected":false},"excerpt":{"rendered":"Micro SerieMicro 45\u00ae H\u00fclse Ma\u00dfe und Produktdetails der C.045 Micro-H\u00fclse, durch welche der Durchmesser der Micro 45\u00ae vergr\u00f6\u00dfert wird, um in bestehende \u00d813 mm Bohrungen eingesetzt werden zu k\u00f6nnen. Micro 45\u00ae H\u00fclseMicro 45\u00ae Druck_Befestigung Micro 45\u00ae Diese findet Anwendung bei limitiertem Platzangebot oder wenn R\u00fcckzugskr\u00e4fte gew\u00fcnscht sind. Micro 45\u00ae Druck_BefestigungMicro 45\u00ae Druck_Befestigung Micro 45\u00ae Diese...","protected":false},"author":1,"featured_media":0,"parent":14502,"menu_order":6,"comment_status":"closed","ping_status":"closed","template":"","meta":{"footnotes":""},"class_list":["post-14401","page","type-page","status-publish","hentry"],"acf":[],"_links":{"self":[{"href":"https:\/\/www.dadco.net\/de\/wp-json\/wp\/v2\/pages\/14401","targetHints":{"allow":["GET"]}}],"collection":[{"href":"https:\/\/www.dadco.net\/de\/wp-json\/wp\/v2\/pages"}],"about":[{"href":"https:\/\/www.dadco.net\/de\/wp-json\/wp\/v2\/types\/page"}],"author":[{"embeddable":true,"href":"https:\/\/www.dadco.net\/de\/wp-json\/wp\/v2\/users\/1"}],"replies":[{"embeddable":true,"href":"https:\/\/www.dadco.net\/de\/wp-json\/wp\/v2\/comments?post=14401"}],"version-history":[{"count":5,"href":"https:\/\/www.dadco.net\/de\/wp-json\/wp\/v2\/pages\/14401\/revisions"}],"predecessor-version":[{"id":28740,"href":"https:\/\/www.dadco.net\/de\/wp-json\/wp\/v2\/pages\/14401\/revisions\/28740"}],"up":[{"embeddable":true,"href":"https:\/\/www.dadco.net\/de\/wp-json\/wp\/v2\/pages\/14502"}],"wp:attachment":[{"href":"https:\/\/www.dadco.net\/de\/wp-json\/wp\/v2\/media?parent=14401"}],"curies":[{"name":"wp","href":"https:\/\/api.w.org\/{rel}","templated":true}]}}