{"id":14392,"date":"2022-09-02T14:40:54","date_gmt":"2022-09-02T14:40:54","guid":{"rendered":"https:\/\/www.dadco.net\/wer-wir-sind\/neuheiten\/"},"modified":"2023-12-20T10:45:35","modified_gmt":"2023-12-20T15:45:35","slug":"neuheiten","status":"publish","type":"page","link":"https:\/\/www.dadco.net\/de\/wer-wir-sind\/neuheiten\/","title":{"rendered":"Neuheiten"},"content":{"rendered":"<section class=\"l-section wpb_row news height_auto\"><div class=\"l-section-h i-cf\"><div class=\"g-cols vc_row via_flex valign_top type_default stacking_default\"><div class=\"vc_col-sm-12 wpb_column vc_column_container\"><div class=\"vc_column-inner\"><div class=\"wpb_wrapper\"><div class=\"w-grid type_grid layout_14376 with_pagination\" id=\"us_grid_1\" style=\"--gap:1.5rem;\" data-filterable=\"true\"><style>.layout_14376 .w-grid-item-h{}<\/style><div class=\"w-grid-list\">\t<article class=\"w-grid-item size_1x1 post-33374 post type-post status-publish format-standard has-post-thumbnail hentry category-monthly-updates-de\" data-id=\"33374\">\r\n\t\t<div class=\"w-grid-item-h\">\r\n\t\t\t\t\t\t<div class=\"w-hwrapper usg_hwrapper_1 align_none valign_top\" style=\"--hwrapper-gap:2rem\"><div class=\"w-post-elm post_image usg_post_image_1\"><a href=\"https:\/\/www.dadco.net\/de\/blog\/2025\/09\/30\/october-2025\/\" aria-label=\"October 2025\"><img loading=\"lazy\" decoding=\"async\" width=\"1800\" height=\"1200\" src=\"https:\/\/www.dadco.net\/wp-content\/uploads\/2025\/09\/Millutensil-Announcement_picture-002.jpg\" class=\"attachment-full size-full wp-post-image\" alt=\"\" srcset=\"https:\/\/www.dadco.net\/wp-content\/uploads\/2025\/09\/Millutensil-Announcement_picture-002.jpg 1800w, https:\/\/www.dadco.net\/wp-content\/uploads\/2025\/09\/Millutensil-Announcement_picture-002-300x200.jpg 300w, https:\/\/www.dadco.net\/wp-content\/uploads\/2025\/09\/Millutensil-Announcement_picture-002-1024x683.jpg 1024w\" sizes=\"auto, (max-width: 1800px) 100vw, 1800px\" \/><\/a><\/div><div class=\"w-vwrapper usg_vwrapper_1 align_none valign_top\"><h3 class=\"w-post-elm post_title usg_post_title_2 entry-title color_link_inherit\"><a href=\"https:\/\/www.dadco.net\/de\/blog\/2025\/09\/30\/october-2025\/\">October 2025<\/a><\/h3><div class=\"w-post-elm post_content usg_post_content_1 without_sections with_collapsible_content\" data-content-height=\"200px\"><div><div class=\"wpb_text_column\"><div class=\"wpb_wrapper\"><h4>DADCO is thrilled to announce our new and exclusive distributor servicing Italy, Millutensil Innovation.<\/h4>\n<p>DADCO is thrilled to announce our new and exclusive distributor servicing Italy, Millutensil Innovation. Located in Izano, Millutensil is a dynamic company known for developing innovative and leading solutions for their customers. Millutensil is a world leader in the manufacture of die and mold spotting presses, die-splitters and machinery for sheet metal working. Additional product lines include industrial automation and metal working components. Millutensil is uniquely positioned to provide a superior level of technical service and support to DADCO customers in Italy. DADCO is proud to welcome Millutensil Innovation to our distributor family.<\/p>\n<div class=\"uncode_text_column\">\n<div class=\"uncode_text_column\">\n<p>Via delle Industrie, 10<\/p>\n<p>26010 Izano (CR) ITALY<\/p>\n<\/div>\n<div class=\"uncode_text_column\">\n<p><a href=\"mailto:info@millutensil.com\">info@millutensil.com<\/a><br \/>\nPhone +39 0373 789622<\/p>\n<\/div>\n<\/div>\n<\/div><\/div>\n<\/div><div class=\"toggle-links align_none\"><button class=\"collapsible-content-more\">Show More.<\/button><button class=\"collapsible-content-less\">Show Less.<\/button><\/div><\/div><\/div><\/div>\t\t<\/div>\r\n\t<\/article>\r\n\t<article class=\"w-grid-item size_1x1 post-17625 post type-post status-publish format-standard has-post-thumbnail hentry category-monthly-updates-de\" data-id=\"17625\">\r\n\t\t<div class=\"w-grid-item-h\">\r\n\t\t\t\t\t\t<div class=\"w-hwrapper usg_hwrapper_1 align_none valign_top\" style=\"--hwrapper-gap:2rem\"><div class=\"w-post-elm post_image usg_post_image_1\"><a href=\"https:\/\/www.dadco.net\/de\/blog\/2017\/05\/03\/september-2017\/\" aria-label=\"September 2017\"><img loading=\"lazy\" decoding=\"async\" width=\"238\" height=\"77\" src=\"https:\/\/www.dadco.net\/wp-content\/uploads\/2017\/05\/DADCO-Japan_black_stacked.jpg\" class=\"attachment-full size-full wp-post-image\" alt=\"\" \/><\/a><\/div><div class=\"w-vwrapper usg_vwrapper_1 align_none valign_top\"><h3 class=\"w-post-elm post_title usg_post_title_2 entry-title color_link_inherit\"><a href=\"https:\/\/www.dadco.net\/de\/blog\/2017\/05\/03\/september-2017\/\">September 2017<\/a><\/h3><div class=\"w-post-elm post_content usg_post_content_1 without_sections with_collapsible_content\" data-content-height=\"200px\"><div><div class=\"wpb_text_column\"><div class=\"wpb_wrapper\"><h4>DADCO Opens a New Office in Japan<\/h4>\n<p>DADCO is pleased to announce that we have opened a sales office in Japan. DADCO Japan, Inc. will fully support the Japanese market for all customer business for DADCO, Inc. The new location will start taking orders on September 21, 2017. Customer&#8217;s previously purchasing DADCO products through<br \/>\nDayton Progress Japan will now be able to purchase directly from<br \/>\nDADCO Japan.<\/p>\n<p>2370-7 Kamimizo Chuou-ku Sagamihara-shi Kanagawa-ken 252-0243 Japan<br \/>\n\u3012252-0243 \u795e\u5948\u5ddd\u770c\u76f8\u6a21\u539f\u5e02\u4e2d\u592e\u533a\u4e0a\u6e9d2370\u756a\u57307<br \/>\nE-mail: ds@dadco-japan.jp<\/p>\n<\/div><\/div>\n<\/div><div class=\"toggle-links align_none\"><button class=\"collapsible-content-more\">Show More.<\/button><button class=\"collapsible-content-less\">Show Less.<\/button><\/div><\/div><\/div><\/div>\t\t<\/div>\r\n\t<\/article>\r\n\t<article class=\"w-grid-item size_1x1 post-25149 post type-post status-publish format-standard has-post-thumbnail hentry category-monthly-updates-de\" data-id=\"25149\">\r\n\t\t<div class=\"w-grid-item-h\">\r\n\t\t\t\t\t\t<div class=\"w-hwrapper usg_hwrapper_1 align_none valign_top\" style=\"--hwrapper-gap:2rem\"><div class=\"w-post-elm post_image usg_post_image_1\"><a href=\"https:\/\/www.dadco.net\/de\/blog\/2015\/05\/03\/januar-2015\/\" aria-label=\"JANUAR 2015\"><img loading=\"lazy\" decoding=\"async\" width=\"157\" height=\"170\" src=\"https:\/\/www.dadco.net\/wp-content\/uploads\/2015\/05\/90.10DS.gif\" class=\"attachment-full size-full wp-post-image\" alt=\"\" \/><\/a><\/div><div class=\"w-vwrapper usg_vwrapper_1 align_none valign_top\"><h3 class=\"w-post-elm post_title usg_post_title_2 entry-title color_link_inherit\"><a href=\"https:\/\/www.dadco.net\/de\/blog\/2015\/05\/03\/januar-2015\/\">JANUAR 2015<\/a><\/h3><div class=\"w-post-elm post_content usg_post_content_1 without_sections with_collapsible_content\" data-content-height=\"200px\"><div><h4>Neue Gasdruckfedern von DADCO<\/h4>\n<p>Die neue 90.10 DS-Serie von DADCO wurde mit einer reduzierten R\u00fcckhubgeschwindigkeit entwickelt und ist damit eine ideale Wahl f\u00fcr das Abstellen von Werkzeugen. Diese Modelle sind ein direkter Ersatz f\u00fcr herk\u00f6mmliche Abstellvorrichtungen und m\u00fcssen vor dem Einbau in die Presse nicht aus dem Werkzeug entfernt werden. Die in drei Gr\u00f6\u00dfen angebotenen Modelle 90.10DS.3000, 90.10DS.5000 und 90.10DS.7500 sind direkt mit den Modellen ISO 3000-7500 austauschbar. Bei jedem Zyklus wird nicht die gesamte Arbeithubl\u00e4nge ben\u00f6tigt. Im Vergleich zu einer Standard-Gasdruckfeder, die bei der Lagerung von Werkzeugen verwendet wird, kehrt die 90.10 DS mit einer gedrosselten R\u00fcckhubgeschwindigkeit zur\u00fcck, was letztendlich zu einer niedrigeren Betriebstemperatur, einem geringeren Verschlei\u00df der Pressenkomponenten und einer langen Lebensdauer der Feder f\u00fchrt. DADCO empfiehlt die Verwendung von 90.10 DS-Gasdruckfedern in jeder Ecke eines Werkzeugs, um eine gleichm\u00e4\u00dfige Gewichtsverteilung zu erreichen.<\/p>\n<p>Eine vierseitige Brosch\u00fcre zur Einf\u00fchrung der neuen 90.10 DS Abstellfeder ist bei DADCO erh\u00e4ltlich. Sie enth\u00e4lt Bestellinformationen und Anwendungsdaten.<\/p>\n<\/div><div class=\"toggle-links align_none\"><button class=\"collapsible-content-more\">Show More.<\/button><button class=\"collapsible-content-less\">Show Less.<\/button><\/div><\/div><\/div><\/div>\t\t<\/div>\r\n\t<\/article>\r\n\t<article class=\"w-grid-item size_1x1 post-17633 post type-post status-publish format-standard has-post-thumbnail hentry category-monthly-updates-de tag-september-de\" data-id=\"17633\">\r\n\t\t<div class=\"w-grid-item-h\">\r\n\t\t\t\t\t\t<div class=\"w-hwrapper usg_hwrapper_1 align_none valign_top\" style=\"--hwrapper-gap:2rem\"><div class=\"w-post-elm post_image usg_post_image_1\"><a href=\"https:\/\/www.dadco.net\/de\/blog\/2012\/05\/03\/september-2012\/\" aria-label=\"September 2012\"><img loading=\"lazy\" decoding=\"async\" width=\"216\" height=\"300\" src=\"https:\/\/www.dadco.net\/wp-content\/uploads\/2012\/05\/fcl_group.jpg\" class=\"attachment-full size-full wp-post-image\" alt=\"\" \/><\/a><\/div><div class=\"w-vwrapper usg_vwrapper_1 align_none valign_top\"><h3 class=\"w-post-elm post_title usg_post_title_2 entry-title color_link_inherit\"><a href=\"https:\/\/www.dadco.net\/de\/blog\/2012\/05\/03\/september-2012\/\">September 2012<\/a><\/h3><div class=\"w-post-elm post_content usg_post_content_1 without_sections with_collapsible_content\" data-content-height=\"200px\"><div><h4>Neu! FCL, die neue ged\u00e4mpfte Stickstoff Gasdruckfeder von DADCO.<\/h4>\n<p>DADCO freut sich die neue ged\u00e4mpfte Stickstoff-Gasdruckfeder Serie einf\u00fchren zu k\u00f6nnen. Die FCL Serie ist eine Mini-Gasdruckfeder die den R\u00fcckhub w\u00e4hrend den letzten 2-4 mm d\u00e4mpft und den Kraftanstieg w\u00e4hrend dem Arbeitshub reduziert.<\/p>\n<p>Die FCL Serie ist zwei Modellen erh\u00e4ltlich: FCL.503 und FCL.755. Der Geh\u00e4usedurchmesser der FCL.503 ist \u00f8 44,5mm und hat einen Kraftanstieg von 302 daN. Die FCL.755 hat einen Geh\u00e4usedurchmesser von \u00f8 50,0 mm und einen Kraftanstieg von 471 daN. Beide Modelle sind mit Hubl\u00e4ngen bis 125 mm verf\u00fcgbar und eignen sich ideal f\u00fcr Schieberanwendungen.<\/p>\n<p>Ein vierseitiges, hochglanz Bulletin beinhaltet Bestellinformationen, Einbauspezifikationen und Anwendungsbeispiele.<\/p>\n<\/div><div class=\"toggle-links align_none\"><button class=\"collapsible-content-more\">Show More.<\/button><button class=\"collapsible-content-less\">Show Less.<\/button><\/div><\/div><\/div><\/div>\t\t<\/div>\r\n\t<\/article>\r\n\t<article class=\"w-grid-item size_1x1 post-17634 post type-post status-publish format-standard hentry category-monthly-updates-de tag-april-de\" data-id=\"17634\">\r\n\t\t<div class=\"w-grid-item-h\">\r\n\t\t\t\t\t\t<div class=\"w-hwrapper usg_hwrapper_1 align_none valign_top\" style=\"--hwrapper-gap:2rem\"><div class=\"w-vwrapper usg_vwrapper_1 align_none valign_top\"><h3 class=\"w-post-elm post_title usg_post_title_2 entry-title color_link_inherit\"><a href=\"https:\/\/www.dadco.net\/de\/blog\/2012\/05\/03\/april-2012\/\">April 2012<\/a><\/h3><div class=\"w-post-elm post_content usg_post_content_1 without_sections with_collapsible_content\" data-content-height=\"200px\"><div><h4>DADCO stellt den neuen Online-Katalog vor.<\/h4>\n<p>Die Website von DADCO wurde aktualisiert und enth\u00e4lt jetzt einen integrierten Online-Katalog. Dieser neue Online-Katalog verf\u00fcgt \u00fcber eine einfach zu bedienende Schnittstelle, die einen schnellen Zugang zu DADCOs breiter Produktpalette bietet, einschlie\u00dflich Stickstoffgasdruckfedern- Anheber, mit Verbundsysteme, F\u00fchrungs- und Distanzeinheiten, Geber-Nehmer-Systeme und Pneumatikzylinder. <\/p>\n<p>Die Navigation durch den Online-Katalog ist sehr einfach: Anhand der Bilder ist das gew\u00fcnschte Produkt schnell zu finden. Sobald das Modell und die Hubl\u00e4nge ausgew\u00e4hlt sind, wird die spezifische Produktseite angezeigt. Kunden k\u00f6nnen sich nun ein 3D-Modell anzeigen lassen, oder \u00fcber ein Registrierungsverfahren Zugriff auf CAD-Daten erhalten. Die Modelle sind in den g\u00e4ngigen CAD Formaten, SAT, STEP, CATIA, IGES DXF, verf\u00fcgbar. Detaillierte Produktinformationen sind mit nur wenigen Mausklicks erh\u00e4ltlich. Dar\u00fcber hinaus und zur weiteren Unterst\u00fctzung verf\u00fcgt jede Seite \u00fcber eine am oberen Rand platzierte Suchfunktion.    <\/p>\n<\/div><div class=\"toggle-links align_none\"><button class=\"collapsible-content-more\">Show More.<\/button><button class=\"collapsible-content-less\">Show Less.<\/button><\/div><\/div><\/div><\/div>\t\t<\/div>\r\n\t<\/article>\r\n\t<article class=\"w-grid-item size_1x1 post-17635 post type-post status-publish format-standard has-post-thumbnail hentry category-monthly-updates-de tag-march-de\" data-id=\"17635\">\r\n\t\t<div class=\"w-grid-item-h\">\r\n\t\t\t\t\t\t<div class=\"w-hwrapper usg_hwrapper_1 align_none valign_top\" style=\"--hwrapper-gap:2rem\"><div class=\"w-post-elm post_image usg_post_image_1\"><a href=\"https:\/\/www.dadco.net\/de\/blog\/2012\/05\/03\/maerz-2012\/\" aria-label=\"M\u00c4RZ 2012\"><img loading=\"lazy\" decoding=\"async\" width=\"150\" height=\"150\" src=\"https:\/\/www.dadco.net\/wp-content\/uploads\/2012\/05\/sln_090_180_group1-150x150-1.jpg\" class=\"attachment-full size-full wp-post-image\" alt=\"\" \/><\/a><\/div><div class=\"w-vwrapper usg_vwrapper_1 align_none valign_top\"><h3 class=\"w-post-elm post_title usg_post_title_2 entry-title color_link_inherit\"><a href=\"https:\/\/www.dadco.net\/de\/blog\/2012\/05\/03\/maerz-2012\/\">M\u00c4RZ 2012<\/a><\/h3><div class=\"w-post-elm post_content usg_post_content_1 without_sections with_collapsible_content\" data-content-height=\"200px\"><div><h4>DADCO\u2019s neuer SLN.180 Abstreifer <\/h4>\n<p>Der neue SLN.180 Mikro-Stickstoff-Gasdruckfeder-Abstreifer bietet eine \u201eAll-In-One\u201c L\u00f6sung f\u00fcr Abstreifanwendungen an. Das robuste 50mm Geh\u00e4use ist in zwei Ausf\u00fchrungen erh\u00e4ltlich: FA mit einem gefasten Kolbenstangenende und einer Kolbenstangenzentrierung zur Befestigung am Werkzeug und FB mit einem flachen Kolbenstangenende. DADCO\u2019s eingebaute Micro 180<sup>\u00ae<\/sup> Gasdruckfeder, bietet eine zuverl\u00e4ssige Hubkraft.  <\/p>\n<p>Der SLN.180 Abstreifer hat eine Anfangskraft von bis zu 34 daN und ist mit Hubl\u00e4ngen von 63mm bis zu 200 mm verf\u00fcgbar. Der Abstreifer entspricht dem Ford Standard f\u00fcr Stanzwerkzeuge. Auf einem zweiseitigem Bulletin sind die zwei verf\u00fcgbaren Modelle, des SLN.180 Stickstoff-Gasdruckfeder Abstreifer, mit Abmessungen, Informationen \u00fcber die Bestellung sowie Einsatzm\u00f6glichkeiten abgebildet. <\/p>\n<\/div><div class=\"toggle-links align_none\"><button class=\"collapsible-content-more\">Show More.<\/button><button class=\"collapsible-content-less\">Show Less.<\/button><\/div><\/div><\/div><\/div>\t\t<\/div>\r\n\t<\/article>\r\n\t<article class=\"w-grid-item size_1x1 post-17637 post type-post status-publish format-standard has-post-thumbnail hentry category-monthly-updates-de tag-juli\" data-id=\"17637\">\r\n\t\t<div class=\"w-grid-item-h\">\r\n\t\t\t\t\t\t<div class=\"w-hwrapper usg_hwrapper_1 align_none valign_top\" style=\"--hwrapper-gap:2rem\"><div class=\"w-post-elm post_image usg_post_image_1\"><a href=\"https:\/\/www.dadco.net\/de\/blog\/2012\/02\/26\/juli-2012\/\" aria-label=\"Juli 2012\"><img loading=\"lazy\" decoding=\"async\" width=\"232\" height=\"55\" src=\"https:\/\/www.dadco.net\/wp-content\/uploads\/2012\/02\/dadco_brasil.gif\" class=\"attachment-full size-full wp-post-image\" alt=\"\" \/><\/a><\/div><div class=\"w-vwrapper usg_vwrapper_1 align_none valign_top\"><h3 class=\"w-post-elm post_title usg_post_title_2 entry-title color_link_inherit\"><a href=\"https:\/\/www.dadco.net\/de\/blog\/2012\/02\/26\/juli-2012\/\">Juli 2012<\/a><\/h3><div class=\"w-post-elm post_content usg_post_content_1 without_sections with_collapsible_content\" data-content-height=\"200px\"><div><h4>DADCO er\u00f6ffnet ein neues B\u00fcro in Brasilien.<\/h4>\n<p>DADCO freut sich bekannt geben zu k\u00f6nnen, dass die Gesch\u00e4ftsbereiche dank eines neu er\u00f6ffneten B\u00fcros in Brasilien erweitert werden. DADCO FERRAMENTAS do BRASIL, mit sik in S\u00e3o Paulo. Das brasilianische B\u00fcro wird regional sowie \u00fcberregional unterst\u00fctzend f\u00fcr die Kunden t\u00e4tig sein. <\/p>\n<p>DADCO FERRAMENTAS do BRASIL is at Rua Botucatu, 39 S\u00e3o Caetano Do Sul, S\u00e3o Paulo, CEP 09550-060, Brazil.<\/p>\n<\/div><div class=\"toggle-links align_none\"><button class=\"collapsible-content-more\">Show More.<\/button><button class=\"collapsible-content-less\">Show Less.<\/button><\/div><\/div><\/div><\/div>\t\t<\/div>\r\n\t<\/article>\r\n<\/div><div class=\"w-grid-preloader\">\t<div class=\"g-preloader type_1\">\r\n\t\t<div><\/div>\r\n\t<\/div>\r\n\t<\/div>\t<div class=\"w-grid-json hidden\" onclick='return {&quot;action&quot;:&quot;us_ajax_grid&quot;,&quot;ajax_url&quot;:&quot;https:\\\/\\\/www.dadco.net\\\/wp-admin\\\/admin-ajax.php&quot;,&quot;infinite_scroll&quot;:0,&quot;max_num_pages&quot;:1,&quot;pagination&quot;:&quot;regular&quot;,&quot;template_vars&quot;:{&quot;columns&quot;:&quot;1&quot;,&quot;exclude_items&quot;:&quot;none&quot;,&quot;img_size&quot;:&quot;full&quot;,&quot;ignore_items_size&quot;:0,&quot;items_layout&quot;:&quot;14376&quot;,&quot;items_offset&quot;:&quot;1&quot;,&quot;load_animation&quot;:&quot;none&quot;,&quot;overriding_link&quot;:&quot;{\\&quot;url\\&quot;:\\&quot;\\&quot;}&quot;,&quot;post_id&quot;:0,&quot;query_args&quot;:{&quot;post_type&quot;:[&quot;post&quot;],&quot;tax_query&quot;:[{&quot;taxonomy&quot;:&quot;category&quot;,&quot;field&quot;:&quot;slug&quot;,&quot;terms&quot;:[&quot;monthly-updates&quot;]}],&quot;post_status&quot;:[&quot;publish&quot;,&quot;acf-disabled&quot;],&quot;posts_per_page&quot;:&quot;10&quot;},&quot;orderby_query_args&quot;:{&quot;orderby&quot;:{&quot;date&quot;:&quot;DESC&quot;}},&quot;type&quot;:&quot;grid&quot;,&quot;us_grid_ajax_index&quot;:1,&quot;us_grid_filter_params&quot;:[],&quot;us_grid_index&quot;:1,&quot;_us_grid_post_type&quot;:&quot;post&quot;,&quot;page_args&quot;:[],&quot;lang&quot;:&quot;de&quot;}}'><\/div>\r\n\t<\/div><\/div><\/div><\/div><\/div><\/div><\/section>\n","protected":false},"excerpt":{"rendered":"DADCO er\u00f6ffnet ein neues B\u00fcro in Brasilien. DADCO freut sich bekannt geben zu k\u00f6nnen, dass die Gesch\u00e4ftsbereiche dank eines neu er\u00f6ffneten B\u00fcros in Brasilien erweitert werden. DADCO FERRAMENTAS do BRASIL, mit sik in S\u00e3o Paulo. Das brasilianische B\u00fcro wird regional sowie \u00fcberregional unterst\u00fctzend f\u00fcr die Kunden t\u00e4tig sein. DADCO FERRAMENTAS do BRASIL is at Rua...","protected":false},"author":1,"featured_media":0,"parent":14253,"menu_order":5,"comment_status":"closed","ping_status":"closed","template":"","meta":{"footnotes":""},"class_list":["post-14392","page","type-page","status-publish","hentry"],"acf":[],"_links":{"self":[{"href":"https:\/\/www.dadco.net\/de\/wp-json\/wp\/v2\/pages\/14392","targetHints":{"allow":["GET"]}}],"collection":[{"href":"https:\/\/www.dadco.net\/de\/wp-json\/wp\/v2\/pages"}],"about":[{"href":"https:\/\/www.dadco.net\/de\/wp-json\/wp\/v2\/types\/page"}],"author":[{"embeddable":true,"href":"https:\/\/www.dadco.net\/de\/wp-json\/wp\/v2\/users\/1"}],"replies":[{"embeddable":true,"href":"https:\/\/www.dadco.net\/de\/wp-json\/wp\/v2\/comments?post=14392"}],"version-history":[{"count":5,"href":"https:\/\/www.dadco.net\/de\/wp-json\/wp\/v2\/pages\/14392\/revisions"}],"predecessor-version":[{"id":28715,"href":"https:\/\/www.dadco.net\/de\/wp-json\/wp\/v2\/pages\/14392\/revisions\/28715"}],"up":[{"embeddable":true,"href":"https:\/\/www.dadco.net\/de\/wp-json\/wp\/v2\/pages\/14253"}],"wp:attachment":[{"href":"https:\/\/www.dadco.net\/de\/wp-json\/wp\/v2\/media?parent=14392"}],"curies":[{"name":"wp","href":"https:\/\/api.w.org\/{rel}","templated":true}]}}