{"id":14313,"date":"2022-09-09T00:44:05","date_gmt":"2022-09-09T04:44:05","guid":{"rendered":"https:\/\/www.dadco.net\/produkte\/verbundsystem-komponenten\/"},"modified":"2026-03-31T14:52:37","modified_gmt":"2026-03-31T18:52:37","slug":"verbundsystem-komponenten","status":"publish","type":"page","link":"https:\/\/www.dadco.net\/de\/produkte\/verbundsystem-komponenten\/","title":{"rendered":"Verbundsystem"},"content":{"rendered":"<section class=\"l-section wpb_row height_auto\"><div class=\"l-section-h i-cf\"><div class=\"g-cols vc_row via_flex valign_top type_default stacking_default\"><div class=\"vc_col-sm-12 wpb_column vc_column_container\"><div class=\"vc_column-inner\"><div class=\"wpb_wrapper\"><div class=\"w-tabs style_default switch_click accordion\"><div class=\"w-tabs-sections titles-align_none icon_chevron cpos_right\"><div class=\"w-tabs-section active\" id=\"o0d0\"><button class=\"w-tabs-section-header active\" aria-controls=\"content-o0d0\" aria-expanded=\"true\"><h2 class=\"w-tabs-section-title\">Verbundsystem-Komponenten<\/h2><div class=\"w-tabs-section-control\"><\/div><\/button><div  class=\"w-tabs-section-content\" id=\"content-o0d0\"><div class=\"w-tabs-section-content-h i-cf\"><div class=\"g-cols wpb_row via_flex valign_top type_default stacking_default\"><div class=\"vc_col-sm-12 wpb_column vc_column_container\"><div class=\"vc_column-inner\"><div class=\"wpb_wrapper\"><div class=\"wpb_text_column\"><div class=\"wpb_wrapper\"><p><img loading=\"lazy\" decoding=\"async\" class=\"size-full wp-image-2371 alignright\" src=\"https:\/\/www.dadco.net\/wp-content\/uploads\/2013\/02\/linking_group1.jpg\" alt=\"\" width=\"157\" height=\"170\"><\/p>\n<h3>Stickstoff-Gasdruckfedern Verbundsystem-Komponenten<\/h3>\n<p>Verbundsystem zusammenstellen mit den diversen Armaturen, Schl\u00e4uchen und Kontroll-und Bedientafeln welche DADCO anbietet. Der Katalog Stickstoff-Gasdruckfedern \u201eVerbundsystem-Komponenten\u201c macht es einfach die entsprechenden Komponenten f\u00fcr ein Verbundsystem zusammen zu stellen. To further assist in linked system design use the <a title=\"DADCO Berechnungs-Programme\" href=\"https:\/\/www.dadco.net\/de\/produkte\/verbundsystem-komponenten\/\">DADCO Design Calculators<\/a> to determine your system force and pressure rise.<\/p>\n<\/div><\/div><div class=\"w-btn-wrapper align_none\"><a class=\"w-btn us-btn-style_1 icon_atleft\" target=\"_blank\" rel=\"nofollow\" href=\"https:\/\/www.dadco.net\/CDS\/catalog-de\/?page=search&amp;cid=nit_gas_spr_link_sys_comp\"><i class=\"fas fa-list\"><\/i><span class=\"w-btn-label\">Online Katalog<\/span><\/a><\/div><div class=\"w-btn-wrapper align_none\"><a class=\"w-btn us-btn-style_1 icon_atleft\" target=\"_blank\" href=\"https:\/\/www.dadco.net\/wp-content\/uploads\/2023\/06\/ger_linking_catalog.pdf\"><i class=\"fas fa-print\"><\/i><span class=\"w-btn-label\">PDF &#8211; Datei<\/span><\/a><\/div><\/div><\/div><\/div><\/div><div class=\"g-cols wpb_row via_flex valign_top type_default stacking_default\"><div class=\"vc_col-sm-12 wpb_column vc_column_container\"><div class=\"vc_column-inner\"><div class=\"wpb_wrapper\"><div class=\"wpb_text_column\"><div class=\"wpb_wrapper\"><p><img loading=\"lazy\" decoding=\"async\" class=\"size-full wp-image-458 alignright\" src=\"https:\/\/www.dadco.net\/wp-content\/uploads\/2013\/02\/sms_photo.jpg\" alt=\"\" width=\"157\" height=\"170\"><\/p>\n<h3>SMS und SMS-i<\/h3>\n<p>Kundenspezifische Verbundsysteme als Alternative zu Tankplatten Systemen: Sectional Mounting System (SMS<sup>\u00ae<\/sup>) und Verbundplatten System (SMS-i<sup>\u00ae<\/sup>). Beide Systeme sind Kosteng\u00fcnstiger, leichter und einfacher zu handhaben als herk\u00f6mmliche Tankplatten. Jedes SMS<sup>\u00ae<\/sup> oder SMS-i<sup>\u00ae<\/sup> wird nach Kundenwunsch gefertigt, auf Dichtheit gepr\u00fcft und fertig zum Einbau verschickt.<\/p>\n<\/div><\/div><div class=\"w-btn-wrapper align_none\"><a class=\"w-btn us-btn-style_1 icon_atleft\" target=\"_blank\" href=\"https:\/\/www.dadco.net\/wp-content\/uploads\/2023\/06\/german_sms_smsi_catalog.pdf\"><i class=\"fas fa-print\"><\/i><span class=\"w-btn-label\">PDF &#8211; Datei<\/span><\/a><\/div><\/div><\/div><\/div><\/div><div class=\"g-cols wpb_row via_flex valign_top type_default stacking_default\"><div class=\"vc_col-sm-12 wpb_column vc_column_container\"><div class=\"vc_column-inner\"><div class=\"wpb_wrapper\"><div class=\"wpb_text_column\"><div class=\"wpb_wrapper\"><h3>Stickstoff-Gas-Booster<\/h3>\n<p><img loading=\"lazy\" decoding=\"async\" class=\"wp-image-33819 alignright\" src=\"https:\/\/www.dadco.net\/wp-content\/uploads\/2026\/03\/dgb160image-225x300.gif\" alt=\"\" width=\"210\" height=\"280\" srcset=\"https:\/\/www.dadco.net\/wp-content\/uploads\/2026\/03\/dgb160image-225x300.gif 225w, https:\/\/www.dadco.net\/wp-content\/uploads\/2026\/03\/dgb160image-768x1024.gif 768w\" sizes=\"auto, (max-width: 210px) 100vw, 210px\" \/>Der neue Stickstoffgas-Booster DGB.160 von DADCO ist eine leichte und wirtschaftliche M\u00f6glichkeit, die Lebensdauer von Stickstoffversorgungstanks zu verl\u00e4ngern.<br \/>\nMit dem DGB.160 k\u00f6nnen Niederdrucktanks auf den f\u00fcr die Gasfederbef\u00fcllung geeigneten Hochdruck gebracht werden. Die Kombination des DGB.160 mit einem DADCO-Ausgleichsbeh\u00e4lter zu einer Zusatztankkonfiguration verbessert die Mobilit\u00e4t von Stickstoffgas-Bef\u00fcllungsanlagen.<\/p>\n<\/div><\/div><div class=\"w-btn-wrapper align_none\"><a class=\"w-btn us-btn-style_1 icon_atleft\" target=\"_blank\" rel=\"nofollow\" href=\"https:\/\/www.dadco.net\/wp-content\/uploads\/2026\/03\/german_dgb.160_bulletin.pdf\"><i class=\"fas fa-print\"><\/i><span class=\"w-btn-label\">PDF &#8211; Datei<\/span><\/a><\/div><\/div><\/div><\/div><\/div><\/div><\/div><\/div><\/div><\/div><\/div><\/div><\/div><\/div><\/div><\/section>\n","protected":false},"excerpt":{"rendered":"Verbundsystem-Komponenten Stickstoff-Gasdruckfedern Verbundsystem-Komponenten Verbundsystem zusammenstellen mit den diversen Armaturen, Schl\u00e4uchen und Kontroll-und Bedientafeln welche DADCO anbietet. Der Katalog Stickstoff-Gasdruckfedern \u201eVerbundsystem-Komponenten\u201c macht es einfach die entsprechenden Komponenten f\u00fcr ein Verbundsystem zusammen zu stellen. To further assist in linked system design use the DADCO Design Calculators to determine your system force and pressure rise. Online KatalogPDF &#8211;...","protected":false},"author":1,"featured_media":0,"parent":14282,"menu_order":2,"comment_status":"closed","ping_status":"closed","template":"","meta":{"footnotes":""},"class_list":["post-14313","page","type-page","status-publish","hentry"],"acf":[],"_links":{"self":[{"href":"https:\/\/www.dadco.net\/de\/wp-json\/wp\/v2\/pages\/14313","targetHints":{"allow":["GET"]}}],"collection":[{"href":"https:\/\/www.dadco.net\/de\/wp-json\/wp\/v2\/pages"}],"about":[{"href":"https:\/\/www.dadco.net\/de\/wp-json\/wp\/v2\/types\/page"}],"author":[{"embeddable":true,"href":"https:\/\/www.dadco.net\/de\/wp-json\/wp\/v2\/users\/1"}],"replies":[{"embeddable":true,"href":"https:\/\/www.dadco.net\/de\/wp-json\/wp\/v2\/comments?post=14313"}],"version-history":[{"count":20,"href":"https:\/\/www.dadco.net\/de\/wp-json\/wp\/v2\/pages\/14313\/revisions"}],"predecessor-version":[{"id":33857,"href":"https:\/\/www.dadco.net\/de\/wp-json\/wp\/v2\/pages\/14313\/revisions\/33857"}],"up":[{"embeddable":true,"href":"https:\/\/www.dadco.net\/de\/wp-json\/wp\/v2\/pages\/14282"}],"wp:attachment":[{"href":"https:\/\/www.dadco.net\/de\/wp-json\/wp\/v2\/media?parent=14313"}],"curies":[{"name":"wp","href":"https:\/\/api.w.org\/{rel}","templated":true}]}}