{"id":14276,"date":"2022-09-02T14:39:38","date_gmt":"2022-09-02T18:39:38","guid":{"rendered":"https:\/\/www.dadco.net\/wer-wir-sind\/qualitaetssicherheit\/"},"modified":"2024-11-07T14:03:48","modified_gmt":"2024-11-07T19:03:48","slug":"qualitaetssicherheit","status":"publish","type":"page","link":"https:\/\/www.dadco.net\/de\/wer-wir-sind\/qualitaetssicherheit\/","title":{"rendered":"Qualit\u00e4tssicherung"},"content":{"rendered":"<section class=\"l-section wpb_row height_auto\"><div class=\"l-section-h i-cf\"><div class=\"g-cols vc_row via_flex valign_top type_default stacking_default\"><div class=\"vc_col-sm-12 wpb_column vc_column_container\"><div class=\"vc_column-inner\"><div class=\"wpb_wrapper\"><div class=\"wpb_text_column\"><div class=\"wpb_wrapper\"><p>DADCO hat sich der Qualit\u00e4t verschrieben. DADCO ist nach ISO 9001:2015 zertifiziert und stellt sicher, dass alle Prozesse, die sich auf die Produktqualit\u00e4t auswirken, einwandfrei durchgef\u00fchrt werden. In Zusammenarbeit mit unseren Kunden und Lieferanten verfolgen wir h\u00f6chste Qualit\u00e4tsstandards f\u00fcr alle Produkt und jede Dienstleistung, die wir anbieten. Die Produkte von DADCO entsprechen der europ\u00e4ischen Druckger\u00e4terichtlinie 2014\/68\/EU und sind weltweit in den Normen f\u00fcr Automobilwerkzeuge gelistet.<\/p>\n<p>Wir sind \u00fcberzeugt, dass unsere Produkte in Ihren Anwendungen zuverl\u00e4ssig eingesetzt werden k\u00f6nnen. Wir gew\u00e4hren eine Garantie (auf Material + Herstellung) von einem Jahr ab Fertigungsdatum. Dar\u00fcber hinaus wird bei vielen unserer Gasdruckfedern eine 1 Jahr \/ 1 Million Hub Garantie* gew\u00e4hrt.<i> <\/i>F\u00fcr die L-Serie gilt eine schriftliche Select-Garantie* von zwei Jahren und 2 Millionen H\u00fcben.<\/p>\n<h2>Zertifikate<\/h2>\n<p>*Kopie f\u00fcr Details anfordern.<\/p>\n<\/div><\/div><div class=\"w-hwrapper valign_top align_none\"><div class=\"w-image align_none\"><a href=\"https:\/\/www.dadco.net\/wp-content\/uploads\/2024\/03\/quality_cert.pdf  \" aria-label=\"quality_cert\" class=\"w-image-h\"><img loading=\"lazy\" decoding=\"async\" width=\"150\" height=\"150\" src=\"https:\/\/www.dadco.net\/wp-content\/uploads\/2024\/03\/quality_cert-e1711388974630-150x150.jpg\" class=\"attachment-thumbnail size-thumbnail\" alt=\"\" \/><\/a><\/div><div class=\"w-image align_none\"><a href=\"https:\/\/www.dadco.net\/wp-content\/uploads\/2022\/09\/select_guarantee_certificate.pdf\" aria-label=\"select_guarantee\" class=\"w-image-h\"><img loading=\"lazy\" decoding=\"async\" width=\"216\" height=\"166\" src=\"https:\/\/www.dadco.net\/wp-content\/uploads\/2022\/09\/select_guarantee.jpeg\" class=\"attachment-large size-large\" alt=\"\" \/><\/a><\/div><div class=\"w-image align_none\"><a href=\"https:\/\/www.dadco.net\/wp-content\/uploads\/2022\/09\/gold_guarantee_certificate.pdf\" aria-label=\"gold\" class=\"w-image-h\"><img loading=\"lazy\" decoding=\"async\" width=\"216\" height=\"166\" src=\"https:\/\/www.dadco.net\/wp-content\/uploads\/2022\/09\/gold.jpeg\" class=\"attachment-large size-large\" alt=\"\" \/><\/a><\/div><\/div><\/div><\/div><\/div><\/div><\/div><\/section>\n","protected":false},"excerpt":{"rendered":"DADCO hat sich der Qualit\u00e4t verschrieben. DADCO ist nach ISO 9001:2015 zertifiziert und stellt sicher, dass alle Prozesse, die sich auf die Produktqualit\u00e4t auswirken, einwandfrei durchgef\u00fchrt werden. In Zusammenarbeit mit unseren Kunden und Lieferanten verfolgen wir h\u00f6chste Qualit\u00e4tsstandards f\u00fcr alle Produkt und jede Dienstleistung, die wir anbieten. Die Produkte von DADCO entsprechen der europ\u00e4ischen Druckger\u00e4terichtlinie...","protected":false},"author":1,"featured_media":0,"parent":14253,"menu_order":4,"comment_status":"closed","ping_status":"closed","template":"","meta":{"footnotes":""},"class_list":["post-14276","page","type-page","status-publish","hentry"],"acf":[],"_links":{"self":[{"href":"https:\/\/www.dadco.net\/de\/wp-json\/wp\/v2\/pages\/14276","targetHints":{"allow":["GET"]}}],"collection":[{"href":"https:\/\/www.dadco.net\/de\/wp-json\/wp\/v2\/pages"}],"about":[{"href":"https:\/\/www.dadco.net\/de\/wp-json\/wp\/v2\/types\/page"}],"author":[{"embeddable":true,"href":"https:\/\/www.dadco.net\/de\/wp-json\/wp\/v2\/users\/1"}],"replies":[{"embeddable":true,"href":"https:\/\/www.dadco.net\/de\/wp-json\/wp\/v2\/comments?post=14276"}],"version-history":[{"count":5,"href":"https:\/\/www.dadco.net\/de\/wp-json\/wp\/v2\/pages\/14276\/revisions"}],"predecessor-version":[{"id":32314,"href":"https:\/\/www.dadco.net\/de\/wp-json\/wp\/v2\/pages\/14276\/revisions\/32314"}],"up":[{"embeddable":true,"href":"https:\/\/www.dadco.net\/de\/wp-json\/wp\/v2\/pages\/14253"}],"wp:attachment":[{"href":"https:\/\/www.dadco.net\/de\/wp-json\/wp\/v2\/media?parent=14276"}],"curies":[{"name":"wp","href":"https:\/\/api.w.org\/{rel}","templated":true}]}}