{"id":14270,"date":"2022-09-02T14:33:23","date_gmt":"2022-09-02T18:33:23","guid":{"rendered":"https:\/\/www.dadco.net\/wer-wir-sind\/fortschrittliche-loesunge\/"},"modified":"2026-02-13T14:27:03","modified_gmt":"2026-02-13T19:27:03","slug":"fortschrittliche-loesunge","status":"publish","type":"page","link":"https:\/\/www.dadco.net\/de\/wer-wir-sind\/fortschrittliche-loesunge\/","title":{"rendered":"Fortschrittliche L\u00f6sungen"},"content":{"rendered":"<section class=\"l-section wpb_row height_auto\"><div class=\"l-section-h i-cf\"><div class=\"g-cols vc_row via_flex valign_top type_default stacking_default\"><div class=\"vc_col-sm-12 wpb_column vc_column_container\"><div class=\"vc_column-inner\"><div class=\"wpb_wrapper\"><div class=\"wpb_text_column\"><div class=\"wpb_wrapper\"><p>DADCO\u2019s engagiertes Ingenieurteam ist bestrebt, Ma\u00dfst\u00e4be in der Umformtechnik zu setzen. Unsere Produktentwickler nutzen modernste Software und ein RD-Labor um kontinuierlich innovative Produkte zu entwickeln. Unsere Innovationskraft wird durch eine Vielzahl laufender und angemeldeter Patente belegt. Das Fachwissen unserer technischen Spezialisten und Ingenieure steht unseren Kunden f\u00fcr innovative L\u00f6sungen und schwierige Anwendungen zur Verf\u00fcgung. Um Anwendungsprobleme effektiv zu l\u00f6sen k\u00f6nnen auch gerne Besuche vor Ort vereinbart werden.<\/p>\n<p>&nbsp;<\/p>\n<p><a href=\"https:\/\/www.dadco.net\/wp-content\/uploads\/2024\/09\/German_Corporate-Image-Brochure_2024-Final.pdf\"><img loading=\"lazy\" decoding=\"async\" class=\"alignleft wp-image-31620\" src=\"https:\/\/www.dadco.net\/wp-content\/uploads\/2024\/08\/Corporate-Image-Brochure_2024-Cover-212x300.jpg\" alt=\"\" width=\"211\" height=\"299\" srcset=\"https:\/\/www.dadco.net\/wp-content\/uploads\/2024\/08\/Corporate-Image-Brochure_2024-Cover-212x300.jpg 212w, https:\/\/www.dadco.net\/wp-content\/uploads\/2024\/08\/Corporate-Image-Brochure_2024-Cover.jpg 595w\" sizes=\"auto, (max-width: 211px) 100vw, 211px\" \/><\/a><\/p>\n<\/div><\/div><div class=\"wpb_text_column\"><div class=\"wpb_wrapper\"><p><a href=\"https:\/\/www.dadco.net\/wp-content\/uploads\/2013\/02\/line_car_11.pdf\"><img loading=\"lazy\" decoding=\"async\" class=\"alignnone size-medium wp-image-33641\" src=\"https:\/\/www.dadco.net\/wp-content\/uploads\/2026\/02\/linecardimage-300x300.png\" alt=\"\" width=\"300\" height=\"300\" srcset=\"https:\/\/www.dadco.net\/wp-content\/uploads\/2026\/02\/linecardimage-300x300.png 300w, https:\/\/www.dadco.net\/wp-content\/uploads\/2026\/02\/linecardimage-150x150.png 150w, https:\/\/www.dadco.net\/wp-content\/uploads\/2026\/02\/linecardimage.png 652w\" sizes=\"auto, (max-width: 300px) 100vw, 300px\" \/><\/a><\/p>\n<\/div><\/div><\/div><\/div><\/div><\/div><\/div><\/section>\n","protected":false},"excerpt":{"rendered":"DADCO\u2019s engagiertes Ingenieurteam ist bestrebt, Ma\u00dfst\u00e4be in der Umformtechnik zu setzen. Unsere Produktentwickler nutzen modernste Software und ein RD-Labor um kontinuierlich innovative Produkte zu entwickeln. Unsere Innovationskraft wird durch eine Vielzahl laufender und angemeldeter Patente belegt. Das Fachwissen unserer technischen Spezialisten und Ingenieure steht unseren Kunden f\u00fcr innovative L\u00f6sungen und schwierige Anwendungen zur Verf\u00fcgung. Um...","protected":false},"author":1,"featured_media":14117,"parent":14253,"menu_order":2,"comment_status":"closed","ping_status":"closed","template":"","meta":{"footnotes":""},"class_list":["post-14270","page","type-page","status-publish","has-post-thumbnail","hentry"],"acf":[],"_links":{"self":[{"href":"https:\/\/www.dadco.net\/de\/wp-json\/wp\/v2\/pages\/14270","targetHints":{"allow":["GET"]}}],"collection":[{"href":"https:\/\/www.dadco.net\/de\/wp-json\/wp\/v2\/pages"}],"about":[{"href":"https:\/\/www.dadco.net\/de\/wp-json\/wp\/v2\/types\/page"}],"author":[{"embeddable":true,"href":"https:\/\/www.dadco.net\/de\/wp-json\/wp\/v2\/users\/1"}],"replies":[{"embeddable":true,"href":"https:\/\/www.dadco.net\/de\/wp-json\/wp\/v2\/comments?post=14270"}],"version-history":[{"count":7,"href":"https:\/\/www.dadco.net\/de\/wp-json\/wp\/v2\/pages\/14270\/revisions"}],"predecessor-version":[{"id":33656,"href":"https:\/\/www.dadco.net\/de\/wp-json\/wp\/v2\/pages\/14270\/revisions\/33656"}],"up":[{"embeddable":true,"href":"https:\/\/www.dadco.net\/de\/wp-json\/wp\/v2\/pages\/14253"}],"wp:featuredmedia":[{"embeddable":true,"href":"https:\/\/www.dadco.net\/de\/wp-json\/wp\/v2\/media\/14117"}],"wp:attachment":[{"href":"https:\/\/www.dadco.net\/de\/wp-json\/wp\/v2\/media?parent=14270"}],"curies":[{"name":"wp","href":"https:\/\/api.w.org\/{rel}","templated":true}]}}