{"id":14253,"date":"2022-09-01T15:31:28","date_gmt":"2022-09-01T19:31:28","guid":{"rendered":"https:\/\/www.dadco.net\/wer-wir-sind\/"},"modified":"2024-01-08T11:47:46","modified_gmt":"2024-01-08T16:47:46","slug":"wer-wir-sind","status":"publish","type":"page","link":"https:\/\/www.dadco.net\/de\/wer-wir-sind\/","title":{"rendered":"Wer Sind Wir"},"content":{"rendered":"<section class=\"l-section wpb_row height_auto\"><div class=\"l-section-h i-cf\"><div class=\"g-cols vc_row via_flex valign_top type_default stacking_default\"><div class=\"vc_col-sm-12 wpb_column vc_column_container\"><div class=\"vc_column-inner\"><div class=\"wpb_wrapper\"><div class=\"wpb_text_column\"><div class=\"wpb_wrapper\"><p>Wir sind weltweit f\u00fchrend in der Stickstoff-Gasdruckfedertechnologie. Eine Zusammenarbeit mit uns steht f\u00fcr fortschrittliche L\u00f6sungen Ihrer Werkzeug Anforderungen. Wir konzentrieren uns auf die Bereitstellung erstklassiger Produkte, fachkundigen technischen Support und einen hervorragenden Kundendienst. Im Mittelpunkt unseres Handelns steht unser Engagement f\u00fcr unsere Kunden, zu denen namhaften Werkzeugbauer, moderne Stanzwerke und Automobilhersteller auf der ganzen Welt geh\u00f6ren. Stetige Innovation und das Bestreben nach Verbesserung sind Grundlage der DADCO Philosophie.<\/p>\n<p>DADCO hat seinen Hauptsitz in Plymouth, Michigan und verf\u00fcgt weltweit \u00fcber zehn direkte Niederlassungen. Unsere strategisch g\u00fcnstig gelegenen DADCO-Niederlassungen werden durch ein umfangreiches H\u00e4ndlernetz erg\u00e4nzt, um unsere Kunden vor Ort in allen Bereichen zu unterst\u00fctzen. Egal wo Sie oder Ihr Kunde ans\u00e4ssig sind, DADCO kann Sie unterst\u00fctzen. Seit unserer Gr\u00fcndung im Jahr 1958 ist es unser Ziel, Produkte von h\u00f6chster Qualit\u00e4t zu liefern. Zus\u00e4tzlich zu unserem umfangreichen Angebot an Gasdruckfedern- und Anheber, bieten wir ISO Pneumatikylindern, hydraulischer Kernstift Zylinder und Sonderl\u00f6sungen an.<\/p>\n<\/div><\/div><\/div><\/div><\/div><\/div><\/div><\/section>\n","protected":false},"excerpt":{"rendered":"Wir sind weltweit f\u00fchrend in der Stickstoff-Gasdruckfedertechnologie. Eine Zusammenarbeit mit uns steht f\u00fcr fortschrittliche L\u00f6sungen Ihrer Werkzeug Anforderungen. Wir konzentrieren uns auf die Bereitstellung erstklassiger Produkte, fachkundigen technischen Support und einen hervorragenden Kundendienst. Im Mittelpunkt unseres Handelns steht unser Engagement f\u00fcr unsere Kunden, zu denen namhaften Werkzeugbauer, moderne Stanzwerke und Automobilhersteller auf der ganzen Welt...","protected":false},"author":1,"featured_media":13853,"parent":0,"menu_order":0,"comment_status":"closed","ping_status":"closed","template":"","meta":{"footnotes":""},"class_list":["post-14253","page","type-page","status-publish","has-post-thumbnail","hentry"],"acf":[],"_links":{"self":[{"href":"https:\/\/www.dadco.net\/de\/wp-json\/wp\/v2\/pages\/14253","targetHints":{"allow":["GET"]}}],"collection":[{"href":"https:\/\/www.dadco.net\/de\/wp-json\/wp\/v2\/pages"}],"about":[{"href":"https:\/\/www.dadco.net\/de\/wp-json\/wp\/v2\/types\/page"}],"author":[{"embeddable":true,"href":"https:\/\/www.dadco.net\/de\/wp-json\/wp\/v2\/users\/1"}],"replies":[{"embeddable":true,"href":"https:\/\/www.dadco.net\/de\/wp-json\/wp\/v2\/comments?post=14253"}],"version-history":[{"count":5,"href":"https:\/\/www.dadco.net\/de\/wp-json\/wp\/v2\/pages\/14253\/revisions"}],"predecessor-version":[{"id":30693,"href":"https:\/\/www.dadco.net\/de\/wp-json\/wp\/v2\/pages\/14253\/revisions\/30693"}],"wp:featuredmedia":[{"embeddable":true,"href":"https:\/\/www.dadco.net\/de\/wp-json\/wp\/v2\/media\/13853"}],"wp:attachment":[{"href":"https:\/\/www.dadco.net\/de\/wp-json\/wp\/v2\/media?parent=14253"}],"curies":[{"name":"wp","href":"https:\/\/api.w.org\/{rel}","templated":true}]}}